{"id":69958,"date":"2024-09-17T10:04:50","date_gmt":"2024-09-17T08:04:50","guid":{"rendered":"https:\/\/www.unitus.it\/?page_id=69958"},"modified":"2024-09-17T10:09:12","modified_gmt":"2024-09-17T08:09:12","slug":"sunrise","status":"publish","type":"page","link":"https:\/\/www.unitus.it\/en\/research\/progetti-di-ricerca\/sunrise\/","title":{"rendered":"SUNRISE"},"content":{"rendered":"<h3><img loading=\"lazy\" decoding=\"async\" class=\"alignnone wp-image-69942\" src=\"https:\/\/www.unitus.it\/wp-content\/uploads\/2024\/09\/Clipboard_09-17-2024_03-300x47.jpg\" alt=\"\" width=\"491\" height=\"77\" srcset=\"https:\/\/www.unitus.it\/wp-content\/uploads\/2024\/09\/Clipboard_09-17-2024_03-300x47.jpg 300w, https:\/\/www.unitus.it\/wp-content\/uploads\/2024\/09\/Clipboard_09-17-2024_03.jpg 643w\" sizes=\"auto, (max-width: 491px) 100vw, 491px\" \/><\/h3>\n<h3><b>Sustainable Urban areas by Nature-based solutions implementation to mitigate climate impacts and achieve a Resilient, Innovative and Smart Environment<\/b><\/h3>\n<p><b>SUNRISE<\/b><\/p>\n<p>&nbsp;<\/p>\n<p><b>ABSTRACT<\/b><\/p>\n<p><span style=\"font-weight: 400;\">The University of Tuscia is participating in the project &#8220;SUNRISE &#8211; Sustainable Urban areas by Nature-based solutions implementation to mitigate climate impacts and achieve a Resilient, Innovative and Smart Environment&#8221;, funded with a total of 400,000 euros by the PNRR under the theme &#8220;Experimentation, testing, and monitoring of Nature-Based Solutions for mitigating climate impacts in urban areas.&#8221;\u00a0\u00a0<\/span><\/p>\n<p><span style=\"font-weight: 400;\">The lead institution of SUNRISE will be the University of Calabria, and partners will include the Universities of Messina, Catania, Campania Vanvitelli, Parthenope, Brescia, Pavia, Trieste, Basilicata, and Unitus DAFNE. Specifically, the University of Tuscia will focus on evaluating the effectiveness of different vegetative covers in mitigating soil erosion and reducing surface runoff, as well as investigating the efficacy of various types of green roofs in intercepting and retaining rainwater in urban and peri-urban contexts.\u00a0\u00a0<\/span><\/p>\n<p><span style=\"font-weight: 400;\">This research will be made possible through specialized experimental equipment at the University of Tuscia&#8217;s Experimental Farm, within the MecHydroLab plot. The scientific coordinator of the project will be Professor Andrea Petroselli from the DAFNE Department.<\/span><\/p>\n<p>&nbsp;<\/p>\n<p><span style=\"font-weight: 400;\">Identification Code: <\/span><span style=\"font-weight: 400;\">&#8211;<\/span><\/p>\n<p><span style=\"font-weight: 400;\">Total project cost: 400.000 euro<\/span><\/p>\n<p><span style=\"font-weight: 400;\">Total cost DAFNE: 26.000 euro<\/span><\/p>\n<p><span style=\"font-weight: 400;\">DAFNE Role: Operational Unit<\/span><span style=\"font-weight: 400;\"><br \/>\n<\/span><span style=\"font-weight: 400;\">Scientific Supervisor DAFNE: Prof. Andrea Petroselli\u00a0<\/span><\/p>\n<p>Email: <a href=\"mailto:petro@unitus.it\"><span style=\"font-weight: 400;\">petro@unitus.it<\/span><\/a><\/p>\n<p><span style=\"font-weight: 400;\">Start date: 03\/09\/2024<\/span><\/p>\n<p><span style=\"font-weight: 400;\">End date: 02\/02\/2026<\/span><\/p>\n<p>&nbsp;<\/p>\n<p><b>LINK<\/b><\/p>\n<p><span style=\"font-weight: 400;\">&#8211;<\/span><\/p>\n<p><span style=\"font-weight: 400;\">PARTNERSHIP<\/span><\/p>\n<p><span style=\"font-weight: 400;\">Universit\u00e0 della Calabria, Universit\u00e0 degli Studi della Basilicata, Universit\u00e0 degli Studi di Brescia, Universit\u00e0 della Campania &#8216;Luigi Vanvitelli&#8217;, Universit\u00e0 degli Studi di Catania, Universit\u00e0 degli Studi di Messina, Universit\u00e0 degli Studi di Napoli Parthenope, Universit\u00e0 degli Studi di Pavia, Universit\u00e0 degli Studi di Trieste e Universit\u00e0 degli Studi della Tuscia<\/span><\/p>\n<p>&nbsp;<\/p>\n<p><img loading=\"lazy\" decoding=\"async\" class=\"alignnone size-full wp-image-65820\" src=\"https:\/\/www.unitus.it\/wp-content\/uploads\/2024\/08\/Clipboard_08-26-2024_09.jpg\" alt=\"\" width=\"95\" height=\"63\" \/>\u00a0 <a href=\"https:\/\/european-union.europa.eu\/select-language?destination=\/node\/1\"><span style=\"font-weight: 400;\">Your gateway to the EU, News, Highlights<\/span><\/a><span style=\"font-weight: 400;\"> | European Union<\/span><span style=\"font-weight: 400;\"><br \/>\n<\/span><span style=\"font-weight: 400;\">Discover how the EU functions, its principles, priorities; find out about its history and member countries; learn about its legal basis and your EU rights.<\/span><span style=\"font-weight: 400;\"><br \/>\n<\/span><a href=\"http:\/\/www.europa.eu\"><span style=\"font-weight: 400;\">www.europa.eu<\/span><\/a><\/p>\n","protected":false},"excerpt":{"rendered":"<p>Sustainable Urban areas by Nature-based solutions implementation to mitigate climate impacts and achieve a Resilient, Innovative and Smart Environment SUNRISE &nbsp; ABSTRACT The University of Tuscia is participating in the [&hellip;]<\/p>\n","protected":false},"author":28,"featured_media":0,"parent":5652,"menu_order":79,"comment_status":"closed","ping_status":"closed","template":"","meta":{"_acf_changed":false,"_price":"","_stock":"","_tribe_ticket_header":"","_tribe_default_ticket_provider":"","_tribe_ticket_capacity":"","_ticket_start_date":"","_ticket_end_date":"","_tribe_ticket_show_description":"","_tribe_ticket_show_not_going":false,"_tribe_ticket_use_global_stock":"","_tribe_ticket_global_stock_level":"","_global_stock_mode":"","_global_stock_cap":"","_tribe_rsvp_for_event":"","_tribe_ticket_going_count":"","_tribe_ticket_not_going_count":"","_tribe_tickets_list":"[]","_tribe_ticket_has_attendee_info_fields":false,"footnotes":""},"ppma_author":[89],"class_list":["post-69958","page","type-page","status-publish","hentry"],"acf":[],"yoast_head":"<!-- This site is optimized with the Yoast SEO plugin v27.2 - https:\/\/yoast.com\/product\/yoast-seo-wordpress\/ -->\n<title>SUNRISE - Unitus<\/title>\n<meta name=\"robots\" content=\"index, follow, max-snippet:-1, max-image-preview:large, max-video-preview:-1\" \/>\n<link rel=\"canonical\" href=\"https:\/\/www.unitus.it\/en\/research\/progetti-di-ricerca\/sunrise\/\" \/>\n<meta property=\"og:locale\" content=\"en_US\" \/>\n<meta property=\"og:type\" content=\"article\" \/>\n<meta property=\"og:title\" content=\"SUNRISE - Unitus\" \/>\n<meta property=\"og:description\" content=\"Sustainable Urban areas by Nature-based solutions implementation to mitigate climate impacts and achieve a Resilient, Innovative and Smart Environment SUNRISE &nbsp; ABSTRACT The University of Tuscia is participating in the [&hellip;]\" \/>\n<meta property=\"og:url\" content=\"https:\/\/www.unitus.it\/en\/research\/progetti-di-ricerca\/sunrise\/\" \/>\n<meta property=\"og:site_name\" content=\"Unitus\" \/>\n<meta property=\"article:publisher\" content=\"https:\/\/www.facebook.com\/universitadeglistudidellatuscia\/\" \/>\n<meta property=\"article:modified_time\" content=\"2024-09-17T08:09:12+00:00\" \/>\n<meta property=\"og:image\" content=\"https:\/\/www.unitus.it\/wp-content\/uploads\/2024\/09\/Clipboard_09-17-2024_03-300x47.jpg\" \/>\n<meta name=\"twitter:card\" content=\"summary_large_image\" \/>\n<meta name=\"twitter:label1\" content=\"Est. reading time\" \/>\n\t<meta name=\"twitter:data1\" content=\"3 minutes\" \/>\n<!-- \/ Yoast SEO plugin. -->","yoast_head_json":{"title":"SUNRISE - Unitus","robots":{"index":"index","follow":"follow","max-snippet":"max-snippet:-1","max-image-preview":"max-image-preview:large","max-video-preview":"max-video-preview:-1"},"canonical":"https:\/\/www.unitus.it\/en\/research\/progetti-di-ricerca\/sunrise\/","og_locale":"en_US","og_type":"article","og_title":"SUNRISE - Unitus","og_description":"Sustainable Urban areas by Nature-based solutions implementation to mitigate climate impacts and achieve a Resilient, Innovative and Smart Environment SUNRISE &nbsp; ABSTRACT The University of Tuscia is participating in the [&hellip;]","og_url":"https:\/\/www.unitus.it\/en\/research\/progetti-di-ricerca\/sunrise\/","og_site_name":"Unitus","article_publisher":"https:\/\/www.facebook.com\/universitadeglistudidellatuscia\/","article_modified_time":"2024-09-17T08:09:12+00:00","og_image":[{"url":"https:\/\/www.unitus.it\/wp-content\/uploads\/2024\/09\/Clipboard_09-17-2024_03-300x47.jpg","type":"","width":"","height":""}],"twitter_card":"summary_large_image","twitter_misc":{"Est. reading time":"3 minutes"},"schema":{"@context":"https:\/\/schema.org","@graph":[{"@type":"WebPage","@id":"https:\/\/www.unitus.it\/en\/research\/progetti-di-ricerca\/sunrise\/","url":"https:\/\/www.unitus.it\/en\/research\/progetti-di-ricerca\/sunrise\/","name":"SUNRISE - Unitus","isPartOf":{"@id":"https:\/\/www.unitus.it\/#website"},"primaryImageOfPage":{"@id":"https:\/\/www.unitus.it\/en\/research\/progetti-di-ricerca\/sunrise\/#primaryimage"},"image":{"@id":"https:\/\/www.unitus.it\/en\/research\/progetti-di-ricerca\/sunrise\/#primaryimage"},"thumbnailUrl":"https:\/\/www.unitus.it\/wp-content\/uploads\/2024\/09\/Clipboard_09-17-2024_03-300x47.jpg","datePublished":"2024-09-17T08:04:50+00:00","dateModified":"2024-09-17T08:09:12+00:00","breadcrumb":{"@id":"https:\/\/www.unitus.it\/en\/research\/progetti-di-ricerca\/sunrise\/#breadcrumb"},"inLanguage":"en-US","potentialAction":[{"@type":"ReadAction","target":["https:\/\/www.unitus.it\/en\/research\/progetti-di-ricerca\/sunrise\/"]}]},{"@type":"ImageObject","inLanguage":"en-US","@id":"https:\/\/www.unitus.it\/en\/research\/progetti-di-ricerca\/sunrise\/#primaryimage","url":"https:\/\/www.unitus.it\/wp-content\/uploads\/2024\/09\/Clipboard_09-17-2024_03-300x47.jpg","contentUrl":"https:\/\/www.unitus.it\/wp-content\/uploads\/2024\/09\/Clipboard_09-17-2024_03-300x47.jpg"},{"@type":"BreadcrumbList","@id":"https:\/\/www.unitus.it\/en\/research\/progetti-di-ricerca\/sunrise\/#breadcrumb","itemListElement":[{"@type":"ListItem","position":1,"name":"Home","item":"https:\/\/www.unitus.it\/en\/"},{"@type":"ListItem","position":2,"name":"Research","item":"https:\/\/www.unitus.it\/en\/research\/"},{"@type":"ListItem","position":3,"name":"Progetti di Ricerca","item":"https:\/\/www.unitus.it\/en\/research\/progetti-di-ricerca\/"},{"@type":"ListItem","position":4,"name":"SUNRISE"}]},{"@type":"WebSite","@id":"https:\/\/www.unitus.it\/#website","url":"https:\/\/www.unitus.it\/","name":"Unitus","description":"","publisher":{"@id":"https:\/\/www.unitus.it\/#organization"},"potentialAction":[{"@type":"SearchAction","target":{"@type":"EntryPoint","urlTemplate":"https:\/\/www.unitus.it\/?s={search_term_string}"},"query-input":{"@type":"PropertyValueSpecification","valueRequired":true,"valueName":"search_term_string"}}],"inLanguage":"en-US"},{"@type":"Organization","@id":"https:\/\/www.unitus.it\/#organization","name":"Universit\u00e0 degli Studi della Tuscia","alternateName":"Unitus","url":"https:\/\/www.unitus.it\/","logo":{"@type":"ImageObject","inLanguage":"en-US","@id":"https:\/\/www.unitus.it\/#\/schema\/logo\/image\/","url":"https:\/\/www.unitus.it\/wp-content\/uploads\/2022\/04\/unitus_marchio_2020_tagliato.png","contentUrl":"https:\/\/www.unitus.it\/wp-content\/uploads\/2022\/04\/unitus_marchio_2020_tagliato.png","width":1708,"height":660,"caption":"Universit\u00e0 degli Studi della Tuscia"},"image":{"@id":"https:\/\/www.unitus.it\/#\/schema\/logo\/image\/"},"sameAs":["https:\/\/www.facebook.com\/universitadeglistudidellatuscia\/"]}]}},"_links":{"self":[{"href":"https:\/\/www.unitus.it\/en\/wp-json\/wp\/v2\/pages\/69958","targetHints":{"allow":["GET"]}}],"collection":[{"href":"https:\/\/www.unitus.it\/en\/wp-json\/wp\/v2\/pages"}],"about":[{"href":"https:\/\/www.unitus.it\/en\/wp-json\/wp\/v2\/types\/page"}],"author":[{"embeddable":true,"href":"https:\/\/www.unitus.it\/en\/wp-json\/wp\/v2\/users\/28"}],"replies":[{"embeddable":true,"href":"https:\/\/www.unitus.it\/en\/wp-json\/wp\/v2\/comments?post=69958"}],"version-history":[{"count":0,"href":"https:\/\/www.unitus.it\/en\/wp-json\/wp\/v2\/pages\/69958\/revisions"}],"up":[{"embeddable":true,"href":"https:\/\/www.unitus.it\/en\/wp-json\/wp\/v2\/pages\/5652"}],"wp:attachment":[{"href":"https:\/\/www.unitus.it\/en\/wp-json\/wp\/v2\/media?parent=69958"}],"wp:term":[{"taxonomy":"author","embeddable":true,"href":"https:\/\/www.unitus.it\/en\/wp-json\/wp\/v2\/ppma_author?post=69958"}],"curies":[{"name":"wp","href":"https:\/\/api.w.org\/{rel}","templated":true}]}}