{"id":66811,"date":"2024-08-28T09:32:30","date_gmt":"2024-08-28T07:32:30","guid":{"rendered":"https:\/\/www.unitus.it\/?page_id=66811"},"modified":"2024-08-28T09:40:33","modified_gmt":"2024-08-28T07:40:33","slug":"integri","status":"publish","type":"page","link":"https:\/\/www.unitus.it\/en\/research\/progetti-di-ricerca\/integri\/","title":{"rendered":"INTEGRI"},"content":{"rendered":"<h3><img loading=\"lazy\" decoding=\"async\" class=\"alignnone wp-image-66117\" src=\"https:\/\/www.unitus.it\/wp-content\/uploads\/2024\/08\/Clipboard_08-26-2024_20.jpg\" alt=\"\" width=\"186\" height=\"186\" \/><\/h3>\n<h3><b>INTEGRI \u2013 PASTA E PRODOTTI DA FORNO: INTEGRIT\u00c0, SALUBRIT\u00c0 E SOSTENIBILIT\u00c0 &#8211; Innovazione di processo e di prodotto<\/b><\/h3>\n<p><b>INTEGRI<\/b><\/p>\n<p>&nbsp;<\/p>\n<p><b>ABSTRACT<\/b><\/p>\n<p><span style=\"font-weight: 400;\">The Research is aimed to develop improved cereal-based foods \u2013 in terms of health-benefit, nutritional, and shelf-life aspects, using typical cereal varieties of convergence and transition Regions, with particular focus on traditional products, such as pasta, and bakery products (bread, focaccia bread, puccia, bread, taralli, pizza, breakfast cereals).<\/span><\/p>\n<p><span style=\"font-weight: 400;\">Major R&amp;D challenges concern total or partial substitution of conventional raw material with:<\/span><\/p>\n<ol>\n<li><span style=\"font-weight: 400;\">i) Novel typologies of whole flours.<\/span><\/li>\n<li><span style=\"font-weight: 400;\">ii) Wheat flours containing non-genetically modified altered starch amylose:amylopectin ratio.<\/span><\/li>\n<\/ol>\n<p><span style=\"font-weight: 400;\">iii) Flours\/ingredients derived from other cereals (e.g. spelt, pseudo-cereals, legumes, agri-food manufacture by-products), in order to obtain enhanced traditional products in terms of the following aspects: dietary-nutritional (low glycemic index, high-fiber content, high-bioactive content \u2013 e.g. polyphenols and antioxidants); and environmental sustainability.<\/span><\/p>\n<p><span style=\"font-weight: 400;\">Major effort needs to be engaged in the development of balanced formulas (e.g. non-conventional flours, microbial starters), and implementation of proper technologies and biotechnologies (e.g. germination, fermentation) allowing the obtainment of blends and end-products characterized both by high transformation aptitude, and excellent acceptability.<\/span><\/p>\n<p><span style=\"font-weight: 400;\">Within the research aim, evaluation of functional\/health-benefits advantages effectiveness of products obtained is also included. Additionally, rigorous evaluation of presumed hulled-wheats reduced gluten sensitivity is also projected.<\/span><\/p>\n<p><span style=\"font-weight: 400;\">The project is articulated involves the participation of qualified Research Institutes \u2013 having specific competencies related to here described proposal, and several food companies specialized in the different sectors involved (e.g. mills, pasta, bread, bakery products, taralli, breakfast cereals), all of major importance in the framework of convergence and transition Regions\u2019 socio-economic system.<\/span><\/p>\n<p>&nbsp;<\/p>\n<p><b><\/b><span style=\"font-weight: 400;\">Identification Code: B84I20001050005<\/span><\/p>\n<p><span style=\"font-weight: 400;\">Total project cost: \u20ac 6.585.067,88<\/span><\/p>\n<p><span style=\"font-weight: 400;\">Total cost DAFNE: \u20ac 364.000,00<\/span><\/p>\n<p><span style=\"font-weight: 400;\">DAFNE Role: Unit\u00e0 di ricerca\/ Research Unit<\/span><\/p>\n<p><span style=\"font-weight: 400;\">Scientific Supervisor DAFNE: Prof. Francesco SESTILI\u00a0<\/span><\/p>\n<p>Email:<a href=\"mailto:francescosestili@unitus.it\"><span style=\"font-weight: 400;\"> francescosestili@unitus.it<\/span><\/a><\/p>\n<p><span style=\"font-weight: 400;\">Start date: <\/span><span style=\"font-weight: 400;\">\u00a0<\/span><span style=\"font-weight: 400;\">01\/09\/2022<\/span><\/p>\n<p><span style=\"font-weight: 400;\">End date: 31\/03\/2025<\/span><\/p>\n<p>&nbsp;<\/p>\n<p><b>LINK\u00a0<\/b><\/p>\n<p><span style=\"font-weight: 400;\">\u2026\u2026\u2026\u2026\u2026\u2026\u2026\u2026\u2026\u2026<\/span><\/p>\n<p>&nbsp;<\/p>\n<p><span style=\"font-weight: 400;\">PARTNERSHIP<\/span><\/p>\n<ul>\n<li><span style=\"font-weight: 400;\"> Casa Buratti s.r.l.<\/span><\/li>\n<li><span style=\"font-weight: 400;\"> CEREALITALIA INDUSTRIE DOLCIARIE SOCIETA&#8217; PER AZIONI<\/span><\/li>\n<li><span style=\"font-weight: 400;\"> Consorzio di ricerca per l&#8217;innovazione tecnologica, la qualit\u00e0 e la sicurezza degli alimenti -IT.QSA<\/span><\/li>\n<li><span style=\"font-weight: 400;\"> Gemelli Molise S.p.A.<\/span><\/li>\n<li><span style=\"font-weight: 400;\"> La Molisana S.p.A.<\/span><\/li>\n<li><span style=\"font-weight: 400;\"> Libera Universit\u00e0 di BOLZANO<\/span><\/li>\n<li><span style=\"font-weight: 400;\"> Universit\u00e0 degli Studi del MOLISE<\/span><\/li>\n<li><span style=\"font-weight: 400;\"> Universit\u00e0 degli Studi della TUSCIA<\/span><\/li>\n<li><span style=\"font-weight: 400;\"> Universit\u00e0 degli Studi di BARI ALDO MORO<\/span><\/li>\n<li><span style=\"font-weight: 400;\"> Universit\u00e0 degli Studi di TORINO<\/span><\/li>\n<li><span style=\"font-weight: 400;\"> Valle Fiorita S.r.l.<\/span><\/li>\n<\/ul>\n<p>&nbsp;<\/p>\n<p><img loading=\"lazy\" decoding=\"async\" class=\"alignnone size-full wp-image-65820\" src=\"https:\/\/www.unitus.it\/wp-content\/uploads\/2024\/08\/Clipboard_08-26-2024_09.jpg\" alt=\"\" width=\"95\" height=\"63\" \/>\u00a0 <a href=\"https:\/\/european-union.europa.eu\/select-language?destination=\/node\/1\"><span style=\"font-weight: 400;\">Your gateway to the EU, News, Highlights<\/span><\/a><span style=\"font-weight: 400;\"> | European Union<\/span><span style=\"font-weight: 400;\"><br \/>\n<\/span><span style=\"font-weight: 400;\">Discover how the EU functions, its principles, priorities; find out about its history and member countries; learn about its legal basis and your EU rights.<\/span><span style=\"font-weight: 400;\"><br \/>\n<\/span><a href=\"http:\/\/www.europa.eu\"><span style=\"font-weight: 400;\">www.europa.eu<\/span><\/a><\/p>\n<p>&nbsp;<\/p>\n","protected":false},"excerpt":{"rendered":"<p>INTEGRI \u2013 PASTA E PRODOTTI DA FORNO: INTEGRIT\u00c0, SALUBRIT\u00c0 E SOSTENIBILIT\u00c0 &#8211; Innovazione di processo e di prodotto INTEGRI &nbsp; ABSTRACT The Research is aimed to develop improved cereal-based foods [&hellip;]<\/p>\n","protected":false},"author":28,"featured_media":0,"parent":5652,"menu_order":53,"comment_status":"closed","ping_status":"closed","template":"","meta":{"_acf_changed":false,"_price":"","_stock":"","_tribe_ticket_header":"","_tribe_default_ticket_provider":"","_tribe_ticket_capacity":"","_ticket_start_date":"","_ticket_end_date":"","_tribe_ticket_show_description":"","_tribe_ticket_show_not_going":false,"_tribe_ticket_use_global_stock":"","_tribe_ticket_global_stock_level":"","_global_stock_mode":"","_global_stock_cap":"","_tribe_rsvp_for_event":"","_tribe_ticket_going_count":"","_tribe_ticket_not_going_count":"","_tribe_tickets_list":"[]","_tribe_ticket_has_attendee_info_fields":false,"footnotes":""},"ppma_author":[89],"class_list":["post-66811","page","type-page","status-publish","hentry"],"acf":[],"yoast_head":"<!-- This site is optimized with the Yoast SEO plugin v27.3 - https:\/\/yoast.com\/product\/yoast-seo-wordpress\/ -->\n<title>INTEGRI - Unitus<\/title>\n<meta name=\"robots\" content=\"index, follow, max-snippet:-1, max-image-preview:large, max-video-preview:-1\" \/>\n<link rel=\"canonical\" href=\"https:\/\/www.unitus.it\/ricerca\/progetti-di-ricerca\/integri\/\" \/>\n<meta property=\"og:locale\" content=\"en_US\" \/>\n<meta property=\"og:type\" content=\"article\" \/>\n<meta property=\"og:title\" content=\"INTEGRI - Unitus\" \/>\n<meta property=\"og:description\" content=\"INTEGRI \u2013 PASTA E PRODOTTI DA FORNO: INTEGRIT\u00c0, SALUBRIT\u00c0 E SOSTENIBILIT\u00c0 &#8211; Innovazione di processo e di prodotto INTEGRI &nbsp; ABSTRACT The Research is aimed to develop improved cereal-based foods [&hellip;]\" \/>\n<meta property=\"og:url\" content=\"https:\/\/www.unitus.it\/ricerca\/progetti-di-ricerca\/integri\/\" \/>\n<meta property=\"og:site_name\" content=\"Unitus\" \/>\n<meta property=\"article:publisher\" content=\"https:\/\/www.facebook.com\/universitadeglistudidellatuscia\/\" \/>\n<meta property=\"article:modified_time\" content=\"2024-08-28T07:40:33+00:00\" \/>\n<meta property=\"og:image\" content=\"https:\/\/www.unitus.it\/wp-content\/uploads\/2024\/08\/Clipboard_08-26-2024_20.jpg\" \/>\n<meta name=\"twitter:card\" content=\"summary_large_image\" \/>\n<meta name=\"twitter:label1\" content=\"Est. reading time\" \/>\n\t<meta name=\"twitter:data1\" content=\"3 minutes\" \/>\n<!-- \/ Yoast SEO plugin. -->","yoast_head_json":{"title":"INTEGRI - Unitus","robots":{"index":"index","follow":"follow","max-snippet":"max-snippet:-1","max-image-preview":"max-image-preview:large","max-video-preview":"max-video-preview:-1"},"canonical":"https:\/\/www.unitus.it\/ricerca\/progetti-di-ricerca\/integri\/","og_locale":"en_US","og_type":"article","og_title":"INTEGRI - Unitus","og_description":"INTEGRI \u2013 PASTA E PRODOTTI DA FORNO: INTEGRIT\u00c0, SALUBRIT\u00c0 E SOSTENIBILIT\u00c0 &#8211; Innovazione di processo e di prodotto INTEGRI &nbsp; ABSTRACT The Research is aimed to develop improved cereal-based foods [&hellip;]","og_url":"https:\/\/www.unitus.it\/ricerca\/progetti-di-ricerca\/integri\/","og_site_name":"Unitus","article_publisher":"https:\/\/www.facebook.com\/universitadeglistudidellatuscia\/","article_modified_time":"2024-08-28T07:40:33+00:00","og_image":[{"url":"https:\/\/www.unitus.it\/wp-content\/uploads\/2024\/08\/Clipboard_08-26-2024_20.jpg","type":"","width":"","height":""}],"twitter_card":"summary_large_image","twitter_misc":{"Est. reading time":"3 minutes"},"schema":{"@context":"https:\/\/schema.org","@graph":[{"@type":"WebPage","@id":"https:\/\/www.unitus.it\/ricerca\/progetti-di-ricerca\/integri\/","url":"https:\/\/www.unitus.it\/ricerca\/progetti-di-ricerca\/integri\/","name":"INTEGRI - Unitus","isPartOf":{"@id":"https:\/\/www.unitus.it\/#website"},"primaryImageOfPage":{"@id":"https:\/\/www.unitus.it\/ricerca\/progetti-di-ricerca\/integri\/#primaryimage"},"image":{"@id":"https:\/\/www.unitus.it\/ricerca\/progetti-di-ricerca\/integri\/#primaryimage"},"thumbnailUrl":"https:\/\/www.unitus.it\/wp-content\/uploads\/2024\/08\/Clipboard_08-26-2024_20.jpg","datePublished":"2024-08-28T07:32:30+00:00","dateModified":"2024-08-28T07:40:33+00:00","breadcrumb":{"@id":"https:\/\/www.unitus.it\/ricerca\/progetti-di-ricerca\/integri\/#breadcrumb"},"inLanguage":"en-US","potentialAction":[{"@type":"ReadAction","target":["https:\/\/www.unitus.it\/ricerca\/progetti-di-ricerca\/integri\/"]}]},{"@type":"ImageObject","inLanguage":"en-US","@id":"https:\/\/www.unitus.it\/ricerca\/progetti-di-ricerca\/integri\/#primaryimage","url":"https:\/\/www.unitus.it\/wp-content\/uploads\/2024\/08\/Clipboard_08-26-2024_20.jpg","contentUrl":"https:\/\/www.unitus.it\/wp-content\/uploads\/2024\/08\/Clipboard_08-26-2024_20.jpg"},{"@type":"BreadcrumbList","@id":"https:\/\/www.unitus.it\/ricerca\/progetti-di-ricerca\/integri\/#breadcrumb","itemListElement":[{"@type":"ListItem","position":1,"name":"Home","item":"https:\/\/www.unitus.it\/en\/"},{"@type":"ListItem","position":2,"name":"Research","item":"https:\/\/www.unitus.it\/en\/research\/"},{"@type":"ListItem","position":3,"name":"Progetti di Ricerca","item":"https:\/\/www.unitus.it\/en\/research\/progetti-di-ricerca\/"},{"@type":"ListItem","position":4,"name":"INTEGRI"}]},{"@type":"WebSite","@id":"https:\/\/www.unitus.it\/#website","url":"https:\/\/www.unitus.it\/","name":"Unitus","description":"","publisher":{"@id":"https:\/\/www.unitus.it\/#organization"},"potentialAction":[{"@type":"SearchAction","target":{"@type":"EntryPoint","urlTemplate":"https:\/\/www.unitus.it\/?s={search_term_string}"},"query-input":{"@type":"PropertyValueSpecification","valueRequired":true,"valueName":"search_term_string"}}],"inLanguage":"en-US"},{"@type":"Organization","@id":"https:\/\/www.unitus.it\/#organization","name":"Universit\u00e0 degli Studi della Tuscia","alternateName":"Unitus","url":"https:\/\/www.unitus.it\/","logo":{"@type":"ImageObject","inLanguage":"en-US","@id":"https:\/\/www.unitus.it\/#\/schema\/logo\/image\/","url":"https:\/\/www.unitus.it\/wp-content\/uploads\/2022\/04\/unitus_marchio_2020_tagliato.png","contentUrl":"https:\/\/www.unitus.it\/wp-content\/uploads\/2022\/04\/unitus_marchio_2020_tagliato.png","width":1708,"height":660,"caption":"Universit\u00e0 degli Studi della Tuscia"},"image":{"@id":"https:\/\/www.unitus.it\/#\/schema\/logo\/image\/"},"sameAs":["https:\/\/www.facebook.com\/universitadeglistudidellatuscia\/"]}]}},"_links":{"self":[{"href":"https:\/\/www.unitus.it\/en\/wp-json\/wp\/v2\/pages\/66811","targetHints":{"allow":["GET"]}}],"collection":[{"href":"https:\/\/www.unitus.it\/en\/wp-json\/wp\/v2\/pages"}],"about":[{"href":"https:\/\/www.unitus.it\/en\/wp-json\/wp\/v2\/types\/page"}],"author":[{"embeddable":true,"href":"https:\/\/www.unitus.it\/en\/wp-json\/wp\/v2\/users\/28"}],"replies":[{"embeddable":true,"href":"https:\/\/www.unitus.it\/en\/wp-json\/wp\/v2\/comments?post=66811"}],"version-history":[{"count":0,"href":"https:\/\/www.unitus.it\/en\/wp-json\/wp\/v2\/pages\/66811\/revisions"}],"up":[{"embeddable":true,"href":"https:\/\/www.unitus.it\/en\/wp-json\/wp\/v2\/pages\/5652"}],"wp:attachment":[{"href":"https:\/\/www.unitus.it\/en\/wp-json\/wp\/v2\/media?parent=66811"}],"wp:term":[{"taxonomy":"author","embeddable":true,"href":"https:\/\/www.unitus.it\/en\/wp-json\/wp\/v2\/ppma_author?post=66811"}],"curies":[{"name":"wp","href":"https:\/\/api.w.org\/{rel}","templated":true}]}}