{"id":66762,"date":"2024-08-28T09:05:48","date_gmt":"2024-08-28T07:05:48","guid":{"rendered":"https:\/\/www.unitus.it\/?page_id=66762"},"modified":"2024-08-28T09:10:34","modified_gmt":"2024-08-28T07:10:34","slug":"sus-risk","status":"publish","type":"page","link":"https:\/\/www.unitus.it\/en\/research\/progetti-di-ricerca\/sus-risk\/","title":{"rendered":"SUS-RISK"},"content":{"rendered":"<p><img loading=\"lazy\" decoding=\"async\" class=\"alignnone wp-image-66030\" src=\"https:\/\/www.unitus.it\/wp-content\/uploads\/2024\/08\/Clipboard_08-26-2024_14-300x32.jpg\" alt=\"\" width=\"525\" height=\"56\" srcset=\"https:\/\/www.unitus.it\/wp-content\/uploads\/2024\/08\/Clipboard_08-26-2024_14-300x32.jpg 300w, https:\/\/www.unitus.it\/wp-content\/uploads\/2024\/08\/Clipboard_08-26-2024_14.jpg 555w\" sizes=\"auto, (max-width: 525px) 100vw, 525px\" \/><\/p>\n<h3><strong>Towards a holistic approach to SUStainable RISK management in agriculture<\/strong><\/h3>\n<p><img loading=\"lazy\" decoding=\"async\" class=\"alignnone wp-image-66754\" src=\"https:\/\/www.unitus.it\/wp-content\/uploads\/2024\/08\/Clipboard_08-28-2024_44.jpg\" alt=\"\" width=\"167\" height=\"162\" \/><\/p>\n<p><strong>\u00a0<\/strong><strong>Sus-Risk<\/strong><\/p>\n<p>&nbsp;<\/p>\n<p><strong>ABSTRACT <\/strong><\/p>\n<p>The general objective is to improve knowledge on Risk Management through a holistic approach capable of investigating all the relevant aspects that influence risk management choices using. This is done by applying cutting-edge methodologies for risk quantification and qualification.<\/p>\n<p>The main activities are:<\/p>\n<ul>\n<li>Risk qualification and quantification.<\/li>\n<li>Behavioural factors influencing farmers&#8217; adoption of risk management strategies.<\/li>\n<li>Analysis of risk management choices by looking at traditional and more innovative risk management tools.<\/li>\n<li>Feasibility studies and design of innovative risk management tools envisaged by the new CAP and indexed and catastrophe insurance.<\/li>\n<li>Evaluation of the implications of new policies, risk management tools and scenarios for reducing the use of chemical inputs on the choices and economic performance of agricultural companies.<\/li>\n<\/ul>\n<p>The expected impacts are the following:<\/p>\n<p>Scientific. New contributions to the scientific literature on risk management in agriculture and training of young researchers on the topic.<\/p>\n<p>Technological. Development of knowledge (data, information, methodologies) to improve existing risk management tools and strategies and implement new solutions suited to farmers&#8217; needs.<\/p>\n<p>Socio-economic. Developing solutions to increase the sustainability of agriculture through greater resilience of farms to address the global challenges they face<\/p>\n<p>The Project involves broad involvement of operators and public and private institutions operating in the field to ensure the development of results applicable in practice.<\/p>\n<p>&nbsp;<\/p>\n<p>Identification Code: 20205L79R8<\/p>\n<p>Total project cost: 726063 Euro.<\/p>\n<p>Total cost DAFNE: 255480 Euro.<\/p>\n<p>DAFNE Role: Lead Partner<br \/>\nScientific Supervisor DAFNE: Prof. Simone Severini<\/p>\n<p>Email: <a href=\"mailto:severini@unitus.it\">severini@unitus.it<\/a><\/p>\n<p>Start date: 01\/06\/2022<\/p>\n<p>End date: 31\/05\/2025<\/p>\n<p><strong>\u00a0<\/strong><\/p>\n<p><strong>LINK<\/strong><\/p>\n<p>&#8211;<\/p>\n<p>&nbsp;<\/p>\n<p>PARTNERSHIP<\/p>\n<p>Universit\u00e0 della Tuscia (Coord.), Universit\u00e0 Cattolica di Piacenza, Universit\u00e0 di Trento, Universit\u00e0 di Padova, Universit\u00e0 di Foggia.<\/p>\n<p>&nbsp;<\/p>\n<p>Progetto di ricerca scientifica finanziato dal Ministero dell\u2019Universit\u00e0 e della Ricerca italiano (MUR) per il periodo 2022 al 2025.<\/p>\n<p>&nbsp;<\/p>\n<p><img loading=\"lazy\" decoding=\"async\" class=\"alignnone size-full wp-image-65820\" src=\"https:\/\/www.unitus.it\/wp-content\/uploads\/2024\/08\/Clipboard_08-26-2024_09.jpg\" alt=\"\" width=\"95\" height=\"63\" \/> \u00a0<a href=\"https:\/\/european-union.europa.eu\/select-language?destination=\/node\/1\">Your gateway to the EU, News, Highlights<\/a> | European Union<br \/>\nDiscover how the EU functions, its principles, priorities; find out about its history and member countries; learn about its legal basis and your EU rights.<br \/>\n<a href=\"http:\/\/www.europa.eu\">www.europa.eu<\/a><\/p>\n","protected":false},"excerpt":{"rendered":"<p>Towards a holistic approach to SUStainable RISK management in agriculture \u00a0Sus-Risk &nbsp; ABSTRACT The general objective is to improve knowledge on Risk Management through a holistic approach capable of investigating [&hellip;]<\/p>\n","protected":false},"author":28,"featured_media":0,"parent":5652,"menu_order":50,"comment_status":"closed","ping_status":"closed","template":"","meta":{"_acf_changed":false,"_price":"","_stock":"","_tribe_ticket_header":"","_tribe_default_ticket_provider":"","_tribe_ticket_capacity":"","_ticket_start_date":"","_ticket_end_date":"","_tribe_ticket_show_description":"","_tribe_ticket_show_not_going":false,"_tribe_ticket_use_global_stock":"","_tribe_ticket_global_stock_level":"","_global_stock_mode":"","_global_stock_cap":"","_tribe_rsvp_for_event":"","_tribe_ticket_going_count":"","_tribe_ticket_not_going_count":"","_tribe_tickets_list":"[]","_tribe_ticket_has_attendee_info_fields":false,"footnotes":""},"ppma_author":[89],"class_list":["post-66762","page","type-page","status-publish","hentry"],"acf":[],"yoast_head":"<!-- This site is optimized with the Yoast SEO plugin v27.2 - https:\/\/yoast.com\/product\/yoast-seo-wordpress\/ -->\n<title>SUS-RISK - Unitus<\/title>\n<meta name=\"robots\" content=\"index, follow, max-snippet:-1, max-image-preview:large, max-video-preview:-1\" \/>\n<link rel=\"canonical\" href=\"https:\/\/www.unitus.it\/en\/research\/progetti-di-ricerca\/sus-risk\/\" \/>\n<meta property=\"og:locale\" content=\"en_US\" \/>\n<meta property=\"og:type\" content=\"article\" \/>\n<meta property=\"og:title\" content=\"SUS-RISK - Unitus\" \/>\n<meta property=\"og:description\" content=\"Towards a holistic approach to SUStainable RISK management in agriculture \u00a0Sus-Risk &nbsp; ABSTRACT The general objective is to improve knowledge on Risk Management through a holistic approach capable of investigating [&hellip;]\" \/>\n<meta property=\"og:url\" content=\"https:\/\/www.unitus.it\/en\/research\/progetti-di-ricerca\/sus-risk\/\" \/>\n<meta property=\"og:site_name\" content=\"Unitus\" \/>\n<meta property=\"article:publisher\" content=\"https:\/\/www.facebook.com\/universitadeglistudidellatuscia\/\" \/>\n<meta property=\"article:modified_time\" content=\"2024-08-28T07:10:34+00:00\" \/>\n<meta property=\"og:image\" content=\"https:\/\/www.unitus.it\/wp-content\/uploads\/2024\/08\/Clipboard_08-26-2024_14-300x32.jpg\" \/>\n<meta name=\"twitter:card\" content=\"summary_large_image\" \/>\n<meta name=\"twitter:label1\" content=\"Est. reading time\" \/>\n\t<meta name=\"twitter:data1\" content=\"3 minutes\" \/>\n<!-- \/ Yoast SEO plugin. -->","yoast_head_json":{"title":"SUS-RISK - Unitus","robots":{"index":"index","follow":"follow","max-snippet":"max-snippet:-1","max-image-preview":"max-image-preview:large","max-video-preview":"max-video-preview:-1"},"canonical":"https:\/\/www.unitus.it\/en\/research\/progetti-di-ricerca\/sus-risk\/","og_locale":"en_US","og_type":"article","og_title":"SUS-RISK - Unitus","og_description":"Towards a holistic approach to SUStainable RISK management in agriculture \u00a0Sus-Risk &nbsp; ABSTRACT The general objective is to improve knowledge on Risk Management through a holistic approach capable of investigating [&hellip;]","og_url":"https:\/\/www.unitus.it\/en\/research\/progetti-di-ricerca\/sus-risk\/","og_site_name":"Unitus","article_publisher":"https:\/\/www.facebook.com\/universitadeglistudidellatuscia\/","article_modified_time":"2024-08-28T07:10:34+00:00","og_image":[{"url":"https:\/\/www.unitus.it\/wp-content\/uploads\/2024\/08\/Clipboard_08-26-2024_14-300x32.jpg","type":"","width":"","height":""}],"twitter_card":"summary_large_image","twitter_misc":{"Est. reading time":"3 minutes"},"schema":{"@context":"https:\/\/schema.org","@graph":[{"@type":"WebPage","@id":"https:\/\/www.unitus.it\/en\/research\/progetti-di-ricerca\/sus-risk\/","url":"https:\/\/www.unitus.it\/en\/research\/progetti-di-ricerca\/sus-risk\/","name":"SUS-RISK - Unitus","isPartOf":{"@id":"https:\/\/www.unitus.it\/#website"},"primaryImageOfPage":{"@id":"https:\/\/www.unitus.it\/en\/research\/progetti-di-ricerca\/sus-risk\/#primaryimage"},"image":{"@id":"https:\/\/www.unitus.it\/en\/research\/progetti-di-ricerca\/sus-risk\/#primaryimage"},"thumbnailUrl":"https:\/\/www.unitus.it\/wp-content\/uploads\/2024\/08\/Clipboard_08-26-2024_14-300x32.jpg","datePublished":"2024-08-28T07:05:48+00:00","dateModified":"2024-08-28T07:10:34+00:00","breadcrumb":{"@id":"https:\/\/www.unitus.it\/en\/research\/progetti-di-ricerca\/sus-risk\/#breadcrumb"},"inLanguage":"en-US","potentialAction":[{"@type":"ReadAction","target":["https:\/\/www.unitus.it\/en\/research\/progetti-di-ricerca\/sus-risk\/"]}]},{"@type":"ImageObject","inLanguage":"en-US","@id":"https:\/\/www.unitus.it\/en\/research\/progetti-di-ricerca\/sus-risk\/#primaryimage","url":"https:\/\/www.unitus.it\/wp-content\/uploads\/2024\/08\/Clipboard_08-26-2024_14-300x32.jpg","contentUrl":"https:\/\/www.unitus.it\/wp-content\/uploads\/2024\/08\/Clipboard_08-26-2024_14-300x32.jpg"},{"@type":"BreadcrumbList","@id":"https:\/\/www.unitus.it\/en\/research\/progetti-di-ricerca\/sus-risk\/#breadcrumb","itemListElement":[{"@type":"ListItem","position":1,"name":"Home","item":"https:\/\/www.unitus.it\/en\/"},{"@type":"ListItem","position":2,"name":"Research","item":"https:\/\/www.unitus.it\/en\/research\/"},{"@type":"ListItem","position":3,"name":"Progetti di Ricerca","item":"https:\/\/www.unitus.it\/en\/research\/progetti-di-ricerca\/"},{"@type":"ListItem","position":4,"name":"SUS-RISK"}]},{"@type":"WebSite","@id":"https:\/\/www.unitus.it\/#website","url":"https:\/\/www.unitus.it\/","name":"Unitus","description":"","publisher":{"@id":"https:\/\/www.unitus.it\/#organization"},"potentialAction":[{"@type":"SearchAction","target":{"@type":"EntryPoint","urlTemplate":"https:\/\/www.unitus.it\/?s={search_term_string}"},"query-input":{"@type":"PropertyValueSpecification","valueRequired":true,"valueName":"search_term_string"}}],"inLanguage":"en-US"},{"@type":"Organization","@id":"https:\/\/www.unitus.it\/#organization","name":"Universit\u00e0 degli Studi della Tuscia","alternateName":"Unitus","url":"https:\/\/www.unitus.it\/","logo":{"@type":"ImageObject","inLanguage":"en-US","@id":"https:\/\/www.unitus.it\/#\/schema\/logo\/image\/","url":"https:\/\/www.unitus.it\/wp-content\/uploads\/2022\/04\/unitus_marchio_2020_tagliato.png","contentUrl":"https:\/\/www.unitus.it\/wp-content\/uploads\/2022\/04\/unitus_marchio_2020_tagliato.png","width":1708,"height":660,"caption":"Universit\u00e0 degli Studi della Tuscia"},"image":{"@id":"https:\/\/www.unitus.it\/#\/schema\/logo\/image\/"},"sameAs":["https:\/\/www.facebook.com\/universitadeglistudidellatuscia\/"]}]}},"_links":{"self":[{"href":"https:\/\/www.unitus.it\/en\/wp-json\/wp\/v2\/pages\/66762","targetHints":{"allow":["GET"]}}],"collection":[{"href":"https:\/\/www.unitus.it\/en\/wp-json\/wp\/v2\/pages"}],"about":[{"href":"https:\/\/www.unitus.it\/en\/wp-json\/wp\/v2\/types\/page"}],"author":[{"embeddable":true,"href":"https:\/\/www.unitus.it\/en\/wp-json\/wp\/v2\/users\/28"}],"replies":[{"embeddable":true,"href":"https:\/\/www.unitus.it\/en\/wp-json\/wp\/v2\/comments?post=66762"}],"version-history":[{"count":0,"href":"https:\/\/www.unitus.it\/en\/wp-json\/wp\/v2\/pages\/66762\/revisions"}],"up":[{"embeddable":true,"href":"https:\/\/www.unitus.it\/en\/wp-json\/wp\/v2\/pages\/5652"}],"wp:attachment":[{"href":"https:\/\/www.unitus.it\/en\/wp-json\/wp\/v2\/media?parent=66762"}],"wp:term":[{"taxonomy":"author","embeddable":true,"href":"https:\/\/www.unitus.it\/en\/wp-json\/wp\/v2\/ppma_author?post=66762"}],"curies":[{"name":"wp","href":"https:\/\/api.w.org\/{rel}","templated":true}]}}