{"id":66590,"date":"2024-08-27T14:47:25","date_gmt":"2024-08-27T12:47:25","guid":{"rendered":"https:\/\/www.unitus.it\/?page_id=66590"},"modified":"2024-08-27T14:50:09","modified_gmt":"2024-08-27T12:50:09","slug":"multifru","status":"publish","type":"page","link":"https:\/\/www.unitus.it\/en\/research\/progetti-di-ricerca\/multifru\/","title":{"rendered":"MULTIFRU"},"content":{"rendered":"<h3><img loading=\"lazy\" decoding=\"async\" class=\"alignnone wp-image-66584\" src=\"https:\/\/www.unitus.it\/wp-content\/uploads\/2024\/08\/Clipboard_08-27-2024_39-300x69.jpg\" alt=\"\" width=\"657\" height=\"151\" srcset=\"https:\/\/www.unitus.it\/wp-content\/uploads\/2024\/08\/Clipboard_08-27-2024_39-300x69.jpg 300w, https:\/\/www.unitus.it\/wp-content\/uploads\/2024\/08\/Clipboard_08-27-2024_39.jpg 498w\" sizes=\"auto, (max-width: 657px) 100vw, 657px\" \/><\/h3>\n<h3><strong>Valorizzazione Multifunzionale di Frumenti Pigmentati per la realizzazione di Alimenti Funzionali e di NanoAgrofarmaci Green per la Protezione del Frumento<\/strong><\/h3>\n<p><strong>MULTIFRU<\/strong><\/p>\n<p><strong>\u00a0<\/strong><\/p>\n<p><strong>ABSTRACT <\/strong><\/p>\n<p>The project has 6 WP, related to specific themes of wheat production chain, in particular: production of flavonoid-rich functional foods with protective activities for promoting human health using cultivar rich in polyphenolic compounds; studies about plant \u2013 pathogen interaction, in particular between pigmented wheat plants and fungal pathogen Fusarium graminearum, causal agent of Fusarium Head Blight; use of wheat production chain wastes to develop new and green pesticides for FHB management and control.<\/p>\n<p>&nbsp;<\/p>\n<p>Identification Code: J85F20000560005<\/p>\n<p>Total project cost: \u20ac149.610,00<\/p>\n<p>Total cost DAFNE: \u20ac115.650,00<\/p>\n<p>DAFNE Role: Coordinamento (Lead partner)<br \/>\nScientific Supervisor DAFNE: Prof. Giorgio M. Balestra<\/p>\n<p>Email: balestra@unitus.it<\/p>\n<p>Start date: 22\/07\/21<\/p>\n<p>End date: 22\/07\/2024<\/p>\n<p><strong>\u00a0<\/strong><\/p>\n<p><strong>LINK <\/strong><\/p>\n<p><a href=\"https:\/\/www.unitus.it\/en\/research\/progetti-di-ricerca\/progetto-multifru\/\">https:\/\/www.unitus.it\/en\/research\/progetti-di-ricerca\/progetto-multifru\/<\/a><\/p>\n<p>&nbsp;<\/p>\n<p>PARTNERSHIP<\/p>\n<p>Two OdR: Universit\u00e0 degli Studi della Tuscia Dipartimento di Scienze Agrarie e Forestali-DAFNE e Universit\u00e0 La Sapienza Dipartimento di Sanit\u00e0 Pubblica e Malattie Infettive\u2013DSPMI<\/p>\n<p><strong>\u00a0<\/strong><\/p>\n<p><img loading=\"lazy\" decoding=\"async\" class=\"alignnone wp-image-66584\" src=\"https:\/\/www.unitus.it\/wp-content\/uploads\/2024\/08\/Clipboard_08-27-2024_39-300x69.jpg\" alt=\"\" width=\"752\" height=\"173\" srcset=\"https:\/\/www.unitus.it\/wp-content\/uploads\/2024\/08\/Clipboard_08-27-2024_39-300x69.jpg 300w, https:\/\/www.unitus.it\/wp-content\/uploads\/2024\/08\/Clipboard_08-27-2024_39.jpg 498w\" sizes=\"auto, (max-width: 752px) 100vw, 752px\" \/><\/p>\n<p>Progetto cofinanziato dall\u2019Unione Europea &#8211; POR FESR Lazio 2014-2020 azione 1.2.1<\/p>\n","protected":false},"excerpt":{"rendered":"<p>Valorizzazione Multifunzionale di Frumenti Pigmentati per la realizzazione di Alimenti Funzionali e di NanoAgrofarmaci Green per la Protezione del Frumento MULTIFRU \u00a0 ABSTRACT The project has 6 WP, related to [&hellip;]<\/p>\n","protected":false},"author":28,"featured_media":0,"parent":5652,"menu_order":20,"comment_status":"closed","ping_status":"closed","template":"","meta":{"_acf_changed":false,"_price":"","_stock":"","_tribe_ticket_header":"","_tribe_default_ticket_provider":"","_tribe_ticket_capacity":"","_ticket_start_date":"","_ticket_end_date":"","_tribe_ticket_show_description":"","_tribe_ticket_show_not_going":false,"_tribe_ticket_use_global_stock":"","_tribe_ticket_global_stock_level":"","_global_stock_mode":"","_global_stock_cap":"","_tribe_rsvp_for_event":"","_tribe_ticket_going_count":"","_tribe_ticket_not_going_count":"","_tribe_tickets_list":"[]","_tribe_ticket_has_attendee_info_fields":false,"footnotes":""},"ppma_author":[89],"class_list":["post-66590","page","type-page","status-publish","hentry"],"acf":[],"yoast_head":"<!-- This site is optimized with the Yoast SEO plugin v27.3 - https:\/\/yoast.com\/product\/yoast-seo-wordpress\/ -->\n<title>MULTIFRU - Unitus<\/title>\n<meta name=\"robots\" content=\"index, follow, max-snippet:-1, max-image-preview:large, max-video-preview:-1\" \/>\n<link rel=\"canonical\" href=\"https:\/\/www.unitus.it\/ricerca\/progetti-di-ricerca\/multifru\/\" \/>\n<meta property=\"og:locale\" content=\"en_US\" \/>\n<meta property=\"og:type\" content=\"article\" \/>\n<meta property=\"og:title\" content=\"MULTIFRU - Unitus\" \/>\n<meta property=\"og:description\" content=\"Valorizzazione Multifunzionale di Frumenti Pigmentati per la realizzazione di Alimenti Funzionali e di NanoAgrofarmaci Green per la Protezione del Frumento MULTIFRU \u00a0 ABSTRACT The project has 6 WP, related to [&hellip;]\" \/>\n<meta property=\"og:url\" content=\"https:\/\/www.unitus.it\/ricerca\/progetti-di-ricerca\/multifru\/\" \/>\n<meta property=\"og:site_name\" content=\"Unitus\" \/>\n<meta property=\"article:publisher\" content=\"https:\/\/www.facebook.com\/universitadeglistudidellatuscia\/\" \/>\n<meta property=\"article:modified_time\" content=\"2024-08-27T12:50:09+00:00\" \/>\n<meta property=\"og:image\" content=\"https:\/\/www.unitus.it\/wp-content\/uploads\/2024\/08\/Clipboard_08-27-2024_39-300x69.jpg\" \/>\n<meta name=\"twitter:card\" content=\"summary_large_image\" \/>\n<meta name=\"twitter:label1\" content=\"Est. reading time\" \/>\n\t<meta name=\"twitter:data1\" content=\"2 minutes\" \/>\n<!-- \/ Yoast SEO plugin. -->","yoast_head_json":{"title":"MULTIFRU - Unitus","robots":{"index":"index","follow":"follow","max-snippet":"max-snippet:-1","max-image-preview":"max-image-preview:large","max-video-preview":"max-video-preview:-1"},"canonical":"https:\/\/www.unitus.it\/ricerca\/progetti-di-ricerca\/multifru\/","og_locale":"en_US","og_type":"article","og_title":"MULTIFRU - Unitus","og_description":"Valorizzazione Multifunzionale di Frumenti Pigmentati per la realizzazione di Alimenti Funzionali e di NanoAgrofarmaci Green per la Protezione del Frumento MULTIFRU \u00a0 ABSTRACT The project has 6 WP, related to [&hellip;]","og_url":"https:\/\/www.unitus.it\/ricerca\/progetti-di-ricerca\/multifru\/","og_site_name":"Unitus","article_publisher":"https:\/\/www.facebook.com\/universitadeglistudidellatuscia\/","article_modified_time":"2024-08-27T12:50:09+00:00","og_image":[{"url":"https:\/\/www.unitus.it\/wp-content\/uploads\/2024\/08\/Clipboard_08-27-2024_39-300x69.jpg","type":"","width":"","height":""}],"twitter_card":"summary_large_image","twitter_misc":{"Est. reading time":"2 minutes"},"schema":{"@context":"https:\/\/schema.org","@graph":[{"@type":"WebPage","@id":"https:\/\/www.unitus.it\/ricerca\/progetti-di-ricerca\/multifru\/","url":"https:\/\/www.unitus.it\/ricerca\/progetti-di-ricerca\/multifru\/","name":"MULTIFRU - Unitus","isPartOf":{"@id":"https:\/\/www.unitus.it\/#website"},"primaryImageOfPage":{"@id":"https:\/\/www.unitus.it\/ricerca\/progetti-di-ricerca\/multifru\/#primaryimage"},"image":{"@id":"https:\/\/www.unitus.it\/ricerca\/progetti-di-ricerca\/multifru\/#primaryimage"},"thumbnailUrl":"https:\/\/www.unitus.it\/wp-content\/uploads\/2024\/08\/Clipboard_08-27-2024_39-300x69.jpg","datePublished":"2024-08-27T12:47:25+00:00","dateModified":"2024-08-27T12:50:09+00:00","breadcrumb":{"@id":"https:\/\/www.unitus.it\/ricerca\/progetti-di-ricerca\/multifru\/#breadcrumb"},"inLanguage":"en-US","potentialAction":[{"@type":"ReadAction","target":["https:\/\/www.unitus.it\/ricerca\/progetti-di-ricerca\/multifru\/"]}]},{"@type":"ImageObject","inLanguage":"en-US","@id":"https:\/\/www.unitus.it\/ricerca\/progetti-di-ricerca\/multifru\/#primaryimage","url":"https:\/\/www.unitus.it\/wp-content\/uploads\/2024\/08\/Clipboard_08-27-2024_39-300x69.jpg","contentUrl":"https:\/\/www.unitus.it\/wp-content\/uploads\/2024\/08\/Clipboard_08-27-2024_39-300x69.jpg"},{"@type":"BreadcrumbList","@id":"https:\/\/www.unitus.it\/ricerca\/progetti-di-ricerca\/multifru\/#breadcrumb","itemListElement":[{"@type":"ListItem","position":1,"name":"Home","item":"https:\/\/www.unitus.it\/en\/"},{"@type":"ListItem","position":2,"name":"Research","item":"https:\/\/www.unitus.it\/en\/research\/"},{"@type":"ListItem","position":3,"name":"Progetti di Ricerca","item":"https:\/\/www.unitus.it\/en\/research\/progetti-di-ricerca\/"},{"@type":"ListItem","position":4,"name":"MULTIFRU"}]},{"@type":"WebSite","@id":"https:\/\/www.unitus.it\/#website","url":"https:\/\/www.unitus.it\/","name":"Unitus","description":"","publisher":{"@id":"https:\/\/www.unitus.it\/#organization"},"potentialAction":[{"@type":"SearchAction","target":{"@type":"EntryPoint","urlTemplate":"https:\/\/www.unitus.it\/?s={search_term_string}"},"query-input":{"@type":"PropertyValueSpecification","valueRequired":true,"valueName":"search_term_string"}}],"inLanguage":"en-US"},{"@type":"Organization","@id":"https:\/\/www.unitus.it\/#organization","name":"Universit\u00e0 degli Studi della Tuscia","alternateName":"Unitus","url":"https:\/\/www.unitus.it\/","logo":{"@type":"ImageObject","inLanguage":"en-US","@id":"https:\/\/www.unitus.it\/#\/schema\/logo\/image\/","url":"https:\/\/www.unitus.it\/wp-content\/uploads\/2022\/04\/unitus_marchio_2020_tagliato.png","contentUrl":"https:\/\/www.unitus.it\/wp-content\/uploads\/2022\/04\/unitus_marchio_2020_tagliato.png","width":1708,"height":660,"caption":"Universit\u00e0 degli Studi della Tuscia"},"image":{"@id":"https:\/\/www.unitus.it\/#\/schema\/logo\/image\/"},"sameAs":["https:\/\/www.facebook.com\/universitadeglistudidellatuscia\/"]}]}},"_links":{"self":[{"href":"https:\/\/www.unitus.it\/en\/wp-json\/wp\/v2\/pages\/66590","targetHints":{"allow":["GET"]}}],"collection":[{"href":"https:\/\/www.unitus.it\/en\/wp-json\/wp\/v2\/pages"}],"about":[{"href":"https:\/\/www.unitus.it\/en\/wp-json\/wp\/v2\/types\/page"}],"author":[{"embeddable":true,"href":"https:\/\/www.unitus.it\/en\/wp-json\/wp\/v2\/users\/28"}],"replies":[{"embeddable":true,"href":"https:\/\/www.unitus.it\/en\/wp-json\/wp\/v2\/comments?post=66590"}],"version-history":[{"count":0,"href":"https:\/\/www.unitus.it\/en\/wp-json\/wp\/v2\/pages\/66590\/revisions"}],"up":[{"embeddable":true,"href":"https:\/\/www.unitus.it\/en\/wp-json\/wp\/v2\/pages\/5652"}],"wp:attachment":[{"href":"https:\/\/www.unitus.it\/en\/wp-json\/wp\/v2\/media?parent=66590"}],"wp:term":[{"taxonomy":"author","embeddable":true,"href":"https:\/\/www.unitus.it\/en\/wp-json\/wp\/v2\/ppma_author?post=66590"}],"curies":[{"name":"wp","href":"https:\/\/api.w.org\/{rel}","templated":true}]}}