{"id":66558,"date":"2024-08-27T14:23:55","date_gmt":"2024-08-27T12:23:55","guid":{"rendered":"https:\/\/www.unitus.it\/?page_id=66558"},"modified":"2024-08-27T14:26:34","modified_gmt":"2024-08-27T12:26:34","slug":"innosheep","status":"publish","type":"page","link":"https:\/\/www.unitus.it\/en\/research\/progetti-di-ricerca\/innosheep\/","title":{"rendered":"INNOSHEEP"},"content":{"rendered":"<p><img loading=\"lazy\" decoding=\"async\" class=\"alignnone wp-image-66453\" src=\"https:\/\/www.unitus.it\/wp-content\/uploads\/2024\/08\/Clipboard_08-27-2024_33-300x49.jpg\" alt=\"\" width=\"478\" height=\"78\" srcset=\"https:\/\/www.unitus.it\/wp-content\/uploads\/2024\/08\/Clipboard_08-27-2024_33-300x49.jpg 300w, https:\/\/www.unitus.it\/wp-content\/uploads\/2024\/08\/Clipboard_08-27-2024_33.jpg 367w\" sizes=\"auto, (max-width: 478px) 100vw, 478px\" \/><\/p>\n<h3><b>Innovazioni nella gestione sanitaria e alimentare degli ovini da latte<\/b><\/h3>\n<p><b>INNOSHEEP<\/b><\/p>\n<p>&nbsp;<\/p>\n<p><b>ABSTRACT\u00a0<\/b><\/p>\n<p><span style=\"font-weight: 400;\">The Innosheep Operational Group&#8217;s project aims to introduce and test an agro-forage model suited to the needs arising from both climate change and the opportunities for off-season production. This involves adopting more rational grazing systems, self-production of protein grains with new varieties, and implementing an innovative program to reduce antibiotic resistance through the early diagnosis and treatment of mastitis.<\/span><\/p>\n<p><span style=\"font-weight: 400;\">\u00a0<\/span><\/p>\n<p><span style=\"font-weight: 400;\">Identification Code:<\/span> <span style=\"font-weight: 400;\">PROVVEDIMENTO DI CONCESSIONE DEL SOSTEGNO N. 16.2.-LN-VT-04\/07\/2023-881_IN CORRETTIVA, (CUP) F89H23000020009<\/span><\/p>\n<p><span style=\"font-weight: 400;\">Total project cost: 175.985,98<\/span><\/p>\n<p><span style=\"font-weight: 400;\">Total cost DAFNE: \u20ac 173.985,98<\/span><\/p>\n<p><span style=\"font-weight: 400;\">DAFNE Role: <\/span>\u00a0<span style=\"font-weight: 400;\">Lead Partner<\/span><span style=\"font-weight: 400;\"><br \/>\n<\/span><span style=\"font-weight: 400;\">Scientific Supervisor DAFNE: Prof. Bruno Ronchi\u00a0<\/span><\/p>\n<p>Email: <span style=\"font-weight: 400;\">ronchi@unitus.it<\/span><\/p>\n<p><span style=\"font-weight: 400;\">Start date: 05\/07\/2023<\/span><\/p>\n<p><span style=\"font-weight: 400;\">End date: 05\/07\/2025<\/span><\/p>\n<p>&nbsp;<\/p>\n<p><b>LINK<\/b><\/p>\n<p><a href=\"https:\/\/sites.google.com\/view\/innosheep\/home-page\"><span style=\"font-weight: 400;\">https:\/\/sites.google.com\/view\/innosheep\/home-page<\/span><\/a><\/p>\n<p>&nbsp;<\/p>\n<p><span style=\"font-weight: 400;\">PARTNERSHIP<\/span><\/p>\n<ul>\n<li><span style=\"font-weight: 400;\">Universit\u00e0 degli Studi della Tuscia<\/span><\/li>\n<li><span style=\"font-weight: 400;\">Societ\u00e0 Agricola Semplice Santa Lucia<\/span><\/li>\n<li><span style=\"font-weight: 400;\">Agricola Amaltea S.r.l.<\/span><\/li>\n<li><span style=\"font-weight: 400;\">Azienda Agricola Fontana Fica S.S. Agricola<\/span><\/li>\n<li><span style=\"font-weight: 400;\">Azienda Agricola Mariotti Agostino<\/span><\/li>\n<li><span style=\"font-weight: 400;\">Boi Donato Mariano<\/span><\/li>\n<li><span style=\"font-weight: 400;\">Societ\u00e0 Agricola A.D. Pozzi S.S. Di Antonio Domenico Pozzi<\/span><\/li>\n<li><span style=\"font-weight: 400;\">Agricoltura Nuova Societ\u00e0 Cooperativa Sociale Agricola Integrata<\/span><\/li>\n<li><span style=\"font-weight: 400;\">Di Pietro Marco<\/span><\/li>\n<li><span style=\"font-weight: 400;\">Ceccarelli Sieva<\/span><\/li>\n<li><span style=\"font-weight: 400;\">I Casali Del Pino Societ\u00e0 Agricola S.r.l.<\/span><\/li>\n<li><span style=\"font-weight: 400;\">Conteddu Graziella<\/span><\/li>\n<li><span style=\"font-weight: 400;\">OP Doganella Societ\u00e0 Cooperativa Agricola<\/span><\/li>\n<li><span style=\"font-weight: 400;\">Formaggi Chiodetti S.r.l.<\/span><\/li>\n<li><span style=\"font-weight: 400;\">Phy.Dia. S.r.l.<\/span><\/li>\n<\/ul>\n<p><img loading=\"lazy\" decoding=\"async\" class=\"alignnone wp-image-66453\" src=\"https:\/\/www.unitus.it\/wp-content\/uploads\/2024\/08\/Clipboard_08-27-2024_33-300x49.jpg\" alt=\"\" width=\"471\" height=\"77\" srcset=\"https:\/\/www.unitus.it\/wp-content\/uploads\/2024\/08\/Clipboard_08-27-2024_33-300x49.jpg 300w, https:\/\/www.unitus.it\/wp-content\/uploads\/2024\/08\/Clipboard_08-27-2024_33.jpg 367w\" sizes=\"auto, (max-width: 471px) 100vw, 471px\" \/><\/p>\n<p><span style=\"font-weight: 400;\">Denominazione del soggetto capofila: Universit\u00e0 degli Studi della Tuscia<\/span><\/p>\n<p><span style=\"font-weight: 400;\">Codice della domanda di sostegno: 24250029725<\/span><\/p>\n<p><span style=\"font-weight: 400;\">Titolo del progetto: Innovazioni nella gestione sanitaria e alimentare degli ovini da latte<\/span><\/p>\n<p><span style=\"font-weight: 400;\">Acronimo: INNOSHEEP<\/span><\/p>\n<p><span style=\"font-weight: 400;\">Denominazione di tutti i partner: Universit\u00e0 degli Studi della Tuscia, Societ\u00e0 Agricola Semplice Santa Lucia, Agricola Amaltea S.r.l., Azienda Agricola Fontana Fica S.S. Agricola, Azienda Agricola Mariotti Agostino, Boi Donato Mariano, Societ\u00e0 Agricola A.D. Pozzi S.S. Di Antonio Domenico Pozzi, Agricoltura Nuova Societ\u00e0 Cooperativa Sociale Agricola Integrata, Di Pietro Marco, Ceccarelli Sieva, I Casali Del Pino Societ\u00e0 Agricola S.r.l., Conteddu Graziella, OP Doganella Societ\u00e0 Cooperativa Agricola, Formaggi Chiodetti S.r.l., Phy.Dia. S.r.l.<\/span><\/p>\n<p>&nbsp;<\/p>\n<p><img loading=\"lazy\" decoding=\"async\" class=\"alignnone size-full wp-image-65820\" src=\"https:\/\/www.unitus.it\/wp-content\/uploads\/2024\/08\/Clipboard_08-26-2024_09.jpg\" alt=\"\" width=\"95\" height=\"63\" \/> \u00a0<a href=\"https:\/\/european-union.europa.eu\/select-language?destination=\/node\/1\"><span style=\"font-weight: 400;\">Your gateway to the EU, News, Highlights<\/span><\/a><span style=\"font-weight: 400;\"> | European Union<\/span><span style=\"font-weight: 400;\"><br \/>\n<\/span><span style=\"font-weight: 400;\">Discover how the EU functions, its principles, priorities; find out about its history and member countries; learn about its legal basis and your EU rights.<\/span><span style=\"font-weight: 400;\"><br \/>\n<\/span><a href=\"http:\/\/www.europa.eu\"><span style=\"font-weight: 400;\">www.europa.eu<\/span><\/a><\/p>\n<p>&nbsp;<\/p>\n","protected":false},"excerpt":{"rendered":"<p>Innovazioni nella gestione sanitaria e alimentare degli ovini da latte INNOSHEEP &nbsp; ABSTRACT\u00a0 The Innosheep Operational Group&#8217;s project aims to introduce and test an agro-forage model suited to the needs [&hellip;]<\/p>\n","protected":false},"author":28,"featured_media":0,"parent":5652,"menu_order":43,"comment_status":"closed","ping_status":"closed","template":"","meta":{"_acf_changed":false,"_price":"","_stock":"","_tribe_ticket_header":"","_tribe_default_ticket_provider":"","_tribe_ticket_capacity":"","_ticket_start_date":"","_ticket_end_date":"","_tribe_ticket_show_description":"","_tribe_ticket_show_not_going":false,"_tribe_ticket_use_global_stock":"","_tribe_ticket_global_stock_level":"","_global_stock_mode":"","_global_stock_cap":"","_tribe_rsvp_for_event":"","_tribe_ticket_going_count":"","_tribe_ticket_not_going_count":"","_tribe_tickets_list":"[]","_tribe_ticket_has_attendee_info_fields":false,"footnotes":""},"ppma_author":[89],"class_list":["post-66558","page","type-page","status-publish","hentry"],"acf":[],"yoast_head":"<!-- This site is optimized with the Yoast SEO plugin v27.3 - https:\/\/yoast.com\/product\/yoast-seo-wordpress\/ -->\n<title>INNOSHEEP - Unitus<\/title>\n<meta name=\"robots\" content=\"index, follow, max-snippet:-1, max-image-preview:large, max-video-preview:-1\" \/>\n<link rel=\"canonical\" href=\"https:\/\/www.unitus.it\/ricerca\/progetti-di-ricerca\/innosheep\/\" \/>\n<meta property=\"og:locale\" content=\"en_US\" \/>\n<meta property=\"og:type\" content=\"article\" \/>\n<meta property=\"og:title\" content=\"INNOSHEEP - Unitus\" \/>\n<meta property=\"og:description\" content=\"Innovazioni nella gestione sanitaria e alimentare degli ovini da latte INNOSHEEP &nbsp; ABSTRACT\u00a0 The Innosheep Operational Group&#8217;s project aims to introduce and test an agro-forage model suited to the needs [&hellip;]\" \/>\n<meta property=\"og:url\" content=\"https:\/\/www.unitus.it\/ricerca\/progetti-di-ricerca\/innosheep\/\" \/>\n<meta property=\"og:site_name\" content=\"Unitus\" \/>\n<meta property=\"article:publisher\" content=\"https:\/\/www.facebook.com\/universitadeglistudidellatuscia\/\" \/>\n<meta property=\"article:modified_time\" content=\"2024-08-27T12:26:34+00:00\" \/>\n<meta property=\"og:image\" content=\"https:\/\/www.unitus.it\/wp-content\/uploads\/2024\/08\/Clipboard_08-27-2024_33-300x49.jpg\" \/>\n<meta name=\"twitter:card\" content=\"summary_large_image\" \/>\n<meta name=\"twitter:label1\" content=\"Est. reading time\" \/>\n\t<meta name=\"twitter:data1\" content=\"3 minutes\" \/>\n<!-- \/ Yoast SEO plugin. -->","yoast_head_json":{"title":"INNOSHEEP - Unitus","robots":{"index":"index","follow":"follow","max-snippet":"max-snippet:-1","max-image-preview":"max-image-preview:large","max-video-preview":"max-video-preview:-1"},"canonical":"https:\/\/www.unitus.it\/ricerca\/progetti-di-ricerca\/innosheep\/","og_locale":"en_US","og_type":"article","og_title":"INNOSHEEP - Unitus","og_description":"Innovazioni nella gestione sanitaria e alimentare degli ovini da latte INNOSHEEP &nbsp; ABSTRACT\u00a0 The Innosheep Operational Group&#8217;s project aims to introduce and test an agro-forage model suited to the needs [&hellip;]","og_url":"https:\/\/www.unitus.it\/ricerca\/progetti-di-ricerca\/innosheep\/","og_site_name":"Unitus","article_publisher":"https:\/\/www.facebook.com\/universitadeglistudidellatuscia\/","article_modified_time":"2024-08-27T12:26:34+00:00","og_image":[{"url":"https:\/\/www.unitus.it\/wp-content\/uploads\/2024\/08\/Clipboard_08-27-2024_33-300x49.jpg","type":"","width":"","height":""}],"twitter_card":"summary_large_image","twitter_misc":{"Est. reading time":"3 minutes"},"schema":{"@context":"https:\/\/schema.org","@graph":[{"@type":"WebPage","@id":"https:\/\/www.unitus.it\/ricerca\/progetti-di-ricerca\/innosheep\/","url":"https:\/\/www.unitus.it\/ricerca\/progetti-di-ricerca\/innosheep\/","name":"INNOSHEEP - Unitus","isPartOf":{"@id":"https:\/\/www.unitus.it\/#website"},"primaryImageOfPage":{"@id":"https:\/\/www.unitus.it\/ricerca\/progetti-di-ricerca\/innosheep\/#primaryimage"},"image":{"@id":"https:\/\/www.unitus.it\/ricerca\/progetti-di-ricerca\/innosheep\/#primaryimage"},"thumbnailUrl":"https:\/\/www.unitus.it\/wp-content\/uploads\/2024\/08\/Clipboard_08-27-2024_33-300x49.jpg","datePublished":"2024-08-27T12:23:55+00:00","dateModified":"2024-08-27T12:26:34+00:00","breadcrumb":{"@id":"https:\/\/www.unitus.it\/ricerca\/progetti-di-ricerca\/innosheep\/#breadcrumb"},"inLanguage":"en-US","potentialAction":[{"@type":"ReadAction","target":["https:\/\/www.unitus.it\/ricerca\/progetti-di-ricerca\/innosheep\/"]}]},{"@type":"ImageObject","inLanguage":"en-US","@id":"https:\/\/www.unitus.it\/ricerca\/progetti-di-ricerca\/innosheep\/#primaryimage","url":"https:\/\/www.unitus.it\/wp-content\/uploads\/2024\/08\/Clipboard_08-27-2024_33-300x49.jpg","contentUrl":"https:\/\/www.unitus.it\/wp-content\/uploads\/2024\/08\/Clipboard_08-27-2024_33-300x49.jpg"},{"@type":"BreadcrumbList","@id":"https:\/\/www.unitus.it\/ricerca\/progetti-di-ricerca\/innosheep\/#breadcrumb","itemListElement":[{"@type":"ListItem","position":1,"name":"Home","item":"https:\/\/www.unitus.it\/en\/"},{"@type":"ListItem","position":2,"name":"Research","item":"https:\/\/www.unitus.it\/en\/research\/"},{"@type":"ListItem","position":3,"name":"Progetti di Ricerca","item":"https:\/\/www.unitus.it\/en\/research\/progetti-di-ricerca\/"},{"@type":"ListItem","position":4,"name":"INNOSHEEP"}]},{"@type":"WebSite","@id":"https:\/\/www.unitus.it\/#website","url":"https:\/\/www.unitus.it\/","name":"Unitus","description":"","publisher":{"@id":"https:\/\/www.unitus.it\/#organization"},"potentialAction":[{"@type":"SearchAction","target":{"@type":"EntryPoint","urlTemplate":"https:\/\/www.unitus.it\/?s={search_term_string}"},"query-input":{"@type":"PropertyValueSpecification","valueRequired":true,"valueName":"search_term_string"}}],"inLanguage":"en-US"},{"@type":"Organization","@id":"https:\/\/www.unitus.it\/#organization","name":"Universit\u00e0 degli Studi della Tuscia","alternateName":"Unitus","url":"https:\/\/www.unitus.it\/","logo":{"@type":"ImageObject","inLanguage":"en-US","@id":"https:\/\/www.unitus.it\/#\/schema\/logo\/image\/","url":"https:\/\/www.unitus.it\/wp-content\/uploads\/2022\/04\/unitus_marchio_2020_tagliato.png","contentUrl":"https:\/\/www.unitus.it\/wp-content\/uploads\/2022\/04\/unitus_marchio_2020_tagliato.png","width":1708,"height":660,"caption":"Universit\u00e0 degli Studi della Tuscia"},"image":{"@id":"https:\/\/www.unitus.it\/#\/schema\/logo\/image\/"},"sameAs":["https:\/\/www.facebook.com\/universitadeglistudidellatuscia\/"]}]}},"_links":{"self":[{"href":"https:\/\/www.unitus.it\/en\/wp-json\/wp\/v2\/pages\/66558","targetHints":{"allow":["GET"]}}],"collection":[{"href":"https:\/\/www.unitus.it\/en\/wp-json\/wp\/v2\/pages"}],"about":[{"href":"https:\/\/www.unitus.it\/en\/wp-json\/wp\/v2\/types\/page"}],"author":[{"embeddable":true,"href":"https:\/\/www.unitus.it\/en\/wp-json\/wp\/v2\/users\/28"}],"replies":[{"embeddable":true,"href":"https:\/\/www.unitus.it\/en\/wp-json\/wp\/v2\/comments?post=66558"}],"version-history":[{"count":0,"href":"https:\/\/www.unitus.it\/en\/wp-json\/wp\/v2\/pages\/66558\/revisions"}],"up":[{"embeddable":true,"href":"https:\/\/www.unitus.it\/en\/wp-json\/wp\/v2\/pages\/5652"}],"wp:attachment":[{"href":"https:\/\/www.unitus.it\/en\/wp-json\/wp\/v2\/media?parent=66558"}],"wp:term":[{"taxonomy":"author","embeddable":true,"href":"https:\/\/www.unitus.it\/en\/wp-json\/wp\/v2\/ppma_author?post=66558"}],"curies":[{"name":"wp","href":"https:\/\/api.w.org\/{rel}","templated":true}]}}