{"id":66458,"date":"2024-08-27T13:04:42","date_gmt":"2024-08-27T11:04:42","guid":{"rendered":"https:\/\/www.unitus.it\/?page_id=66458"},"modified":"2024-08-27T13:09:51","modified_gmt":"2024-08-27T11:09:51","slug":"cin-eat","status":"publish","type":"page","link":"https:\/\/www.unitus.it\/en\/research\/progetti-di-ricerca\/cin-eat\/","title":{"rendered":"CIN-EAT"},"content":{"rendered":"<h3><img loading=\"lazy\" decoding=\"async\" class=\"alignnone wp-image-66453\" src=\"https:\/\/www.unitus.it\/wp-content\/uploads\/2024\/08\/Clipboard_08-27-2024_33-300x49.jpg\" alt=\"\" width=\"459\" height=\"75\" srcset=\"https:\/\/www.unitus.it\/wp-content\/uploads\/2024\/08\/Clipboard_08-27-2024_33-300x49.jpg 300w, https:\/\/www.unitus.it\/wp-content\/uploads\/2024\/08\/Clipboard_08-27-2024_33.jpg 367w\" sizes=\"auto, (max-width: 459px) 100vw, 459px\" \/><\/h3>\n<h3><b>Adattamento di un modulo, fisso o mobile, per la macellazione degli animali selvatici finalizzato al miglioramento qualitativo e alla commerciabilit\u00e0 delle carni\u00a0<\/b><\/h3>\n<p><b>CIN-EAT<\/b><\/p>\n<p>&nbsp;<\/p>\n<p><b>ABSTRACT<\/b><\/p>\n<p><span style=\"font-weight: 400;\">The CIN-EAT project aims to develop an easily transportable prototype module for the slaughtering of wild ungulates, particularly wild boar, with the objective of facilitating the commercialization of their meat in compliance with current regulations (Reg. EC 853\/2004). The project also seeks to encourage the culling of wild boar in areas particularly vulnerable to damage and road accidents, contributing to population control and reducing the risk of African swine fever spread. The module will be equipped with a refrigeration unit for the proper cooling and processing of the meat, enabling the commercialization of both culled and captured animals.<\/span><\/p>\n<p>&nbsp;<\/p>\n<p><span style=\"font-weight: 400;\">Identification Code: PROVVEDIMENTO DI CONCESSIONE DEL SOSTEGNO N. 16.2.1-LN-VT-16-06-2023 -888, (CUP) F89H23000070009<\/span><\/p>\n<p><span style=\"font-weight: 400;\">Total project cost: 199.989,04<\/span><\/p>\n<p><span style=\"font-weight: 400;\">Total cost DAFNE: \u20ac 195.945,44<\/span><\/p>\n<p><span style=\"font-weight: 400;\">DAFNE Role: Capofila\/<\/span> <span style=\"font-weight: 400;\">Lead Partner<\/span><span style=\"font-weight: 400;\"><br \/>\n<\/span><span style=\"font-weight: 400;\">Scientific Supervisor DAFNE: Prof. Riccardo Primi\u00a0<\/span><\/p>\n<p>Email: <a href=\"mailto:primi@unitus.it\"><span style=\"font-weight: 400;\">primi@unitus.it<\/span><\/a><\/p>\n<p><span style=\"font-weight: 400;\">Start date: 19\/06\/2023<\/span><\/p>\n<p><span style=\"font-weight: 400;\">End date: 19\/06\/2025<\/span><\/p>\n<p>&nbsp;<\/p>\n<p><b>LINK\u00a0<\/b><\/p>\n<p><a href=\"https:\/\/sites.google.com\/view\/cin-eat\/home-page\"><span style=\"font-weight: 400;\">https:\/\/sites.google.com\/view\/cin-eat\/home-page<\/span><\/a><\/p>\n<p>&nbsp;<\/p>\n<p><span style=\"font-weight: 400;\">PARTNERSHIP<\/span><\/p>\n<ul>\n<li><span style=\"font-weight: 400;\">Universit\u00e0 degli Studi della Tuscia<\/span><\/li>\n<li><span style=\"font-weight: 400;\">Societ\u00e0 Agricola Adriano Vergati e C. S.S.<\/span><\/li>\n<li><span style=\"font-weight: 400;\">Andrea Vergati<\/span><\/li>\n<li><span style=\"font-weight: 400;\">Agriferva Societ\u00e0 Agricola a r..l.<\/span><\/li>\n<li><span style=\"font-weight: 400;\">Coletta Attilio<\/span><\/li>\n<li><span style=\"font-weight: 400;\">Societ\u00e0 Agricola Aonzo Massimo S.S.<\/span><\/li>\n<li><span style=\"font-weight: 400;\">Agricoltura Nuova Societ\u00e0 Cooperativa Sociale Agricola Integrata<\/span><\/li>\n<li><span style=\"font-weight: 400;\">Societ\u00e0 Agricola Gibs Societ\u00e0 Semplice<\/span><\/li>\n<li><span style=\"font-weight: 400;\">Eredi Ferrazza Societ\u00e0 Semplice Agricola<\/span><\/li>\n<li><span style=\"font-weight: 400;\">Societ\u00e0 Agricola LalTorre di Colognesi Vittorio e Fabrizio S.S.<\/span><\/li>\n<li><span style=\"font-weight: 400;\">Favero Rita<\/span><\/li>\n<li><span style=\"font-weight: 400;\">Phy.Dia S.r.l.<\/span><\/li>\n<\/ul>\n<p><img loading=\"lazy\" decoding=\"async\" class=\"alignnone wp-image-66453\" src=\"https:\/\/www.unitus.it\/wp-content\/uploads\/2024\/08\/Clipboard_08-27-2024_33-300x49.jpg\" alt=\"\" width=\"484\" height=\"79\" srcset=\"https:\/\/www.unitus.it\/wp-content\/uploads\/2024\/08\/Clipboard_08-27-2024_33-300x49.jpg 300w, https:\/\/www.unitus.it\/wp-content\/uploads\/2024\/08\/Clipboard_08-27-2024_33.jpg 367w\" sizes=\"auto, (max-width: 484px) 100vw, 484px\" \/><\/p>\n<p><span style=\"font-weight: 400;\">Denominazione del soggetto capofila: Universit\u00e0 degli Studi della Tuscia<\/span><\/p>\n<p><span style=\"font-weight: 400;\">Codice della domanda di sostegno: 24250029840<\/span><\/p>\n<p><span style=\"font-weight: 400;\">Titolo del progetto: Adattamento di un modulo, fisso o mobile, per la macellazione degli animali\u00a0<\/span><span style=\"font-weight: 400;\">selvatici finalizzato al miglioramento qualitativo e alla commerciabilit\u00e0 delle carni<\/span><\/p>\n<p><span style=\"font-weight: 400;\">Acronimo: CIN-EAT<\/span><\/p>\n<p><span style=\"font-weight: 400;\">Denominazione di tutti i partner: Universit\u00e0 degli Studi della Tuscia, Societ\u00e0 Agricola Adriano\u00a0<\/span><span style=\"font-weight: 400;\">Vergati e C. S.S., Andrea Vergati, Agriferva Societ\u00e0 Agricola a r..l., Coletta Attilio, Societ\u00e0\u00a0<\/span><span style=\"font-weight: 400;\">Agricola Aonzo Massimo S.S., Agricoltura Nuova Societ\u00e0 Cooperativa Sociale Agricola Integrata,\u00a0<\/span><span style=\"font-weight: 400;\">Societ\u00e0 Agricola Gibs Societ\u00e0 Semplice, Eredi Ferrazza Societ\u00e0 Semplice Agricola, Societ\u00e0\u00a0<\/span><span style=\"font-weight: 400;\">Agricola la Torre Di Colognesi Vittorio e Fabrizio S.S., Favero Rita, Phy.Dia S.r.l.<\/span><\/p>\n<p>&nbsp;<\/p>\n<p><img loading=\"lazy\" decoding=\"async\" class=\"alignnone size-full wp-image-65820\" src=\"https:\/\/www.unitus.it\/wp-content\/uploads\/2024\/08\/Clipboard_08-26-2024_09.jpg\" alt=\"\" width=\"95\" height=\"63\" \/>\u00a0 <a href=\"https:\/\/european-union.europa.eu\/select-language?destination=\/node\/1\"><span style=\"font-weight: 400;\">Your gateway to the EU, News, Highlights<\/span><\/a><span style=\"font-weight: 400;\"> | European Union<\/span><span style=\"font-weight: 400;\"><br \/>\n<\/span><span style=\"font-weight: 400;\">Discover how the EU functions, its principles, priorities; find out about its history and member countries; learn about its legal basis and your EU rights.<\/span><span style=\"font-weight: 400;\"><br \/>\n<\/span><a href=\"http:\/\/www.europa.eu\"><span style=\"font-weight: 400;\">www.europa.eu<\/span><\/a><\/p>\n<p>&nbsp;<\/p>\n","protected":false},"excerpt":{"rendered":"<p>Adattamento di un modulo, fisso o mobile, per la macellazione degli animali selvatici finalizzato al miglioramento qualitativo e alla commerciabilit\u00e0 delle carni\u00a0 CIN-EAT &nbsp; ABSTRACT The CIN-EAT project aims to [&hellip;]<\/p>\n","protected":false},"author":28,"featured_media":0,"parent":5652,"menu_order":38,"comment_status":"closed","ping_status":"closed","template":"","meta":{"_acf_changed":false,"_price":"","_stock":"","_tribe_ticket_header":"","_tribe_default_ticket_provider":"","_tribe_ticket_capacity":"","_ticket_start_date":"","_ticket_end_date":"","_tribe_ticket_show_description":"","_tribe_ticket_show_not_going":false,"_tribe_ticket_use_global_stock":"","_tribe_ticket_global_stock_level":"","_global_stock_mode":"","_global_stock_cap":"","_tribe_rsvp_for_event":"","_tribe_ticket_going_count":"","_tribe_ticket_not_going_count":"","_tribe_tickets_list":"[]","_tribe_ticket_has_attendee_info_fields":false,"footnotes":""},"ppma_author":[89],"class_list":["post-66458","page","type-page","status-publish","hentry"],"acf":[],"yoast_head":"<!-- This site is optimized with the Yoast SEO plugin v27.3 - https:\/\/yoast.com\/product\/yoast-seo-wordpress\/ -->\n<title>CIN-EAT - Unitus<\/title>\n<meta name=\"robots\" content=\"index, follow, max-snippet:-1, max-image-preview:large, max-video-preview:-1\" \/>\n<link rel=\"canonical\" href=\"https:\/\/www.unitus.it\/en\/research\/progetti-di-ricerca\/cin-eat\/\" \/>\n<meta property=\"og:locale\" content=\"en_US\" \/>\n<meta property=\"og:type\" content=\"article\" \/>\n<meta property=\"og:title\" content=\"CIN-EAT - Unitus\" \/>\n<meta property=\"og:description\" content=\"Adattamento di un modulo, fisso o mobile, per la macellazione degli animali selvatici finalizzato al miglioramento qualitativo e alla commerciabilit\u00e0 delle carni\u00a0 CIN-EAT &nbsp; ABSTRACT The CIN-EAT project aims to [&hellip;]\" \/>\n<meta property=\"og:url\" content=\"https:\/\/www.unitus.it\/en\/research\/progetti-di-ricerca\/cin-eat\/\" \/>\n<meta property=\"og:site_name\" content=\"Unitus\" \/>\n<meta property=\"article:publisher\" content=\"https:\/\/www.facebook.com\/universitadeglistudidellatuscia\/\" \/>\n<meta property=\"article:modified_time\" content=\"2024-08-27T11:09:51+00:00\" \/>\n<meta property=\"og:image\" content=\"https:\/\/www.unitus.it\/wp-content\/uploads\/2024\/08\/Clipboard_08-27-2024_33-300x49.jpg\" \/>\n<meta name=\"twitter:card\" content=\"summary_large_image\" \/>\n<meta name=\"twitter:label1\" content=\"Est. reading time\" \/>\n\t<meta name=\"twitter:data1\" content=\"3 minutes\" \/>\n<!-- \/ Yoast SEO plugin. -->","yoast_head_json":{"title":"CIN-EAT - Unitus","robots":{"index":"index","follow":"follow","max-snippet":"max-snippet:-1","max-image-preview":"max-image-preview:large","max-video-preview":"max-video-preview:-1"},"canonical":"https:\/\/www.unitus.it\/en\/research\/progetti-di-ricerca\/cin-eat\/","og_locale":"en_US","og_type":"article","og_title":"CIN-EAT - Unitus","og_description":"Adattamento di un modulo, fisso o mobile, per la macellazione degli animali selvatici finalizzato al miglioramento qualitativo e alla commerciabilit\u00e0 delle carni\u00a0 CIN-EAT &nbsp; ABSTRACT The CIN-EAT project aims to [&hellip;]","og_url":"https:\/\/www.unitus.it\/en\/research\/progetti-di-ricerca\/cin-eat\/","og_site_name":"Unitus","article_publisher":"https:\/\/www.facebook.com\/universitadeglistudidellatuscia\/","article_modified_time":"2024-08-27T11:09:51+00:00","og_image":[{"url":"https:\/\/www.unitus.it\/wp-content\/uploads\/2024\/08\/Clipboard_08-27-2024_33-300x49.jpg","type":"","width":"","height":""}],"twitter_card":"summary_large_image","twitter_misc":{"Est. reading time":"3 minutes"},"schema":{"@context":"https:\/\/schema.org","@graph":[{"@type":"WebPage","@id":"https:\/\/www.unitus.it\/en\/research\/progetti-di-ricerca\/cin-eat\/","url":"https:\/\/www.unitus.it\/en\/research\/progetti-di-ricerca\/cin-eat\/","name":"CIN-EAT - Unitus","isPartOf":{"@id":"https:\/\/www.unitus.it\/#website"},"primaryImageOfPage":{"@id":"https:\/\/www.unitus.it\/en\/research\/progetti-di-ricerca\/cin-eat\/#primaryimage"},"image":{"@id":"https:\/\/www.unitus.it\/en\/research\/progetti-di-ricerca\/cin-eat\/#primaryimage"},"thumbnailUrl":"https:\/\/www.unitus.it\/wp-content\/uploads\/2024\/08\/Clipboard_08-27-2024_33-300x49.jpg","datePublished":"2024-08-27T11:04:42+00:00","dateModified":"2024-08-27T11:09:51+00:00","breadcrumb":{"@id":"https:\/\/www.unitus.it\/en\/research\/progetti-di-ricerca\/cin-eat\/#breadcrumb"},"inLanguage":"en-US","potentialAction":[{"@type":"ReadAction","target":["https:\/\/www.unitus.it\/en\/research\/progetti-di-ricerca\/cin-eat\/"]}]},{"@type":"ImageObject","inLanguage":"en-US","@id":"https:\/\/www.unitus.it\/en\/research\/progetti-di-ricerca\/cin-eat\/#primaryimage","url":"https:\/\/www.unitus.it\/wp-content\/uploads\/2024\/08\/Clipboard_08-27-2024_33-300x49.jpg","contentUrl":"https:\/\/www.unitus.it\/wp-content\/uploads\/2024\/08\/Clipboard_08-27-2024_33-300x49.jpg"},{"@type":"BreadcrumbList","@id":"https:\/\/www.unitus.it\/en\/research\/progetti-di-ricerca\/cin-eat\/#breadcrumb","itemListElement":[{"@type":"ListItem","position":1,"name":"Home","item":"https:\/\/www.unitus.it\/en\/"},{"@type":"ListItem","position":2,"name":"Research","item":"https:\/\/www.unitus.it\/en\/research\/"},{"@type":"ListItem","position":3,"name":"Progetti di Ricerca","item":"https:\/\/www.unitus.it\/en\/research\/progetti-di-ricerca\/"},{"@type":"ListItem","position":4,"name":"CIN-EAT"}]},{"@type":"WebSite","@id":"https:\/\/www.unitus.it\/#website","url":"https:\/\/www.unitus.it\/","name":"Unitus","description":"","publisher":{"@id":"https:\/\/www.unitus.it\/#organization"},"potentialAction":[{"@type":"SearchAction","target":{"@type":"EntryPoint","urlTemplate":"https:\/\/www.unitus.it\/?s={search_term_string}"},"query-input":{"@type":"PropertyValueSpecification","valueRequired":true,"valueName":"search_term_string"}}],"inLanguage":"en-US"},{"@type":"Organization","@id":"https:\/\/www.unitus.it\/#organization","name":"Universit\u00e0 degli Studi della Tuscia","alternateName":"Unitus","url":"https:\/\/www.unitus.it\/","logo":{"@type":"ImageObject","inLanguage":"en-US","@id":"https:\/\/www.unitus.it\/#\/schema\/logo\/image\/","url":"https:\/\/www.unitus.it\/wp-content\/uploads\/2022\/04\/unitus_marchio_2020_tagliato.png","contentUrl":"https:\/\/www.unitus.it\/wp-content\/uploads\/2022\/04\/unitus_marchio_2020_tagliato.png","width":1708,"height":660,"caption":"Universit\u00e0 degli Studi della Tuscia"},"image":{"@id":"https:\/\/www.unitus.it\/#\/schema\/logo\/image\/"},"sameAs":["https:\/\/www.facebook.com\/universitadeglistudidellatuscia\/"]}]}},"_links":{"self":[{"href":"https:\/\/www.unitus.it\/en\/wp-json\/wp\/v2\/pages\/66458","targetHints":{"allow":["GET"]}}],"collection":[{"href":"https:\/\/www.unitus.it\/en\/wp-json\/wp\/v2\/pages"}],"about":[{"href":"https:\/\/www.unitus.it\/en\/wp-json\/wp\/v2\/types\/page"}],"author":[{"embeddable":true,"href":"https:\/\/www.unitus.it\/en\/wp-json\/wp\/v2\/users\/28"}],"replies":[{"embeddable":true,"href":"https:\/\/www.unitus.it\/en\/wp-json\/wp\/v2\/comments?post=66458"}],"version-history":[{"count":0,"href":"https:\/\/www.unitus.it\/en\/wp-json\/wp\/v2\/pages\/66458\/revisions"}],"up":[{"embeddable":true,"href":"https:\/\/www.unitus.it\/en\/wp-json\/wp\/v2\/pages\/5652"}],"wp:attachment":[{"href":"https:\/\/www.unitus.it\/en\/wp-json\/wp\/v2\/media?parent=66458"}],"wp:term":[{"taxonomy":"author","embeddable":true,"href":"https:\/\/www.unitus.it\/en\/wp-json\/wp\/v2\/ppma_author?post=66458"}],"curies":[{"name":"wp","href":"https:\/\/api.w.org\/{rel}","templated":true}]}}