{"id":66209,"date":"2024-08-27T09:21:31","date_gmt":"2024-08-27T07:21:31","guid":{"rendered":"https:\/\/www.unitus.it\/?page_id=66209"},"modified":"2024-08-27T09:21:31","modified_gmt":"2024-08-27T07:21:31","slug":"percival","status":"publish","type":"page","link":"https:\/\/www.unitus.it\/en\/research\/progetti-di-ricerca\/percival\/","title":{"rendered":"PERCIVAL"},"content":{"rendered":"<h3><img loading=\"lazy\" decoding=\"async\" class=\"alignnone wp-image-66118\" src=\"https:\/\/www.unitus.it\/wp-content\/uploads\/2024\/08\/Clipboard_08-26-2024_20.jpg\" alt=\"\" width=\"166\" height=\"166\" \/><br \/>\n<strong>Processi di estrazione di bioprodotti da scarti agroindustriali e valorizzazione in cascata<\/strong><\/h3>\n<p><img loading=\"lazy\" decoding=\"async\" class=\"alignnone wp-image-66211\" src=\"https:\/\/www.unitus.it\/wp-content\/uploads\/2024\/08\/Clipboard_08-27-2024_23.jpg\" alt=\"\" width=\"140\" height=\"137\" \/><\/p>\n<p><strong>PERCIVAL\u00a0 <\/strong><\/p>\n<p><strong>\u00a0<\/strong><\/p>\n<p><strong>RIASSUNTO <\/strong><\/p>\n<p>Le industrie agro-alimentari generano importanti quantit\u00e0 di sottoprodotti, spesso considerati rifiuti, che in realt\u00e0 contengono significative quantit\u00e0 e variet\u00e0 di composti che, opportunamente estratti\/purificati e trattati, possono essere valorizzati in diversi settori industriali. Il loro sfruttamento genera non solo un vantaggio economico (dovuto alla disponibilit\u00e0 di nuovi prodotti commerciali ed al mancato costo di smaltimento), ma anche vantaggi sociali, ambientali e di immagine legati alla maggiore sostenibilit\u00e0 delle produzioni agroindustriali e allo sviluppo di nuovi indotti in grado di generare nuovi posti di lavoro. In quest\u2019ottica, la messa a punto di processi e tecnologie innovative per la valorizzazione delle frazioni dei sottoprodotti agroindustriali appare una promettente via di sviluppo per un territorio ricco di \u201cmateria prima\u201d.<br \/>\nIl progetto ha lo scopo di integrare le competenze di istituzioni di ricerca e imprese con le esigenze degli esponenti del settore agroindustriale e dell\u2019indotto industriale con business core nell\u2019agro-farmaco, nel nutraceutico e nel tessile.<br \/>\nIl partenariato progettuale sar\u00e0 impegnato nello sviluppo di processi innovativi per il pretrattamento, l\u2019estrazione\/separazione e valorizzazione degli scarti agroindustriali, utilizzando un approccio di bioraffineria a \u2018cascata\u2019 per l\u2019ottenimento di composti bioattivi, chemicals e materiali. Nella prospettiva di una bioeconomia circolare basata su processi \u201cZero Waste\u201d, i residui\/sottoprodotti di trasformazione saranno convertiti in vettori energetici (ad es. biometano) e prodotti per l\u2019agricoltura (ad es. ammendanti, biostimolanti). Sar\u00e0 infine valutata la sostenibilit\u00e0 economica ed ambientale delle filiere individuate e verranno elaborati alcuni business case per i prodotti ottenuti.<\/p>\n<p><strong>ABSTRACT <\/strong><\/p>\n<p>The agri-food industries generate significant quantities of by-products, often considered waste, which in reality contain significant quantities and varieties of compounds which, if appropriately extracted\/purified and treated, can be exploited in various industrial sectors. Their exploitation generates not only an economic advantage (due to the availability of new commercial products and the lack of disposal costs), but also social, environmental and image advantages linked to the greater sustainability of agro-industrial production and the development of new related industries capable of generate new jobs. From this perspective, the development of innovative processes and technologies for the valorisation of the fractions of agro-industrial by-products appears to be a promising path of development for an area rich in &#8220;raw materials&#8221;. The project aims to integrate the skills of research institutions and companies with the needs of representatives of the agro-industrial sector and related industries with core businesses in agro-pharmaceuticals, nutraceuticals and textiles. The project partnership will be engaged in the development of innovative processes for the pre-treatment, extraction\/separation and valorisation of agro-industrial waste, using a &#8216;cascade&#8217; biorefinery approach to obtain bioactive compounds, chemicals and materials. In the perspective of a circular bioeconomy based on &#8220;Zero Waste&#8221; processes, transformation residues\/by-products will be converted into energy carriers (e.g. biomethane) and products for agriculture (e.g. soil improvers, biostimulants). Finally, the economic and environmental sustainability of the identified supply chains will be assessed and some business cases will be developed for the products obtained.<\/p>\n<p>&nbsp;<\/p>\n<p><strong>Codice Identificativo\/<\/strong>Identification Code: ARS01_00869<\/p>\n<p><strong>Costo totale del progetto\/<\/strong>Total project cost: 7.840.886,00 \u20ac<\/p>\n<p><strong>Costo totale DAFNE\/<\/strong>Total cost DAFNE: 88.335,00 \u20ac<\/p>\n<p><strong>Ruolo DAFNE\/<\/strong>DAFNE Role: Operational Unit<br \/>\n<strong>Responsabile Scientifico DAFNE\/<\/strong>Scientific Supervisor DAFNE: Prof. Giorgio M. Balestra<\/p>\n<p><strong>Email:<\/strong> balestra@unitus.it<\/p>\n<p><strong>Data inizio\/<\/strong>Start date: 01\/05\/2023<\/p>\n<p><strong>Data fine\/<\/strong>End date: 31\/10\/2025<\/p>\n<p><strong>\u00a0<\/strong><\/p>\n<p><strong>LINK <\/strong><\/p>\n<p>\u2026\u2026<\/p>\n<p>&nbsp;<\/p>\n<p><strong>PARTNERNARIATO\/<\/strong>PARTNERSHIP<\/p>\n<ul>\n<li>Apofruit Italia<\/li>\n<li>Asj ambiente Italia Spa<\/li>\n<li>Environment Park Spa<\/li>\n<li>Fondazione Edmund Mach<\/li>\n<li>Licofarma Srl<\/li>\n<li>Universit\u00e0 degli studi di Ferrara<\/li>\n<li>Universit\u00e0 degli studi di Torino<\/li>\n<li>Agenzia nazionale pe le nuove tecnologie, l\u2019energia e lo sviluppo economico sostenibile<\/li>\n<li>Next Technology Tecnotessile Societ\u00e0 Nazionale di Ricerca rl<\/li>\n<li>Universit\u00e0 degli Studi de L&#8217;AQUILA<\/li>\n<li>Universit\u00e0 degli studi della Tuscia<\/li>\n<li>Universit\u00e0 degli Studi di Bari Aldo Moro<\/li>\n<li>Universit\u00e0 degli Studi di Foggia<\/li>\n<li>Universit\u00e0 del Salento<\/li>\n<li>Distretto tecnologico nazionale sull\u2019energia Scarl<\/li>\n<\/ul>\n<p>&nbsp;<\/p>\n<p>&nbsp;<\/p>\n<p><img loading=\"lazy\" decoding=\"async\" class=\"alignnone size-full wp-image-65821\" src=\"https:\/\/www.unitus.it\/wp-content\/uploads\/2024\/08\/Clipboard_08-26-2024_09.jpg\" alt=\"\" width=\"95\" height=\"63\" \/> \u00a0\u00a0<a href=\"https:\/\/european-union.europa.eu\/select-language?destination=\/node\/1\">Your gateway to the EU, News, Highlights<\/a> | European Union<br \/>\nDiscover how the EU functions, its principles, priorities; find out about its history and member countries; learn about its legal basis and your EU rights.<br \/>\n<a href=\"http:\/\/www.europa.eu\">www.europa.eu<\/a><\/p>\n","protected":false},"excerpt":{"rendered":"<p>Processi di estrazione di bioprodotti da scarti agroindustriali e valorizzazione in cascata PERCIVAL\u00a0 \u00a0 RIASSUNTO Le industrie agro-alimentari generano importanti quantit\u00e0 di sottoprodotti, spesso considerati rifiuti, che in realt\u00e0 contengono [&hellip;]<\/p>\n","protected":false},"author":28,"featured_media":0,"parent":5652,"menu_order":0,"comment_status":"closed","ping_status":"closed","template":"","meta":{"_acf_changed":false,"_price":"","_stock":"","_tribe_ticket_header":"","_tribe_default_ticket_provider":"","_tribe_ticket_capacity":"","_ticket_start_date":"","_ticket_end_date":"","_tribe_ticket_show_description":"","_tribe_ticket_show_not_going":false,"_tribe_ticket_use_global_stock":"","_tribe_ticket_global_stock_level":"","_global_stock_mode":"","_global_stock_cap":"","_tribe_rsvp_for_event":"","_tribe_ticket_going_count":"","_tribe_ticket_not_going_count":"","_tribe_tickets_list":"[]","_tribe_ticket_has_attendee_info_fields":false,"footnotes":""},"ppma_author":[89],"class_list":["post-66209","page","type-page","status-publish","hentry"],"acf":[],"yoast_head":"<!-- This site is optimized with the Yoast SEO plugin v27.3 - https:\/\/yoast.com\/product\/yoast-seo-wordpress\/ -->\n<title>PERCIVAL - Unitus<\/title>\n<meta name=\"robots\" content=\"index, follow, max-snippet:-1, max-image-preview:large, max-video-preview:-1\" \/>\n<link rel=\"canonical\" href=\"https:\/\/www.unitus.it\/en\/research\/progetti-di-ricerca\/percival\/\" \/>\n<meta property=\"og:locale\" content=\"en_US\" \/>\n<meta property=\"og:type\" content=\"article\" \/>\n<meta property=\"og:title\" content=\"PERCIVAL - Unitus\" \/>\n<meta property=\"og:description\" content=\"Processi di estrazione di bioprodotti da scarti agroindustriali e valorizzazione in cascata PERCIVAL\u00a0 \u00a0 RIASSUNTO Le industrie agro-alimentari generano importanti quantit\u00e0 di sottoprodotti, spesso considerati rifiuti, che in realt\u00e0 contengono [&hellip;]\" \/>\n<meta property=\"og:url\" content=\"https:\/\/www.unitus.it\/en\/research\/progetti-di-ricerca\/percival\/\" \/>\n<meta property=\"og:site_name\" content=\"Unitus\" \/>\n<meta property=\"article:publisher\" content=\"https:\/\/www.facebook.com\/universitadeglistudidellatuscia\/\" \/>\n<meta property=\"og:image\" content=\"https:\/\/www.unitus.it\/wp-content\/uploads\/2024\/08\/Clipboard_08-26-2024_20.jpg\" \/>\n<meta name=\"twitter:card\" content=\"summary_large_image\" \/>\n<meta name=\"twitter:label1\" content=\"Est. reading time\" \/>\n\t<meta name=\"twitter:data1\" content=\"5 minutes\" \/>\n<!-- \/ Yoast SEO plugin. -->","yoast_head_json":{"title":"PERCIVAL - Unitus","robots":{"index":"index","follow":"follow","max-snippet":"max-snippet:-1","max-image-preview":"max-image-preview:large","max-video-preview":"max-video-preview:-1"},"canonical":"https:\/\/www.unitus.it\/en\/research\/progetti-di-ricerca\/percival\/","og_locale":"en_US","og_type":"article","og_title":"PERCIVAL - Unitus","og_description":"Processi di estrazione di bioprodotti da scarti agroindustriali e valorizzazione in cascata PERCIVAL\u00a0 \u00a0 RIASSUNTO Le industrie agro-alimentari generano importanti quantit\u00e0 di sottoprodotti, spesso considerati rifiuti, che in realt\u00e0 contengono [&hellip;]","og_url":"https:\/\/www.unitus.it\/en\/research\/progetti-di-ricerca\/percival\/","og_site_name":"Unitus","article_publisher":"https:\/\/www.facebook.com\/universitadeglistudidellatuscia\/","og_image":[{"url":"https:\/\/www.unitus.it\/wp-content\/uploads\/2024\/08\/Clipboard_08-26-2024_20.jpg","type":"","width":"","height":""}],"twitter_card":"summary_large_image","twitter_misc":{"Est. reading time":"5 minutes"},"schema":{"@context":"https:\/\/schema.org","@graph":[{"@type":"WebPage","@id":"https:\/\/www.unitus.it\/en\/research\/progetti-di-ricerca\/percival\/","url":"https:\/\/www.unitus.it\/en\/research\/progetti-di-ricerca\/percival\/","name":"PERCIVAL - Unitus","isPartOf":{"@id":"https:\/\/www.unitus.it\/#website"},"primaryImageOfPage":{"@id":"https:\/\/www.unitus.it\/en\/research\/progetti-di-ricerca\/percival\/#primaryimage"},"image":{"@id":"https:\/\/www.unitus.it\/en\/research\/progetti-di-ricerca\/percival\/#primaryimage"},"thumbnailUrl":"https:\/\/www.unitus.it\/wp-content\/uploads\/2024\/08\/Clipboard_08-26-2024_20.jpg","datePublished":"2024-08-27T07:21:31+00:00","breadcrumb":{"@id":"https:\/\/www.unitus.it\/en\/research\/progetti-di-ricerca\/percival\/#breadcrumb"},"inLanguage":"en-US","potentialAction":[{"@type":"ReadAction","target":["https:\/\/www.unitus.it\/en\/research\/progetti-di-ricerca\/percival\/"]}]},{"@type":"ImageObject","inLanguage":"en-US","@id":"https:\/\/www.unitus.it\/en\/research\/progetti-di-ricerca\/percival\/#primaryimage","url":"https:\/\/www.unitus.it\/wp-content\/uploads\/2024\/08\/Clipboard_08-26-2024_20.jpg","contentUrl":"https:\/\/www.unitus.it\/wp-content\/uploads\/2024\/08\/Clipboard_08-26-2024_20.jpg"},{"@type":"BreadcrumbList","@id":"https:\/\/www.unitus.it\/en\/research\/progetti-di-ricerca\/percival\/#breadcrumb","itemListElement":[{"@type":"ListItem","position":1,"name":"Home","item":"https:\/\/www.unitus.it\/en\/"},{"@type":"ListItem","position":2,"name":"Research","item":"https:\/\/www.unitus.it\/en\/research\/"},{"@type":"ListItem","position":3,"name":"Progetti di Ricerca","item":"https:\/\/www.unitus.it\/en\/research\/progetti-di-ricerca\/"},{"@type":"ListItem","position":4,"name":"PERCIVAL"}]},{"@type":"WebSite","@id":"https:\/\/www.unitus.it\/#website","url":"https:\/\/www.unitus.it\/","name":"Unitus","description":"","publisher":{"@id":"https:\/\/www.unitus.it\/#organization"},"potentialAction":[{"@type":"SearchAction","target":{"@type":"EntryPoint","urlTemplate":"https:\/\/www.unitus.it\/?s={search_term_string}"},"query-input":{"@type":"PropertyValueSpecification","valueRequired":true,"valueName":"search_term_string"}}],"inLanguage":"en-US"},{"@type":"Organization","@id":"https:\/\/www.unitus.it\/#organization","name":"Universit\u00e0 degli Studi della Tuscia","alternateName":"Unitus","url":"https:\/\/www.unitus.it\/","logo":{"@type":"ImageObject","inLanguage":"en-US","@id":"https:\/\/www.unitus.it\/#\/schema\/logo\/image\/","url":"https:\/\/www.unitus.it\/wp-content\/uploads\/2022\/04\/unitus_marchio_2020_tagliato.png","contentUrl":"https:\/\/www.unitus.it\/wp-content\/uploads\/2022\/04\/unitus_marchio_2020_tagliato.png","width":1708,"height":660,"caption":"Universit\u00e0 degli Studi della Tuscia"},"image":{"@id":"https:\/\/www.unitus.it\/#\/schema\/logo\/image\/"},"sameAs":["https:\/\/www.facebook.com\/universitadeglistudidellatuscia\/"]}]}},"_links":{"self":[{"href":"https:\/\/www.unitus.it\/en\/wp-json\/wp\/v2\/pages\/66209","targetHints":{"allow":["GET"]}}],"collection":[{"href":"https:\/\/www.unitus.it\/en\/wp-json\/wp\/v2\/pages"}],"about":[{"href":"https:\/\/www.unitus.it\/en\/wp-json\/wp\/v2\/types\/page"}],"author":[{"embeddable":true,"href":"https:\/\/www.unitus.it\/en\/wp-json\/wp\/v2\/users\/28"}],"replies":[{"embeddable":true,"href":"https:\/\/www.unitus.it\/en\/wp-json\/wp\/v2\/comments?post=66209"}],"version-history":[{"count":0,"href":"https:\/\/www.unitus.it\/en\/wp-json\/wp\/v2\/pages\/66209\/revisions"}],"up":[{"embeddable":true,"href":"https:\/\/www.unitus.it\/en\/wp-json\/wp\/v2\/pages\/5652"}],"wp:attachment":[{"href":"https:\/\/www.unitus.it\/en\/wp-json\/wp\/v2\/media?parent=66209"}],"wp:term":[{"taxonomy":"author","embeddable":true,"href":"https:\/\/www.unitus.it\/en\/wp-json\/wp\/v2\/ppma_author?post=66209"}],"curies":[{"name":"wp","href":"https:\/\/api.w.org\/{rel}","templated":true}]}}