{"id":65979,"date":"2024-08-26T11:30:22","date_gmt":"2024-08-26T09:30:22","guid":{"rendered":"https:\/\/www.unitus.it\/?page_id=65979"},"modified":"2024-08-26T15:28:40","modified_gmt":"2024-08-26T13:28:40","slug":"harnesstom-2","status":"publish","type":"page","link":"https:\/\/www.unitus.it\/en\/research\/progetti-di-ricerca\/harnesstom-2\/","title":{"rendered":"HARNESSTOM"},"content":{"rendered":"<h3><strong>Harnessing the value of tomato genetic resources for now and the future<\/strong><\/h3>\n<p><strong>HARNESSTOM<\/strong><\/p>\n<p><strong> <img loading=\"lazy\" decoding=\"async\" class=\"alignnone size-full wp-image-65843\" src=\"https:\/\/www.unitus.it\/wp-content\/uploads\/2024\/08\/Clipboard_08-26-2024_11.jpg\" alt=\"\" width=\"137\" height=\"119\" \/><\/strong><\/p>\n<p><strong>ABSTRACT <\/strong><\/p>\n<p>HARNESSTOM is an industry-driven Innovation Action that aims to improve the accessibility and to consolidate the use and knowledge of tomato genetic resources in order to tackle the new challenges imposed by consumers and global change threats by fostering the interaction between the different stakeholders in the tomato production chain. HARNESSTOM will address bottlenecks and special challenges identified by industry partners (from producers to seed companies) and by consumers, by facilitating information and access to genetic resources and by developing a series of pre-breeding materials that will accelerate the use of genetic resources and cover the needs of the productive and consumer sector. HARNESSTOM\u2019s innovative management and operational structures will provide an effective operational framework for translating materials, knowledge and know-how from academia and industry to the productive sector, shifting from the lab to focusing on assisting the producers and breeding companies in their commercial needs. Dafne (Partner 20-UNITUS) is mainly engaged in the study of plant reproductive aspects affected by environmental stresses and in the implementation of citizen science and strategies of participative breeding.<\/p>\n<p>&nbsp;<\/p>\n<p>Identification Code: \u00a0Project n. 101000716; CUP: <strong>F85B23000460009 <\/strong><\/p>\n<p>Total project cost: \u20ac 8.075.196,25<\/p>\n<p>Total cost DAFNE: \u20ac 298.000,00<\/p>\n<p>DAFNE Role: Operation al Unit<br \/>\nScientific Supervisor DAFNE: Prof. Andrea Mazzucato<\/p>\n<p><strong>Email: <a href=\"mailto:mazz@unitus.it\">mazz@unitus.it<\/a><\/strong><\/p>\n<p>Start date: \u00a001\/10\/2020<\/p>\n<p>End date: 31\/12\/2024<\/p>\n<p><strong>\u00a0<\/strong><\/p>\n<p><strong>LINK <\/strong><\/p>\n<p>\u2026<\/p>\n<p>&nbsp;<\/p>\n<p><strong>PARTNERNARIATO\/<\/strong>PARTNERSHIP<\/p>\n<ol>\n<li>Agencia Estatal Consejo Superior de Investigaciones Cient\u00edficas M.P. (hereinafter referred to as CSIC or \u201cThe Coordinator\u201d), Spain.<\/li>\n<li>Institut National de Recherche pour l\u00b4Agriculture, l\u00b4Alimentation et l\u2019Environnement (hereinafter referred to as INRAE), France.<\/li>\n<li>Institut National Polytechnique de Toulouse (hereinafter referred to as INPT), France.<\/li>\n<li>Agenzia nazionale per le nuove tecnologie, l&#8217;energia e lo sviluppo econ\u00f3mico (hereinafter referred to as ENEA), Italy.<\/li>\n<li>Universitat Polit\u00e8cnica de Val\u00e8ncia (hereinafter referred to as UPV), Spain.<\/li>\n<li>Wageningen University, Department Plant Sciences (hereinafter referred to as WU), The Netherlands.<\/li>\n<li>Unniversit\u00e0 degli studi di Napoli Federico II (hereinafter referred to as UNINA), Italy.<\/li>\n<li>Instituto Valenciano de Investigaciones Agrarias (hereinafter referred to as IVIA), Spain.<\/li>\n<li>The Hebrew University of Jerusalem (hereinafter referred to as (HUJI), Israel.<\/li>\n<li>Maritsa Vegetable Crops Research Institute (hereinafter referred to as MVCRI), The Bulgaria.<\/li>\n<li>Asociaci\u00f3n de Productores y Comercializadores de la Tomata de Penjar d&#8217;Alcala de Xivert (hereinafter referred to as ALCALAX), Spain.<\/li>\n<li>Enza Zaden Centro de Investigaci\u00f3n S.L. (hereinafter referred to as ENZA), Spain.<\/li>\n<li>Gautier Semences (hereinafter referred to as GAUTIER), France.<\/li>\n<li>Vilmorin &amp; Cie. (hereinafter referred to as VCo), France.<\/li>\n<li>Semiorto Sementi S.R.L. (hereinafter referred to as SEMIOROTO), Italy.<\/li>\n<li>Fundaci\u00f3n Cajamar de la Comunidad Valenciana (hereinafter referred to as FCCV), Spain.<\/li>\n<li>Asociaci\u00f3n Empresarial de Investigaci\u00f3n Centro Tecnol\u00f3gico Nacional Agroalimentario Extremadura (hereinafter referred to as CTAEX), Spain<\/li>\n<li>TopSeed (hereinafter referred to as TOPSEED), Israel.<\/li>\n<li>Phenome Networks (hereinafter referred to as PHEN), Israel.<\/li>\n<li>University of Tuscia (hereinafter referred to as UNITUS), Italy.<\/li>\n<li>National Taiwan University (hereinafter referred to as NTU), Taiwan.<\/li>\n<li>World Vegetable Center (Legal name: Asian Vegetable Research and Development Center) (hereinafter referred to as WorldVeg), Taiwan.<\/li>\n<\/ol>\n<p>&nbsp;<\/p>\n<p><strong>\u00a0<\/strong><\/p>\n<p><strong>This work was supported by European Commission H2020 research and\u00a0<\/strong><strong>innovation program through HARNESSTOM grant agreement no. 101000716. <\/strong><\/p>\n<p><strong>\u00a0<\/strong><\/p>\n<p><img loading=\"lazy\" decoding=\"async\" class=\"alignnone size-full wp-image-65820\" src=\"https:\/\/www.unitus.it\/wp-content\/uploads\/2024\/08\/Clipboard_08-26-2024_09.jpg\" alt=\"\" width=\"95\" height=\"63\" \/> \u00a0 \u00a0<a href=\"https:\/\/european-union.europa.eu\/select-language?destination=\/node\/1\">Your gateway to the EU, News, Highlights<\/a> | European Union<br \/>\nDiscover how the EU functions, its principles, priorities; find out about its history and member countries; learn about its legal basis and your EU rights.<br \/>\n<a href=\"http:\/\/www.europa.eu\">www.europa.eu<\/a><\/p>\n<p>&nbsp;<\/p>\n","protected":false},"excerpt":{"rendered":"<p>Harnessing the value of tomato genetic resources for now and the future HARNESSTOM ABSTRACT HARNESSTOM is an industry-driven Innovation Action that aims to improve the accessibility and to consolidate the [&hellip;]<\/p>\n","protected":false},"author":28,"featured_media":0,"parent":5652,"menu_order":8,"comment_status":"closed","ping_status":"closed","template":"","meta":{"_acf_changed":false,"_price":"","_stock":"","_tribe_ticket_header":"","_tribe_default_ticket_provider":"","_tribe_ticket_capacity":"","_ticket_start_date":"","_ticket_end_date":"","_tribe_ticket_show_description":"","_tribe_ticket_show_not_going":false,"_tribe_ticket_use_global_stock":"","_tribe_ticket_global_stock_level":"","_global_stock_mode":"","_global_stock_cap":"","_tribe_rsvp_for_event":"","_tribe_ticket_going_count":"","_tribe_ticket_not_going_count":"","_tribe_tickets_list":"[]","_tribe_ticket_has_attendee_info_fields":false,"footnotes":""},"ppma_author":[89],"class_list":["post-65979","page","type-page","status-publish","hentry"],"acf":[],"yoast_head":"<!-- This site is optimized with the Yoast SEO plugin v27.3 - https:\/\/yoast.com\/product\/yoast-seo-wordpress\/ -->\n<title>HARNESSTOM - Unitus<\/title>\n<meta name=\"robots\" content=\"index, follow, max-snippet:-1, max-image-preview:large, max-video-preview:-1\" \/>\n<link rel=\"canonical\" href=\"https:\/\/www.unitus.it\/en\/research\/progetti-di-ricerca\/harnesstom-2\/\" \/>\n<meta property=\"og:locale\" content=\"en_US\" \/>\n<meta property=\"og:type\" content=\"article\" \/>\n<meta property=\"og:title\" content=\"HARNESSTOM - Unitus\" \/>\n<meta property=\"og:description\" content=\"Harnessing the value of tomato genetic resources for now and the future HARNESSTOM ABSTRACT HARNESSTOM is an industry-driven Innovation Action that aims to improve the accessibility and to consolidate the [&hellip;]\" \/>\n<meta property=\"og:url\" content=\"https:\/\/www.unitus.it\/en\/research\/progetti-di-ricerca\/harnesstom-2\/\" \/>\n<meta property=\"og:site_name\" content=\"Unitus\" \/>\n<meta property=\"article:publisher\" content=\"https:\/\/www.facebook.com\/universitadeglistudidellatuscia\/\" \/>\n<meta property=\"article:modified_time\" content=\"2024-08-26T13:28:40+00:00\" \/>\n<meta property=\"og:image\" content=\"https:\/\/www.unitus.it\/wp-content\/uploads\/2024\/08\/Clipboard_08-26-2024_11.jpg\" \/>\n<meta name=\"twitter:card\" content=\"summary_large_image\" \/>\n<meta name=\"twitter:label1\" content=\"Est. reading time\" \/>\n\t<meta name=\"twitter:data1\" content=\"4 minutes\" \/>\n<!-- \/ Yoast SEO plugin. -->","yoast_head_json":{"title":"HARNESSTOM - Unitus","robots":{"index":"index","follow":"follow","max-snippet":"max-snippet:-1","max-image-preview":"max-image-preview:large","max-video-preview":"max-video-preview:-1"},"canonical":"https:\/\/www.unitus.it\/en\/research\/progetti-di-ricerca\/harnesstom-2\/","og_locale":"en_US","og_type":"article","og_title":"HARNESSTOM - Unitus","og_description":"Harnessing the value of tomato genetic resources for now and the future HARNESSTOM ABSTRACT HARNESSTOM is an industry-driven Innovation Action that aims to improve the accessibility and to consolidate the [&hellip;]","og_url":"https:\/\/www.unitus.it\/en\/research\/progetti-di-ricerca\/harnesstom-2\/","og_site_name":"Unitus","article_publisher":"https:\/\/www.facebook.com\/universitadeglistudidellatuscia\/","article_modified_time":"2024-08-26T13:28:40+00:00","og_image":[{"url":"https:\/\/www.unitus.it\/wp-content\/uploads\/2024\/08\/Clipboard_08-26-2024_11.jpg","type":"","width":"","height":""}],"twitter_card":"summary_large_image","twitter_misc":{"Est. reading time":"4 minutes"},"schema":{"@context":"https:\/\/schema.org","@graph":[{"@type":"WebPage","@id":"https:\/\/www.unitus.it\/en\/research\/progetti-di-ricerca\/harnesstom-2\/","url":"https:\/\/www.unitus.it\/en\/research\/progetti-di-ricerca\/harnesstom-2\/","name":"HARNESSTOM - Unitus","isPartOf":{"@id":"https:\/\/www.unitus.it\/#website"},"primaryImageOfPage":{"@id":"https:\/\/www.unitus.it\/en\/research\/progetti-di-ricerca\/harnesstom-2\/#primaryimage"},"image":{"@id":"https:\/\/www.unitus.it\/en\/research\/progetti-di-ricerca\/harnesstom-2\/#primaryimage"},"thumbnailUrl":"https:\/\/www.unitus.it\/wp-content\/uploads\/2024\/08\/Clipboard_08-26-2024_11.jpg","datePublished":"2024-08-26T09:30:22+00:00","dateModified":"2024-08-26T13:28:40+00:00","breadcrumb":{"@id":"https:\/\/www.unitus.it\/en\/research\/progetti-di-ricerca\/harnesstom-2\/#breadcrumb"},"inLanguage":"en-US","potentialAction":[{"@type":"ReadAction","target":["https:\/\/www.unitus.it\/en\/research\/progetti-di-ricerca\/harnesstom-2\/"]}]},{"@type":"ImageObject","inLanguage":"en-US","@id":"https:\/\/www.unitus.it\/en\/research\/progetti-di-ricerca\/harnesstom-2\/#primaryimage","url":"https:\/\/www.unitus.it\/wp-content\/uploads\/2024\/08\/Clipboard_08-26-2024_11.jpg","contentUrl":"https:\/\/www.unitus.it\/wp-content\/uploads\/2024\/08\/Clipboard_08-26-2024_11.jpg"},{"@type":"BreadcrumbList","@id":"https:\/\/www.unitus.it\/en\/research\/progetti-di-ricerca\/harnesstom-2\/#breadcrumb","itemListElement":[{"@type":"ListItem","position":1,"name":"Home","item":"https:\/\/www.unitus.it\/en\/"},{"@type":"ListItem","position":2,"name":"Research","item":"https:\/\/www.unitus.it\/en\/research\/"},{"@type":"ListItem","position":3,"name":"Progetti di Ricerca","item":"https:\/\/www.unitus.it\/en\/research\/progetti-di-ricerca\/"},{"@type":"ListItem","position":4,"name":"HARNESSTOM"}]},{"@type":"WebSite","@id":"https:\/\/www.unitus.it\/#website","url":"https:\/\/www.unitus.it\/","name":"Unitus","description":"","publisher":{"@id":"https:\/\/www.unitus.it\/#organization"},"potentialAction":[{"@type":"SearchAction","target":{"@type":"EntryPoint","urlTemplate":"https:\/\/www.unitus.it\/?s={search_term_string}"},"query-input":{"@type":"PropertyValueSpecification","valueRequired":true,"valueName":"search_term_string"}}],"inLanguage":"en-US"},{"@type":"Organization","@id":"https:\/\/www.unitus.it\/#organization","name":"Universit\u00e0 degli Studi della Tuscia","alternateName":"Unitus","url":"https:\/\/www.unitus.it\/","logo":{"@type":"ImageObject","inLanguage":"en-US","@id":"https:\/\/www.unitus.it\/#\/schema\/logo\/image\/","url":"https:\/\/www.unitus.it\/wp-content\/uploads\/2022\/04\/unitus_marchio_2020_tagliato.png","contentUrl":"https:\/\/www.unitus.it\/wp-content\/uploads\/2022\/04\/unitus_marchio_2020_tagliato.png","width":1708,"height":660,"caption":"Universit\u00e0 degli Studi della Tuscia"},"image":{"@id":"https:\/\/www.unitus.it\/#\/schema\/logo\/image\/"},"sameAs":["https:\/\/www.facebook.com\/universitadeglistudidellatuscia\/"]}]}},"_links":{"self":[{"href":"https:\/\/www.unitus.it\/en\/wp-json\/wp\/v2\/pages\/65979","targetHints":{"allow":["GET"]}}],"collection":[{"href":"https:\/\/www.unitus.it\/en\/wp-json\/wp\/v2\/pages"}],"about":[{"href":"https:\/\/www.unitus.it\/en\/wp-json\/wp\/v2\/types\/page"}],"author":[{"embeddable":true,"href":"https:\/\/www.unitus.it\/en\/wp-json\/wp\/v2\/users\/28"}],"replies":[{"embeddable":true,"href":"https:\/\/www.unitus.it\/en\/wp-json\/wp\/v2\/comments?post=65979"}],"version-history":[{"count":0,"href":"https:\/\/www.unitus.it\/en\/wp-json\/wp\/v2\/pages\/65979\/revisions"}],"up":[{"embeddable":true,"href":"https:\/\/www.unitus.it\/en\/wp-json\/wp\/v2\/pages\/5652"}],"wp:attachment":[{"href":"https:\/\/www.unitus.it\/en\/wp-json\/wp\/v2\/media?parent=65979"}],"wp:term":[{"taxonomy":"author","embeddable":true,"href":"https:\/\/www.unitus.it\/en\/wp-json\/wp\/v2\/ppma_author?post=65979"}],"curies":[{"name":"wp","href":"https:\/\/api.w.org\/{rel}","templated":true}]}}