{"id":5867,"date":"2022-06-01T00:57:39","date_gmt":"2022-05-31T22:57:39","guid":{"rendered":"https:\/\/unitusweb.azurewebsites.net\/ricerca\/valorizzazione-e-attrazione-di-talenti\/distinguished-chiara-fama\/"},"modified":"2023-10-14T22:12:08","modified_gmt":"2023-10-14T20:12:08","slug":"distinguished-chiara-fama","status":"publish","type":"page","link":"https:\/\/www.unitus.it\/en\/research\/valorizzazione-e-attrazione-di-talenti\/distinguished-chiara-fama\/","title":{"rendered":"Distinguished Chiara Fama"},"content":{"rendered":"<h2>Assunzione di Professori Ordinari (&#8220;Chiara Fama&#8221;)<\/h2>\n<p><em>Nel rispetto dei vincoli di bilancio, l&#8217;Universit\u00e0 degli Studi della Tuscia potrebbe anche procedere alla copertura di posizioni attraverso la chiamata diretta di scienziati che abbiano conseguito il grado di Professore Ordinario e che continuino a svolgere la loro attivit\u00e0 in modo esemplare ed eccellente.<\/em><\/p>\n<p>A tal fine, l&#8217;Universit\u00e0 presenta specifiche proposte al Ministero dell&#8217;Universit\u00e0 e della Ricerca, che pu\u00f2 concedere o respingere la nomina, previo parere della Commissione incaricata di svolgere le procedure per l&#8217;abilitazione scientifica nazionale, di cui all&#8217;art. 16, c. 3, lett. (a) e (b). 16, c. 3, lett. (f) DM n. 2010\/240 e s.m.i., per il settore scientifico per il quale si propone la chiamata diretta, da esprimersi entro 30 giorni dal rilascio della richiesta di parere.<\/p>\n<p>Il Rettore conferma la nomina con Decreto e stabilisce la relativa classe stipendiale sulla base dell&#8217;anzianit\u00e0 di servizio e del merito (art. 1, c. 9, DM n. 230\/2005).<\/p>\n<p>L&#8217;UNITUS invita a presentare una <strong>&#8220;Manifestazione di interesse&#8221; (Expression of Interest &#8211; EOI)<\/strong> per un posto di <strong>P<\/strong><strong>rofessore Straordinario (Chiara Fama)<\/strong> in qualsiasi settore di ricerca da coprire mediante procedura di Chiamata Diretta. Il bando \u00e8 disponibile <a href=\"https:\/\/www.unitus.it\/it\/unitus\/competitive-recruitment-program\/articolo\/chiamata-diretta-manifestazione-di-interesse\">qui<\/a>.<\/p>\n<p><em>Requisiti per il reclutamento di Professore Ordinario (Chiara Fama)<\/em>:<\/p>\n<p>L&#8217;UNITUS offre la possibilit\u00e0 di diventare Professore Straordinario(Chiara Fama) a studiosi di spicco che soddisfino i seguenti requisiti:<\/p>\n<ul>\n<li>aver ricoperto una posizione analoga in un&#8217;universit\u00e0 straniera o internazionale per almeno tre anni;<\/li>\n<li>essere stati insigniti di premi scientifici internazionali;<\/li>\n<li>aver ricoperto per almeno tre anni posizioni dirigenziali in istituti di ricerca internazionali altamente qualificati.<\/li>\n<\/ul>\n<p>La chiamata diretta richiede la consultazione delle <a href=\"https:\/\/abilitazione.miur.it\/public\/index.php?lang=eng\">Commissione Nazionale di Qualificazione Scientifica<\/a> (ASN).<\/p>\n<p><em>Approfondimenti<\/em><br \/>\n<a href=\"https:\/\/abilitazione.miur.it\/public\/index.php\">Abilitazione Scientifica Nazionale<\/a> (ASN).<\/p>\n<p>A partire dal 2012, accademici, scienziati e studiosi possono ottenere una nuova posizione o essere promossi a professore associato o ordinario attraverso una procedura specifica: l&#8217;Abilitazione Scientifica Nazionale (ASN).<\/p>\n<p>L&#8217;ASN implica una selezione a livello nazionale per ottenere una qualifica ufficiale chiamata &#8220;abilitazione&#8221;, senza la quale non \u00e8 possibile accedere alle pi\u00f9 alte posizioni accademiche.<\/p>\n<p>I bandi ufficiali (&#8220;concorsi nazionali&#8221;) sono emanati annualmente dal Ministero dell&#8217;Universit\u00e0 e della Ricerca per vari settori di reclutamento accademico (&#8220;raggruppamenti concorsuali&#8221;) e sono aperti per 4 mesi. Le domande vengono esaminate da commissioni composte da professori ordinari esperti. La qualifica \u00e8 valida per 9 anni.<\/p>\n<p>L&#8217;UNITUS \u00e8 un datore di lavoro con pari opportunit\u00e0 e intende valorizzare la diversit\u00e0 dei suoi membri di facolt\u00e0. Inoltre, l&#8217;UNITUS fornisce ai professori di nuova nomina vari tipi di supporto, come una borsa di studio di dottorato completamente finanziata e servizi di accoglienza, offrendo vantaggi per una pi\u00f9 rapida integrazione.<\/p>\n<p>Se intendete entrare a far parte di UNITUS, possiamo fornirvi assistenza per la preparazione della vostra domanda, contattate <a href=\"mailto:talent@unitus.it\">talent@unitus.it<\/a>.<\/p>\n<p>&nbsp;<\/p>\n","protected":false},"excerpt":{"rendered":"<p>Assunzione di Professori Ordinari (&#8220;Chiara Fama&#8221;) Nel rispetto dei vincoli di bilancio, l&#8217;Universit\u00e0 degli Studi della Tuscia potrebbe anche procedere alla copertura di posizioni attraverso la chiamata diretta di scienziati [&hellip;]<\/p>\n","protected":false},"author":1,"featured_media":0,"parent":5656,"menu_order":10,"comment_status":"closed","ping_status":"closed","template":"","meta":{"_acf_changed":false,"_price":"","_stock":"","_tribe_ticket_header":"","_tribe_default_ticket_provider":"","_tribe_ticket_capacity":"","_ticket_start_date":"","_ticket_end_date":"","_tribe_ticket_show_description":"","_tribe_ticket_show_not_going":false,"_tribe_ticket_use_global_stock":"","_tribe_ticket_global_stock_level":"","_global_stock_mode":"","_global_stock_cap":"","_tribe_rsvp_for_event":"","_tribe_ticket_going_count":"","_tribe_ticket_not_going_count":"","_tribe_tickets_list":"[]","_tribe_ticket_has_attendee_info_fields":false,"footnotes":""},"ppma_author":[86],"class_list":["post-5867","page","type-page","status-publish","hentry"],"acf":[],"yoast_head":"<!-- This site is optimized with the Yoast SEO plugin v27.3 - https:\/\/yoast.com\/product\/yoast-seo-wordpress\/ -->\n<title>Distinguished Chiara Fama - Unitus<\/title>\n<meta name=\"robots\" content=\"index, follow, max-snippet:-1, max-image-preview:large, max-video-preview:-1\" \/>\n<link rel=\"canonical\" href=\"https:\/\/www.unitus.it\/ricerca\/valorizzazione-e-attrazione-di-talenti\/distinguished-chiara-fama\/\" \/>\n<meta property=\"og:locale\" content=\"en_US\" \/>\n<meta property=\"og:type\" content=\"article\" \/>\n<meta property=\"og:title\" content=\"Distinguished Chiara Fama - Unitus\" \/>\n<meta property=\"og:description\" content=\"Assunzione di Professori Ordinari (&#8220;Chiara Fama&#8221;) Nel rispetto dei vincoli di bilancio, l&#8217;Universit\u00e0 degli Studi della Tuscia potrebbe anche procedere alla copertura di posizioni attraverso la chiamata diretta di scienziati [&hellip;]\" \/>\n<meta property=\"og:url\" content=\"https:\/\/www.unitus.it\/ricerca\/valorizzazione-e-attrazione-di-talenti\/distinguished-chiara-fama\/\" \/>\n<meta property=\"og:site_name\" content=\"Unitus\" \/>\n<meta property=\"article:publisher\" content=\"https:\/\/www.facebook.com\/universitadeglistudidellatuscia\/\" \/>\n<meta property=\"article:modified_time\" content=\"2023-10-14T20:12:08+00:00\" \/>\n<meta name=\"twitter:card\" content=\"summary_large_image\" \/>\n<meta name=\"twitter:label1\" content=\"Est. reading time\" \/>\n\t<meta name=\"twitter:data1\" content=\"3 minutes\" \/>\n<!-- \/ Yoast SEO plugin. -->","yoast_head_json":{"title":"Distinguished Chiara Fama - Unitus","robots":{"index":"index","follow":"follow","max-snippet":"max-snippet:-1","max-image-preview":"max-image-preview:large","max-video-preview":"max-video-preview:-1"},"canonical":"https:\/\/www.unitus.it\/ricerca\/valorizzazione-e-attrazione-di-talenti\/distinguished-chiara-fama\/","og_locale":"en_US","og_type":"article","og_title":"Distinguished Chiara Fama - Unitus","og_description":"Assunzione di Professori Ordinari (&#8220;Chiara Fama&#8221;) Nel rispetto dei vincoli di bilancio, l&#8217;Universit\u00e0 degli Studi della Tuscia potrebbe anche procedere alla copertura di posizioni attraverso la chiamata diretta di scienziati [&hellip;]","og_url":"https:\/\/www.unitus.it\/ricerca\/valorizzazione-e-attrazione-di-talenti\/distinguished-chiara-fama\/","og_site_name":"Unitus","article_publisher":"https:\/\/www.facebook.com\/universitadeglistudidellatuscia\/","article_modified_time":"2023-10-14T20:12:08+00:00","twitter_card":"summary_large_image","twitter_misc":{"Est. reading time":"3 minutes"},"schema":{"@context":"https:\/\/schema.org","@graph":[{"@type":"WebPage","@id":"https:\/\/www.unitus.it\/ricerca\/valorizzazione-e-attrazione-di-talenti\/distinguished-chiara-fama\/","url":"https:\/\/www.unitus.it\/ricerca\/valorizzazione-e-attrazione-di-talenti\/distinguished-chiara-fama\/","name":"Distinguished Chiara Fama - Unitus","isPartOf":{"@id":"https:\/\/www.unitus.it\/#website"},"datePublished":"2022-05-31T22:57:39+00:00","dateModified":"2023-10-14T20:12:08+00:00","breadcrumb":{"@id":"https:\/\/www.unitus.it\/ricerca\/valorizzazione-e-attrazione-di-talenti\/distinguished-chiara-fama\/#breadcrumb"},"inLanguage":"en-US","potentialAction":[{"@type":"ReadAction","target":["https:\/\/www.unitus.it\/ricerca\/valorizzazione-e-attrazione-di-talenti\/distinguished-chiara-fama\/"]}]},{"@type":"BreadcrumbList","@id":"https:\/\/www.unitus.it\/ricerca\/valorizzazione-e-attrazione-di-talenti\/distinguished-chiara-fama\/#breadcrumb","itemListElement":[{"@type":"ListItem","position":1,"name":"Home","item":"https:\/\/www.unitus.it\/en\/"},{"@type":"ListItem","position":2,"name":"Research","item":"https:\/\/www.unitus.it\/en\/research\/"},{"@type":"ListItem","position":3,"name":"Talent Valorization and Attraction","item":"https:\/\/www.unitus.it\/en\/research\/valorizzazione-e-attrazione-di-talenti\/"},{"@type":"ListItem","position":4,"name":"Distinguished Chiara Fama"}]},{"@type":"WebSite","@id":"https:\/\/www.unitus.it\/#website","url":"https:\/\/www.unitus.it\/","name":"Unitus","description":"","publisher":{"@id":"https:\/\/www.unitus.it\/#organization"},"potentialAction":[{"@type":"SearchAction","target":{"@type":"EntryPoint","urlTemplate":"https:\/\/www.unitus.it\/?s={search_term_string}"},"query-input":{"@type":"PropertyValueSpecification","valueRequired":true,"valueName":"search_term_string"}}],"inLanguage":"en-US"},{"@type":"Organization","@id":"https:\/\/www.unitus.it\/#organization","name":"Universit\u00e0 degli Studi della Tuscia","alternateName":"Unitus","url":"https:\/\/www.unitus.it\/","logo":{"@type":"ImageObject","inLanguage":"en-US","@id":"https:\/\/www.unitus.it\/#\/schema\/logo\/image\/","url":"https:\/\/www.unitus.it\/wp-content\/uploads\/2022\/04\/unitus_marchio_2020_tagliato.png","contentUrl":"https:\/\/www.unitus.it\/wp-content\/uploads\/2022\/04\/unitus_marchio_2020_tagliato.png","width":1708,"height":660,"caption":"Universit\u00e0 degli Studi della Tuscia"},"image":{"@id":"https:\/\/www.unitus.it\/#\/schema\/logo\/image\/"},"sameAs":["https:\/\/www.facebook.com\/universitadeglistudidellatuscia\/"]}]}},"_links":{"self":[{"href":"https:\/\/www.unitus.it\/en\/wp-json\/wp\/v2\/pages\/5867","targetHints":{"allow":["GET"]}}],"collection":[{"href":"https:\/\/www.unitus.it\/en\/wp-json\/wp\/v2\/pages"}],"about":[{"href":"https:\/\/www.unitus.it\/en\/wp-json\/wp\/v2\/types\/page"}],"author":[{"embeddable":true,"href":"https:\/\/www.unitus.it\/en\/wp-json\/wp\/v2\/users\/1"}],"replies":[{"embeddable":true,"href":"https:\/\/www.unitus.it\/en\/wp-json\/wp\/v2\/comments?post=5867"}],"version-history":[{"count":0,"href":"https:\/\/www.unitus.it\/en\/wp-json\/wp\/v2\/pages\/5867\/revisions"}],"up":[{"embeddable":true,"href":"https:\/\/www.unitus.it\/en\/wp-json\/wp\/v2\/pages\/5656"}],"wp:attachment":[{"href":"https:\/\/www.unitus.it\/en\/wp-json\/wp\/v2\/media?parent=5867"}],"wp:term":[{"taxonomy":"author","embeddable":true,"href":"https:\/\/www.unitus.it\/en\/wp-json\/wp\/v2\/ppma_author?post=5867"}],"curies":[{"name":"wp","href":"https:\/\/api.w.org\/{rel}","templated":true}]}}