{"id":5855,"date":"2022-06-01T00:57:39","date_gmt":"2022-05-31T22:57:39","guid":{"rendered":"https:\/\/unitusweb.azurewebsites.net\/ricerca\/brevetti\/sun-black\/"},"modified":"2023-06-03T14:59:41","modified_gmt":"2023-06-03T12:59:41","slug":"sun-black","status":"publish","type":"page","link":"https:\/\/www.unitus.it\/en\/research\/brevetti\/sun-black\/","title":{"rendered":"Sun Black\u2122"},"content":{"rendered":"<p><strong>TIPOLOGIA:<\/strong> marchio comunitario<\/p>\n<p><strong>TITOLO:<\/strong> Sun Black\u2122<\/p>\n<p><strong>INVENTORE:<\/strong> Andrea Mazzucato, Leonardo Varvaro, Giampiero Soressi, Alfredo Fabi, Maurizio Enea Picarella, Enrico Santangelo, Mariagrazia Antonelli.<\/p>\n<p><strong>TITOLARE:<\/strong> Universit\u00e0 degli Studi della Tuscia, Scuola Superiore &#8220;S.Anna&#8221; di Pisa, Ortofruttifero di Pacini Sara, S.r.l.<\/p>\n<p><strong>DATA DI DEPOSITO:<\/strong> 21\/10\/2009 n. 008184939<\/p>\n<p><strong>AMBITO TERRITORIALE DI TUTELA (internazionale):<\/strong> Europa<\/p>\n<p><strong>AREA:<\/strong> ortufrutticola<\/p>\n<p><strong>TIPOLOGIA:<\/strong> marchio comunitario<\/p>\n<p><strong>TITOLO: <\/strong>Sun Black\u2122<\/p>\n<p><strong>INVENTORE: <\/strong>Andrea Mazzucato, Leonardo Varvaro, Giampiero Soressi, Alfredo Fabi, Maurizio Enea Picarella, Enrico Santangelo, Mariagrazia Antonelli<\/p>\n<p><strong>TITOLARE: <\/strong>Universit\u00e0 degli Studi della Tuscia, Scuola Superiore &#8220;S.Anna&#8221; di Pisa, Ortofruttifero di Pacini Sara, S.r.l.<\/p>\n<p><strong>DATA DI DEPOSITO: <\/strong>21\/10\/2009 n. 008184939<\/p>\n<p><strong>AMBITO TERRITORIALE DI TUTELA <\/strong><strong>(internazionale): <\/strong>Europa<\/p>\n<p><strong>AREA: <\/strong>ortufrutticola<\/p>\n<p><strong>BREVE ABSTRACT:\u00a0 <\/strong><a href=\"http:\/\/www.pomodorosunblack.it\/\">www.pomodorosunblack.it<\/a><br \/>\nLa linea Sun Black\u2122 \u00e8 il prodotto di una ricerca svolta presso l\u2019Universit\u00e0 della Tuscia a cui hanno partecipato le Universit\u00e0 di Pisa, di Modena e Reggio Emilia e la Scuola Superiore Sant\u2019Anna di Pisa.Il progetto aveva lo scopo di studiare la possibilit\u00e0 di far produrre al pomodoro pigmenti antocianici annoverati tra quei composti che, per la loro attivit\u00e0 antiossidante, presentano numerosi effetti salutistici quando assunti con la dieta. Li troviamo in grandi quantit\u00e0 in arance rosse, mirtilli e uva nera, che difficilmente vengono consumati tutti i giorni. Avere la possibilit\u00e0 di assumere antociani con un cibo che rientra nella dieta quotidiana, come il pomodoro, consente di incrementare l\u2019assunzione di questi composti ad azione benefica. La buccia di Sun Black\u2122 contiene importanti quantit\u00e0 di antociani.<\/p>\n<p>&nbsp;<\/p>\n","protected":false},"excerpt":{"rendered":"<p>TIPOLOGIA: marchio comunitario TITOLO: Sun Black\u2122 INVENTORE: Andrea Mazzucato, Leonardo Varvaro, Giampiero Soressi, Alfredo Fabi, Maurizio Enea Picarella, Enrico Santangelo, Mariagrazia Antonelli. TITOLARE: Universit\u00e0 degli Studi della Tuscia, Scuola Superiore [&hellip;]<\/p>\n","protected":false},"author":1,"featured_media":0,"parent":5653,"menu_order":2,"comment_status":"closed","ping_status":"closed","template":"","meta":{"_acf_changed":false,"_price":"","_stock":"","_tribe_ticket_header":"","_tribe_default_ticket_provider":"","_tribe_ticket_capacity":"","_ticket_start_date":"","_ticket_end_date":"","_tribe_ticket_show_description":"","_tribe_ticket_show_not_going":false,"_tribe_ticket_use_global_stock":"","_tribe_ticket_global_stock_level":"","_global_stock_mode":"","_global_stock_cap":"","_tribe_rsvp_for_event":"","_tribe_ticket_going_count":"","_tribe_ticket_not_going_count":"","_tribe_tickets_list":"[]","_tribe_ticket_has_attendee_info_fields":false,"footnotes":""},"ppma_author":[],"class_list":["post-5855","page","type-page","status-publish","hentry"],"acf":[],"yoast_head":"<!-- This site is optimized with the Yoast SEO plugin v27.3 - https:\/\/yoast.com\/product\/yoast-seo-wordpress\/ -->\n<title>Sun Black\u2122 - Unitus<\/title>\n<meta name=\"description\" content=\"Scopri di pi\u00f9 sui Brevetti di Ricerca UNITUS, qui puoi trovare pi\u00f9 informazioni sul progetto SUN BLACK\" \/>\n<meta name=\"robots\" content=\"index, follow, max-snippet:-1, max-image-preview:large, max-video-preview:-1\" \/>\n<link rel=\"canonical\" href=\"https:\/\/www.unitus.it\/ricerca\/brevetti\/sun-black\/\" \/>\n<meta property=\"og:locale\" content=\"en_US\" \/>\n<meta property=\"og:type\" content=\"article\" \/>\n<meta property=\"og:title\" content=\"Sun Black\u2122 - Unitus\" \/>\n<meta property=\"og:description\" content=\"Scopri di pi\u00f9 sui Brevetti di Ricerca UNITUS, qui puoi trovare pi\u00f9 informazioni sul progetto SUN BLACK\" \/>\n<meta property=\"og:url\" content=\"https:\/\/www.unitus.it\/ricerca\/brevetti\/sun-black\/\" \/>\n<meta property=\"og:site_name\" content=\"Unitus\" \/>\n<meta property=\"article:publisher\" content=\"https:\/\/www.facebook.com\/universitadeglistudidellatuscia\/\" \/>\n<meta property=\"article:modified_time\" content=\"2023-06-03T12:59:41+00:00\" \/>\n<meta name=\"twitter:card\" content=\"summary_large_image\" \/>\n<meta name=\"twitter:label1\" content=\"Est. reading time\" \/>\n\t<meta name=\"twitter:data1\" content=\"2 minutes\" \/>\n<!-- \/ Yoast SEO plugin. -->","yoast_head_json":{"title":"Sun Black\u2122 - Unitus","description":"Scopri di pi\u00f9 sui Brevetti di Ricerca UNITUS, qui puoi trovare pi\u00f9 informazioni sul progetto SUN BLACK","robots":{"index":"index","follow":"follow","max-snippet":"max-snippet:-1","max-image-preview":"max-image-preview:large","max-video-preview":"max-video-preview:-1"},"canonical":"https:\/\/www.unitus.it\/ricerca\/brevetti\/sun-black\/","og_locale":"en_US","og_type":"article","og_title":"Sun Black\u2122 - Unitus","og_description":"Scopri di pi\u00f9 sui Brevetti di Ricerca UNITUS, qui puoi trovare pi\u00f9 informazioni sul progetto SUN BLACK","og_url":"https:\/\/www.unitus.it\/ricerca\/brevetti\/sun-black\/","og_site_name":"Unitus","article_publisher":"https:\/\/www.facebook.com\/universitadeglistudidellatuscia\/","article_modified_time":"2023-06-03T12:59:41+00:00","twitter_card":"summary_large_image","twitter_misc":{"Est. reading time":"2 minutes"},"schema":{"@context":"https:\/\/schema.org","@graph":[{"@type":"WebPage","@id":"https:\/\/www.unitus.it\/ricerca\/brevetti\/sun-black\/","url":"https:\/\/www.unitus.it\/ricerca\/brevetti\/sun-black\/","name":"Sun Black\u2122 - Unitus","isPartOf":{"@id":"https:\/\/www.unitus.it\/#website"},"datePublished":"2022-05-31T22:57:39+00:00","dateModified":"2023-06-03T12:59:41+00:00","description":"Scopri di pi\u00f9 sui Brevetti di Ricerca UNITUS, qui puoi trovare pi\u00f9 informazioni sul progetto SUN BLACK","breadcrumb":{"@id":"https:\/\/www.unitus.it\/ricerca\/brevetti\/sun-black\/#breadcrumb"},"inLanguage":"en-US","potentialAction":[{"@type":"ReadAction","target":["https:\/\/www.unitus.it\/ricerca\/brevetti\/sun-black\/"]}]},{"@type":"BreadcrumbList","@id":"https:\/\/www.unitus.it\/ricerca\/brevetti\/sun-black\/#breadcrumb","itemListElement":[{"@type":"ListItem","position":1,"name":"Home","item":"https:\/\/www.unitus.it\/en\/"},{"@type":"ListItem","position":2,"name":"Research","item":"https:\/\/www.unitus.it\/en\/research\/"},{"@type":"ListItem","position":3,"name":"Patents","item":"https:\/\/www.unitus.it\/en\/research\/brevetti\/"},{"@type":"ListItem","position":4,"name":"Sun Black\u2122"}]},{"@type":"WebSite","@id":"https:\/\/www.unitus.it\/#website","url":"https:\/\/www.unitus.it\/","name":"Unitus","description":"","publisher":{"@id":"https:\/\/www.unitus.it\/#organization"},"potentialAction":[{"@type":"SearchAction","target":{"@type":"EntryPoint","urlTemplate":"https:\/\/www.unitus.it\/?s={search_term_string}"},"query-input":{"@type":"PropertyValueSpecification","valueRequired":true,"valueName":"search_term_string"}}],"inLanguage":"en-US"},{"@type":"Organization","@id":"https:\/\/www.unitus.it\/#organization","name":"Universit\u00e0 degli Studi della Tuscia","alternateName":"Unitus","url":"https:\/\/www.unitus.it\/","logo":{"@type":"ImageObject","inLanguage":"en-US","@id":"https:\/\/www.unitus.it\/#\/schema\/logo\/image\/","url":"https:\/\/www.unitus.it\/wp-content\/uploads\/2022\/04\/unitus_marchio_2020_tagliato.png","contentUrl":"https:\/\/www.unitus.it\/wp-content\/uploads\/2022\/04\/unitus_marchio_2020_tagliato.png","width":1708,"height":660,"caption":"Universit\u00e0 degli Studi della Tuscia"},"image":{"@id":"https:\/\/www.unitus.it\/#\/schema\/logo\/image\/"},"sameAs":["https:\/\/www.facebook.com\/universitadeglistudidellatuscia\/"]}]}},"_links":{"self":[{"href":"https:\/\/www.unitus.it\/en\/wp-json\/wp\/v2\/pages\/5855","targetHints":{"allow":["GET"]}}],"collection":[{"href":"https:\/\/www.unitus.it\/en\/wp-json\/wp\/v2\/pages"}],"about":[{"href":"https:\/\/www.unitus.it\/en\/wp-json\/wp\/v2\/types\/page"}],"author":[{"embeddable":true,"href":"https:\/\/www.unitus.it\/en\/wp-json\/wp\/v2\/users\/1"}],"replies":[{"embeddable":true,"href":"https:\/\/www.unitus.it\/en\/wp-json\/wp\/v2\/comments?post=5855"}],"version-history":[{"count":0,"href":"https:\/\/www.unitus.it\/en\/wp-json\/wp\/v2\/pages\/5855\/revisions"}],"up":[{"embeddable":true,"href":"https:\/\/www.unitus.it\/en\/wp-json\/wp\/v2\/pages\/5653"}],"wp:attachment":[{"href":"https:\/\/www.unitus.it\/en\/wp-json\/wp\/v2\/media?parent=5855"}],"wp:term":[{"taxonomy":"author","embeddable":true,"href":"https:\/\/www.unitus.it\/en\/wp-json\/wp\/v2\/ppma_author?post=5855"}],"curies":[{"name":"wp","href":"https:\/\/api.w.org\/{rel}","templated":true}]}}