{"id":5853,"date":"2022-06-01T00:57:39","date_gmt":"2022-05-31T22:57:39","guid":{"rendered":"https:\/\/unitusweb.azurewebsites.net\/ricerca\/brevetti\/disidratatore\/"},"modified":"2023-06-03T14:58:16","modified_gmt":"2023-06-03T12:58:16","slug":"disidratatore","status":"publish","type":"page","link":"https:\/\/www.unitus.it\/en\/research\/brevetti\/disidratatore\/","title":{"rendered":"Disidratatore dinamico per ortofrutticoli basato su tecnologia IoT"},"content":{"rendered":"<p><strong>TIPOLOGIA:<\/strong> Brevetto<\/p>\n<p><strong>TITOLO:<\/strong> Disidratatore dinamico per ortofrutticoli basato su tecnologia IoT (internet of Things)<\/p>\n<p><strong>INVENTORE:<\/strong> Riccardo Massantini (47%), Roberto Moscetti (47%), Flavio Raponi (6%)<\/p>\n<p>TITOLARE: Universit\u00e0 degli Studi della Tuscia di Viterbo<\/p>\n<p><strong>DATA DI DEPOSITO:<\/strong> la domanda di brevetto (n. 102016000107635) \u00e8 stata presentata il 25\/10\/2016. Il rapporto di ricerca \u00e8 stato stilato in data 28\/07\/2017 ed attualmente il brevetto \u00e8 in procinto di essere sottoposto alla seconda ed ultima fase di valutazione.<\/p>\n<p><strong>AMBITO TERRITORIALE DI TUTELA (Internazionale):<\/strong> Nazionale.<\/p>\n<p><strong>AREA:<\/strong> Industrie produttrici\/sviluppatrici di essiccatori domestici, produttori di sensori elettronici da implementare al disidratatore, produttori di applicazioni compatibili con i pi\u00f9 comuni sistemi operativi, smartphone e tablet, produttori di prodotti disidratati interessati ad estendere l\u2019uso ad impianti di essiccazione industriale.<\/p>\n<p><strong>BREVE ABSTRACT:<\/strong><br \/>\nIl disidratatore domestico oggetto del brevetto \u00e8 stato sviluppato secondo il paradigma degli Internet of Things. Lo strumento \u00e8 quindi costantemente connesso ad internet ed \u00e8 in grado di comunicare con l\u2019utilizzatore attraverso pc, smartphone e tablet. Nel dettaglio, \u00e8 configurato affinch\u00e9 fornisca al consumatore informazioni in tempo reale riguardo all\u2019andamento del processo di disidratazione. Inoltre, in maniera del tutto automatizzata, il disidratatore \u00e8 in grado di adattare dinamicamente i parametri di funzionamento del processo in base alla tipologia di alimento, in modo da ottimizzare o diversificare le caratteristiche del prodotto finito.<\/p>\n","protected":false},"excerpt":{"rendered":"<p>TIPOLOGIA: Brevetto TITOLO: Disidratatore dinamico per ortofrutticoli basato su tecnologia IoT (internet of Things) INVENTORE: Riccardo Massantini (47%), Roberto Moscetti (47%), Flavio Raponi (6%) TITOLARE: Universit\u00e0 degli Studi della Tuscia [&hellip;]<\/p>\n","protected":false},"author":1,"featured_media":0,"parent":5653,"menu_order":1,"comment_status":"closed","ping_status":"closed","template":"","meta":{"_acf_changed":false,"_price":"","_stock":"","_tribe_ticket_header":"","_tribe_default_ticket_provider":"","_tribe_ticket_capacity":"","_ticket_start_date":"","_ticket_end_date":"","_tribe_ticket_show_description":"","_tribe_ticket_show_not_going":false,"_tribe_ticket_use_global_stock":"","_tribe_ticket_global_stock_level":"","_global_stock_mode":"","_global_stock_cap":"","_tribe_rsvp_for_event":"","_tribe_ticket_going_count":"","_tribe_ticket_not_going_count":"","_tribe_tickets_list":"[]","_tribe_ticket_has_attendee_info_fields":false,"footnotes":""},"ppma_author":[],"class_list":["post-5853","page","type-page","status-publish","hentry"],"acf":[],"yoast_head":"<!-- This site is optimized with the Yoast SEO plugin v27.3 - https:\/\/yoast.com\/product\/yoast-seo-wordpress\/ -->\n<title>Disidratatore dinamico per ortofrutticoli basato su tecnologia IoT - Unitus<\/title>\n<meta name=\"description\" content=\"Scopri di pi\u00f9 sui Brevetti di Ricerca UNITUS, qui puoi trovare pi\u00f9 informazioni sul progetto Disidratatore dinamico per ortofrutticoli basato su tecnologia IoT\" \/>\n<meta name=\"robots\" content=\"index, follow, max-snippet:-1, max-image-preview:large, max-video-preview:-1\" \/>\n<link rel=\"canonical\" href=\"https:\/\/www.unitus.it\/ricerca\/brevetti\/disidratatore\/\" \/>\n<meta property=\"og:locale\" content=\"en_US\" \/>\n<meta property=\"og:type\" content=\"article\" \/>\n<meta property=\"og:title\" content=\"Disidratatore dinamico per ortofrutticoli basato su tecnologia IoT - Unitus\" \/>\n<meta property=\"og:description\" content=\"Scopri di pi\u00f9 sui Brevetti di Ricerca UNITUS, qui puoi trovare pi\u00f9 informazioni sul progetto Disidratatore dinamico per ortofrutticoli basato su tecnologia IoT\" \/>\n<meta property=\"og:url\" content=\"https:\/\/www.unitus.it\/ricerca\/brevetti\/disidratatore\/\" \/>\n<meta property=\"og:site_name\" content=\"Unitus\" \/>\n<meta property=\"article:publisher\" content=\"https:\/\/www.facebook.com\/universitadeglistudidellatuscia\/\" \/>\n<meta property=\"article:modified_time\" content=\"2023-06-03T12:58:16+00:00\" \/>\n<meta name=\"twitter:card\" content=\"summary_large_image\" \/>\n<meta name=\"twitter:label1\" content=\"Est. reading time\" \/>\n\t<meta name=\"twitter:data1\" content=\"2 minutes\" \/>\n<!-- \/ Yoast SEO plugin. -->","yoast_head_json":{"title":"Disidratatore dinamico per ortofrutticoli basato su tecnologia IoT - Unitus","description":"Scopri di pi\u00f9 sui Brevetti di Ricerca UNITUS, qui puoi trovare pi\u00f9 informazioni sul progetto Disidratatore dinamico per ortofrutticoli basato su tecnologia IoT","robots":{"index":"index","follow":"follow","max-snippet":"max-snippet:-1","max-image-preview":"max-image-preview:large","max-video-preview":"max-video-preview:-1"},"canonical":"https:\/\/www.unitus.it\/ricerca\/brevetti\/disidratatore\/","og_locale":"en_US","og_type":"article","og_title":"Disidratatore dinamico per ortofrutticoli basato su tecnologia IoT - Unitus","og_description":"Scopri di pi\u00f9 sui Brevetti di Ricerca UNITUS, qui puoi trovare pi\u00f9 informazioni sul progetto Disidratatore dinamico per ortofrutticoli basato su tecnologia IoT","og_url":"https:\/\/www.unitus.it\/ricerca\/brevetti\/disidratatore\/","og_site_name":"Unitus","article_publisher":"https:\/\/www.facebook.com\/universitadeglistudidellatuscia\/","article_modified_time":"2023-06-03T12:58:16+00:00","twitter_card":"summary_large_image","twitter_misc":{"Est. reading time":"2 minutes"},"schema":{"@context":"https:\/\/schema.org","@graph":[{"@type":"WebPage","@id":"https:\/\/www.unitus.it\/ricerca\/brevetti\/disidratatore\/","url":"https:\/\/www.unitus.it\/ricerca\/brevetti\/disidratatore\/","name":"Disidratatore dinamico per ortofrutticoli basato su tecnologia IoT - Unitus","isPartOf":{"@id":"https:\/\/www.unitus.it\/#website"},"datePublished":"2022-05-31T22:57:39+00:00","dateModified":"2023-06-03T12:58:16+00:00","description":"Scopri di pi\u00f9 sui Brevetti di Ricerca UNITUS, qui puoi trovare pi\u00f9 informazioni sul progetto Disidratatore dinamico per ortofrutticoli basato su tecnologia IoT","breadcrumb":{"@id":"https:\/\/www.unitus.it\/ricerca\/brevetti\/disidratatore\/#breadcrumb"},"inLanguage":"en-US","potentialAction":[{"@type":"ReadAction","target":["https:\/\/www.unitus.it\/ricerca\/brevetti\/disidratatore\/"]}]},{"@type":"BreadcrumbList","@id":"https:\/\/www.unitus.it\/ricerca\/brevetti\/disidratatore\/#breadcrumb","itemListElement":[{"@type":"ListItem","position":1,"name":"Home","item":"https:\/\/www.unitus.it\/en\/"},{"@type":"ListItem","position":2,"name":"Research","item":"https:\/\/www.unitus.it\/en\/research\/"},{"@type":"ListItem","position":3,"name":"Patents","item":"https:\/\/www.unitus.it\/en\/research\/brevetti\/"},{"@type":"ListItem","position":4,"name":"Disidratatore dinamico per ortofrutticoli basato su tecnologia IoT"}]},{"@type":"WebSite","@id":"https:\/\/www.unitus.it\/#website","url":"https:\/\/www.unitus.it\/","name":"Unitus","description":"","publisher":{"@id":"https:\/\/www.unitus.it\/#organization"},"potentialAction":[{"@type":"SearchAction","target":{"@type":"EntryPoint","urlTemplate":"https:\/\/www.unitus.it\/?s={search_term_string}"},"query-input":{"@type":"PropertyValueSpecification","valueRequired":true,"valueName":"search_term_string"}}],"inLanguage":"en-US"},{"@type":"Organization","@id":"https:\/\/www.unitus.it\/#organization","name":"Universit\u00e0 degli Studi della Tuscia","alternateName":"Unitus","url":"https:\/\/www.unitus.it\/","logo":{"@type":"ImageObject","inLanguage":"en-US","@id":"https:\/\/www.unitus.it\/#\/schema\/logo\/image\/","url":"https:\/\/www.unitus.it\/wp-content\/uploads\/2022\/04\/unitus_marchio_2020_tagliato.png","contentUrl":"https:\/\/www.unitus.it\/wp-content\/uploads\/2022\/04\/unitus_marchio_2020_tagliato.png","width":1708,"height":660,"caption":"Universit\u00e0 degli Studi della Tuscia"},"image":{"@id":"https:\/\/www.unitus.it\/#\/schema\/logo\/image\/"},"sameAs":["https:\/\/www.facebook.com\/universitadeglistudidellatuscia\/"]}]}},"_links":{"self":[{"href":"https:\/\/www.unitus.it\/en\/wp-json\/wp\/v2\/pages\/5853","targetHints":{"allow":["GET"]}}],"collection":[{"href":"https:\/\/www.unitus.it\/en\/wp-json\/wp\/v2\/pages"}],"about":[{"href":"https:\/\/www.unitus.it\/en\/wp-json\/wp\/v2\/types\/page"}],"author":[{"embeddable":true,"href":"https:\/\/www.unitus.it\/en\/wp-json\/wp\/v2\/users\/1"}],"replies":[{"embeddable":true,"href":"https:\/\/www.unitus.it\/en\/wp-json\/wp\/v2\/comments?post=5853"}],"version-history":[{"count":0,"href":"https:\/\/www.unitus.it\/en\/wp-json\/wp\/v2\/pages\/5853\/revisions"}],"up":[{"embeddable":true,"href":"https:\/\/www.unitus.it\/en\/wp-json\/wp\/v2\/pages\/5653"}],"wp:attachment":[{"href":"https:\/\/www.unitus.it\/en\/wp-json\/wp\/v2\/media?parent=5853"}],"wp:term":[{"taxonomy":"author","embeddable":true,"href":"https:\/\/www.unitus.it\/en\/wp-json\/wp\/v2\/ppma_author?post=5853"}],"curies":[{"name":"wp","href":"https:\/\/api.w.org\/{rel}","templated":true}]}}