{"id":5851,"date":"2022-06-01T00:57:39","date_gmt":"2022-05-31T22:57:39","guid":{"rendered":"https:\/\/unitusweb.azurewebsites.net\/ricerca\/brevetti\/raffaello\/"},"modified":"2023-06-03T14:55:35","modified_gmt":"2023-06-03T12:55:35","slug":"raffaello","status":"publish","type":"page","link":"https:\/\/www.unitus.it\/en\/research\/brevetti\/raffaello\/","title":{"rendered":"Variet\u00e0 di carciofo (Cynara scolymus L.) denominate Raffaello"},"content":{"rendered":"<p><strong>TIPOLOGIA:<\/strong> Nuova variet\u00e0 vegetale<\/p>\n<p><strong>TITOLO:<\/strong> Variet\u00e0 di carciofo (Cynara scolymus L.) denominate Raffaello<\/p>\n<p><strong>INVENTORE:<\/strong> M.A. Pagnotta, F. Saccardo, P. Crin\u00f2, R. Tavazza<\/p>\n<p><strong>TITOLARE:<\/strong> Inventori + ARSIAL<\/p>\n<p><strong>DATA DI DEPOSITO:<\/strong> accettate e regolarmente appartenenti al registro delle Variet\u00e0 come risulta dalla Gazzetta Ufficiale n 91 del 18 aprile 2013<\/p>\n<p><strong>AMBITO TERRITORIALE DI TUTELA (Internazionale):<\/strong> Nazionale.<\/p>\n<p><strong>AREA:<\/strong><\/p>\n<p><strong>BREVE ABSTRACT:<\/strong><br \/>\nSelezione clonale di Ecotipi locali di Carciofo della tipologia Romanesco, Castellamare Mantenimento in purezza mediante moltiplicazione vegetativa. La Variet\u00e0 NON \u00e8 geneticamente modificata ai sensi della direttiva 90\/220\/CEE. La variet\u00e0 NON \u00e8 stata presentata ad altro registro varietale degli altri stati membri dell\u2019UE. Per la produzione della variet\u00e0 non occorre l\u2019utilizzazione di altre variet\u00e0 iscritte ai registri. Responsabile conservazione in purezza Ente che ha effettuato la prova ARSIAL<\/p>\n","protected":false},"excerpt":{"rendered":"<p>TIPOLOGIA: Nuova variet\u00e0 vegetale TITOLO: Variet\u00e0 di carciofo (Cynara scolymus L.) denominate Raffaello INVENTORE: M.A. Pagnotta, F. Saccardo, P. Crin\u00f2, R. Tavazza TITOLARE: Inventori + ARSIAL DATA DI DEPOSITO: accettate [&hellip;]<\/p>\n","protected":false},"author":1,"featured_media":0,"parent":5653,"menu_order":3,"comment_status":"closed","ping_status":"closed","template":"","meta":{"_acf_changed":false,"_price":"","_stock":"","_tribe_ticket_header":"","_tribe_default_ticket_provider":"","_tribe_ticket_capacity":"","_ticket_start_date":"","_ticket_end_date":"","_tribe_ticket_show_description":"","_tribe_ticket_show_not_going":false,"_tribe_ticket_use_global_stock":"","_tribe_ticket_global_stock_level":"","_global_stock_mode":"","_global_stock_cap":"","_tribe_rsvp_for_event":"","_tribe_ticket_going_count":"","_tribe_ticket_not_going_count":"","_tribe_tickets_list":"[]","_tribe_ticket_has_attendee_info_fields":false,"footnotes":""},"ppma_author":[86],"class_list":["post-5851","page","type-page","status-publish","hentry"],"acf":[],"yoast_head":"<!-- This site is optimized with the Yoast SEO plugin v27.2 - https:\/\/yoast.com\/product\/yoast-seo-wordpress\/ -->\n<title>Variet\u00e0 di carciofo (Cynara scolymus L.) denominate Raffaello - Unitus<\/title>\n<meta name=\"robots\" content=\"index, follow, max-snippet:-1, max-image-preview:large, max-video-preview:-1\" \/>\n<link rel=\"canonical\" href=\"https:\/\/www.unitus.it\/en\/research\/brevetti\/raffaello\/\" \/>\n<meta property=\"og:locale\" content=\"en_US\" \/>\n<meta property=\"og:type\" content=\"article\" \/>\n<meta property=\"og:title\" content=\"Variet\u00e0 di carciofo (Cynara scolymus L.) denominate Raffaello - Unitus\" \/>\n<meta property=\"og:description\" content=\"TIPOLOGIA: Nuova variet\u00e0 vegetale TITOLO: Variet\u00e0 di carciofo (Cynara scolymus L.) denominate Raffaello INVENTORE: M.A. Pagnotta, F. Saccardo, P. Crin\u00f2, R. Tavazza TITOLARE: Inventori + ARSIAL DATA DI DEPOSITO: accettate [&hellip;]\" \/>\n<meta property=\"og:url\" content=\"https:\/\/www.unitus.it\/en\/research\/brevetti\/raffaello\/\" \/>\n<meta property=\"og:site_name\" content=\"Unitus\" \/>\n<meta property=\"article:publisher\" content=\"https:\/\/www.facebook.com\/universitadeglistudidellatuscia\/\" \/>\n<meta property=\"article:modified_time\" content=\"2023-06-03T12:55:35+00:00\" \/>\n<meta name=\"twitter:card\" content=\"summary_large_image\" \/>\n<meta name=\"twitter:label1\" content=\"Est. reading time\" \/>\n\t<meta name=\"twitter:data1\" content=\"1 minute\" \/>\n<!-- \/ Yoast SEO plugin. -->","yoast_head_json":{"title":"Variet\u00e0 di carciofo (Cynara scolymus L.) denominate Raffaello - Unitus","robots":{"index":"index","follow":"follow","max-snippet":"max-snippet:-1","max-image-preview":"max-image-preview:large","max-video-preview":"max-video-preview:-1"},"canonical":"https:\/\/www.unitus.it\/en\/research\/brevetti\/raffaello\/","og_locale":"en_US","og_type":"article","og_title":"Variet\u00e0 di carciofo (Cynara scolymus L.) denominate Raffaello - Unitus","og_description":"TIPOLOGIA: Nuova variet\u00e0 vegetale TITOLO: Variet\u00e0 di carciofo (Cynara scolymus L.) denominate Raffaello INVENTORE: M.A. Pagnotta, F. Saccardo, P. Crin\u00f2, R. Tavazza TITOLARE: Inventori + ARSIAL DATA DI DEPOSITO: accettate [&hellip;]","og_url":"https:\/\/www.unitus.it\/en\/research\/brevetti\/raffaello\/","og_site_name":"Unitus","article_publisher":"https:\/\/www.facebook.com\/universitadeglistudidellatuscia\/","article_modified_time":"2023-06-03T12:55:35+00:00","twitter_card":"summary_large_image","twitter_misc":{"Est. reading time":"1 minute"},"schema":{"@context":"https:\/\/schema.org","@graph":[{"@type":"WebPage","@id":"https:\/\/www.unitus.it\/en\/research\/brevetti\/raffaello\/","url":"https:\/\/www.unitus.it\/en\/research\/brevetti\/raffaello\/","name":"Variet\u00e0 di carciofo (Cynara scolymus L.) denominate Raffaello - Unitus","isPartOf":{"@id":"https:\/\/www.unitus.it\/#website"},"datePublished":"2022-05-31T22:57:39+00:00","dateModified":"2023-06-03T12:55:35+00:00","breadcrumb":{"@id":"https:\/\/www.unitus.it\/en\/research\/brevetti\/raffaello\/#breadcrumb"},"inLanguage":"en-US","potentialAction":[{"@type":"ReadAction","target":["https:\/\/www.unitus.it\/en\/research\/brevetti\/raffaello\/"]}]},{"@type":"BreadcrumbList","@id":"https:\/\/www.unitus.it\/en\/research\/brevetti\/raffaello\/#breadcrumb","itemListElement":[{"@type":"ListItem","position":1,"name":"Home","item":"https:\/\/www.unitus.it\/en\/"},{"@type":"ListItem","position":2,"name":"Research","item":"https:\/\/www.unitus.it\/en\/research\/"},{"@type":"ListItem","position":3,"name":"Patents","item":"https:\/\/www.unitus.it\/en\/research\/brevetti\/"},{"@type":"ListItem","position":4,"name":"Variet\u00e0 di carciofo (Cynara scolymus L.) denominate Raffaello"}]},{"@type":"WebSite","@id":"https:\/\/www.unitus.it\/#website","url":"https:\/\/www.unitus.it\/","name":"Unitus","description":"","publisher":{"@id":"https:\/\/www.unitus.it\/#organization"},"potentialAction":[{"@type":"SearchAction","target":{"@type":"EntryPoint","urlTemplate":"https:\/\/www.unitus.it\/?s={search_term_string}"},"query-input":{"@type":"PropertyValueSpecification","valueRequired":true,"valueName":"search_term_string"}}],"inLanguage":"en-US"},{"@type":"Organization","@id":"https:\/\/www.unitus.it\/#organization","name":"Universit\u00e0 degli Studi della Tuscia","alternateName":"Unitus","url":"https:\/\/www.unitus.it\/","logo":{"@type":"ImageObject","inLanguage":"en-US","@id":"https:\/\/www.unitus.it\/#\/schema\/logo\/image\/","url":"https:\/\/www.unitus.it\/wp-content\/uploads\/2022\/04\/unitus_marchio_2020_tagliato.png","contentUrl":"https:\/\/www.unitus.it\/wp-content\/uploads\/2022\/04\/unitus_marchio_2020_tagliato.png","width":1708,"height":660,"caption":"Universit\u00e0 degli Studi della Tuscia"},"image":{"@id":"https:\/\/www.unitus.it\/#\/schema\/logo\/image\/"},"sameAs":["https:\/\/www.facebook.com\/universitadeglistudidellatuscia\/"]}]}},"_links":{"self":[{"href":"https:\/\/www.unitus.it\/en\/wp-json\/wp\/v2\/pages\/5851","targetHints":{"allow":["GET"]}}],"collection":[{"href":"https:\/\/www.unitus.it\/en\/wp-json\/wp\/v2\/pages"}],"about":[{"href":"https:\/\/www.unitus.it\/en\/wp-json\/wp\/v2\/types\/page"}],"author":[{"embeddable":true,"href":"https:\/\/www.unitus.it\/en\/wp-json\/wp\/v2\/users\/1"}],"replies":[{"embeddable":true,"href":"https:\/\/www.unitus.it\/en\/wp-json\/wp\/v2\/comments?post=5851"}],"version-history":[{"count":0,"href":"https:\/\/www.unitus.it\/en\/wp-json\/wp\/v2\/pages\/5851\/revisions"}],"up":[{"embeddable":true,"href":"https:\/\/www.unitus.it\/en\/wp-json\/wp\/v2\/pages\/5653"}],"wp:attachment":[{"href":"https:\/\/www.unitus.it\/en\/wp-json\/wp\/v2\/media?parent=5851"}],"wp:term":[{"taxonomy":"author","embeddable":true,"href":"https:\/\/www.unitus.it\/en\/wp-json\/wp\/v2\/ppma_author?post=5851"}],"curies":[{"name":"wp","href":"https:\/\/api.w.org\/{rel}","templated":true}]}}