{"id":5808,"date":"2022-06-01T00:57:39","date_gmt":"2022-05-31T22:57:39","guid":{"rendered":"https:\/\/unitusweb.azurewebsites.net\/ricerca\/progetti-di-ricerca-2\/emesccut\/"},"modified":"2023-06-03T13:24:50","modified_gmt":"2023-06-03T11:24:50","slug":"emesccut","status":"publish","type":"page","link":"https:\/\/www.unitus.it\/en\/research\/progetti-di-ricerca\/emesccut\/","title":{"rendered":"Progetto EMESCCUT"},"content":{"rendered":"<p>Codice Domanda 54250705982<\/p>\n<h2><strong>&#8220;Strumenti innovativi per la valorizzazione della gestione forestale e dei servizi ecosistemici forestali del castagno&#8221;<\/strong><\/h2>\n<p>&nbsp;<\/p>\n<p><strong>ABSTRACT<\/strong><\/p>\n<p>La Regione Lazio ospita un patrimonio castanicolo di 30.000 ettari, gran parte dei quali sono boschi cedui gestiti per la produzione legnosa. Malgrado questo legno abbia dei caratteri fisico-meccanici di rilievo, esso ha scarse opportunit\u00e0 di valorizzazione in quanto gli sono preferite le produzioni d&#8217;importazione.<\/p>\n<p>Il progetto intende evidenziare i caratteri intrinseci ed esogeni del legno di castagno regionale e dei relativi ecosistemi, al fine di accrescere la sua competitivit\u00e0 rispetto ai vari altri legnami d&#8217;importazione. Molte delle conoscenze scientifiche e delle innovazioni sviluppate in ambito internazionale, nazionale e in seno all&#8217;Universit\u00e0 degli Studi della Tuscia stessa, finora hanno trovato scarsa opportunit\u00e0 per affermarsi. Da cui la necessit\u00e0 di lavorare sul trasferimento di queste conoscenze ed innovazioni. Le azioni che ci si propone dii sviluppare sono:<\/p>\n<ul>\n<li>procedere alla caratterizzazione genetica del legno di castagno regionale;<\/li>\n<li>tipicizzare i suoli e la biodiversit\u00e0 dei castagneti evidenziandone i benefici derivanti dalla gestione forestale sostenibile dei soprassuoli;<\/li>\n<li>evidenziare il rapporto acqua-suolo di castagno nell&#8217;ambito dei benefici sociali erogati dagli ecosistemi castanicoli;<\/li>\n<li>promuovere la certificazione della gestione forestale sostenibile come strumento di attestazione della qualit\u00e0 del sistema di gestione;<\/li>\n<li>determinare il surplus ecologico delle produzioni legnose di castagno ed il relativo beneficio sociale che ne deriverebbe dal preferire l&#8217;impiego del castagno rispetto ad altri legnami.<\/li>\n<\/ul>\n<p>La loro introduzione si ritiene sia utile per smentite la sub-alternit\u00e0 del legname di castagno regionale, per attestare la qualit\u00e0 della gestione forestale attuata, per misurare i vantaggi che l&#8217;impiego del legno di castagno potrebbe generare nel quadro dei cambiamenti climatici. Nel complesso, la loro divulgazione presso i vari committenti &#8211; in particolare i committenti istituzionali e le stazioni appaltanti pubbliche -, potrebbe accrescere le prospettive economiche delle aziende castanicole e delle filiere di lavorazione del legno.<\/p>\n<p>&nbsp;<\/p>\n<p>CUP F84I17000120009<\/p>\n<p>&nbsp;<\/p>\n<p><strong>PARTNER<\/strong><\/p>\n<ul>\n<li>Universit\u00e0 degli Studi della Tuscia (Capofila)<\/li>\n<li>Filippo Santovetti (Azienda Agricola);<\/li>\n<li>Gioacchino Sansoni (Azienda Agricola)<\/li>\n<li>Giuseppe Chiarini (Azienda Agricola)<\/li>\n<\/ul>\n","protected":false},"excerpt":{"rendered":"<p>Codice Domanda 54250705982 &#8220;Strumenti innovativi per la valorizzazione della gestione forestale e dei servizi ecosistemici forestali del castagno&#8221; &nbsp; ABSTRACT La Regione Lazio ospita un patrimonio castanicolo di 30.000 ettari, [&hellip;]<\/p>\n","protected":false},"author":1,"featured_media":0,"parent":5652,"menu_order":112,"comment_status":"closed","ping_status":"closed","template":"","meta":{"_acf_changed":false,"_price":"","_stock":"","_tribe_ticket_header":"","_tribe_default_ticket_provider":"","_tribe_ticket_capacity":"","_ticket_start_date":"","_ticket_end_date":"","_tribe_ticket_show_description":"","_tribe_ticket_show_not_going":false,"_tribe_ticket_use_global_stock":"","_tribe_ticket_global_stock_level":"","_global_stock_mode":"","_global_stock_cap":"","_tribe_rsvp_for_event":"","_tribe_ticket_going_count":"","_tribe_ticket_not_going_count":"","_tribe_tickets_list":"[]","_tribe_ticket_has_attendee_info_fields":false,"footnotes":""},"ppma_author":[],"class_list":["post-5808","page","type-page","status-publish","hentry"],"acf":[],"yoast_head":"<!-- This site is optimized with the Yoast SEO plugin v27.2 - https:\/\/yoast.com\/product\/yoast-seo-wordpress\/ -->\n<title>Progetto EMESCCUT - Unitus<\/title>\n<meta name=\"description\" content=\"Scopri di pi\u00f9 sui progetti di Ricerca UNITUS, qui puoi trovare pi\u00f9 informazioni sul progetto EMESCCUT\" \/>\n<meta name=\"robots\" content=\"index, follow, max-snippet:-1, max-image-preview:large, max-video-preview:-1\" \/>\n<link rel=\"canonical\" href=\"https:\/\/www.unitus.it\/ricerca\/progetti-di-ricerca\/emesccut\/\" \/>\n<meta property=\"og:locale\" content=\"en_US\" \/>\n<meta property=\"og:type\" content=\"article\" \/>\n<meta property=\"og:title\" content=\"Progetto EMESCCUT - Unitus\" \/>\n<meta property=\"og:description\" content=\"Scopri di pi\u00f9 sui progetti di Ricerca UNITUS, qui puoi trovare pi\u00f9 informazioni sul progetto EMESCCUT\" \/>\n<meta property=\"og:url\" content=\"https:\/\/www.unitus.it\/ricerca\/progetti-di-ricerca\/emesccut\/\" \/>\n<meta property=\"og:site_name\" content=\"Unitus\" \/>\n<meta property=\"article:publisher\" content=\"https:\/\/www.facebook.com\/universitadeglistudidellatuscia\/\" \/>\n<meta property=\"article:modified_time\" content=\"2023-06-03T11:24:50+00:00\" \/>\n<meta name=\"twitter:card\" content=\"summary_large_image\" \/>\n<meta name=\"twitter:label1\" content=\"Est. reading time\" \/>\n\t<meta name=\"twitter:data1\" content=\"2 minutes\" \/>\n<!-- \/ Yoast SEO plugin. -->","yoast_head_json":{"title":"Progetto EMESCCUT - Unitus","description":"Scopri di pi\u00f9 sui progetti di Ricerca UNITUS, qui puoi trovare pi\u00f9 informazioni sul progetto EMESCCUT","robots":{"index":"index","follow":"follow","max-snippet":"max-snippet:-1","max-image-preview":"max-image-preview:large","max-video-preview":"max-video-preview:-1"},"canonical":"https:\/\/www.unitus.it\/ricerca\/progetti-di-ricerca\/emesccut\/","og_locale":"en_US","og_type":"article","og_title":"Progetto EMESCCUT - Unitus","og_description":"Scopri di pi\u00f9 sui progetti di Ricerca UNITUS, qui puoi trovare pi\u00f9 informazioni sul progetto EMESCCUT","og_url":"https:\/\/www.unitus.it\/ricerca\/progetti-di-ricerca\/emesccut\/","og_site_name":"Unitus","article_publisher":"https:\/\/www.facebook.com\/universitadeglistudidellatuscia\/","article_modified_time":"2023-06-03T11:24:50+00:00","twitter_card":"summary_large_image","twitter_misc":{"Est. reading time":"2 minutes"},"schema":{"@context":"https:\/\/schema.org","@graph":[{"@type":"WebPage","@id":"https:\/\/www.unitus.it\/ricerca\/progetti-di-ricerca\/emesccut\/","url":"https:\/\/www.unitus.it\/ricerca\/progetti-di-ricerca\/emesccut\/","name":"Progetto EMESCCUT - Unitus","isPartOf":{"@id":"https:\/\/www.unitus.it\/#website"},"datePublished":"2022-05-31T22:57:39+00:00","dateModified":"2023-06-03T11:24:50+00:00","description":"Scopri di pi\u00f9 sui progetti di Ricerca UNITUS, qui puoi trovare pi\u00f9 informazioni sul progetto EMESCCUT","breadcrumb":{"@id":"https:\/\/www.unitus.it\/ricerca\/progetti-di-ricerca\/emesccut\/#breadcrumb"},"inLanguage":"en-US","potentialAction":[{"@type":"ReadAction","target":["https:\/\/www.unitus.it\/ricerca\/progetti-di-ricerca\/emesccut\/"]}]},{"@type":"BreadcrumbList","@id":"https:\/\/www.unitus.it\/ricerca\/progetti-di-ricerca\/emesccut\/#breadcrumb","itemListElement":[{"@type":"ListItem","position":1,"name":"Home","item":"https:\/\/www.unitus.it\/en\/"},{"@type":"ListItem","position":2,"name":"Research","item":"https:\/\/www.unitus.it\/en\/research\/"},{"@type":"ListItem","position":3,"name":"Progetti di Ricerca","item":"https:\/\/www.unitus.it\/en\/research\/progetti-di-ricerca\/"},{"@type":"ListItem","position":4,"name":"Progetto EMESCCUT"}]},{"@type":"WebSite","@id":"https:\/\/www.unitus.it\/#website","url":"https:\/\/www.unitus.it\/","name":"Unitus","description":"","publisher":{"@id":"https:\/\/www.unitus.it\/#organization"},"potentialAction":[{"@type":"SearchAction","target":{"@type":"EntryPoint","urlTemplate":"https:\/\/www.unitus.it\/?s={search_term_string}"},"query-input":{"@type":"PropertyValueSpecification","valueRequired":true,"valueName":"search_term_string"}}],"inLanguage":"en-US"},{"@type":"Organization","@id":"https:\/\/www.unitus.it\/#organization","name":"Universit\u00e0 degli Studi della Tuscia","alternateName":"Unitus","url":"https:\/\/www.unitus.it\/","logo":{"@type":"ImageObject","inLanguage":"en-US","@id":"https:\/\/www.unitus.it\/#\/schema\/logo\/image\/","url":"https:\/\/www.unitus.it\/wp-content\/uploads\/2022\/04\/unitus_marchio_2020_tagliato.png","contentUrl":"https:\/\/www.unitus.it\/wp-content\/uploads\/2022\/04\/unitus_marchio_2020_tagliato.png","width":1708,"height":660,"caption":"Universit\u00e0 degli Studi della Tuscia"},"image":{"@id":"https:\/\/www.unitus.it\/#\/schema\/logo\/image\/"},"sameAs":["https:\/\/www.facebook.com\/universitadeglistudidellatuscia\/"]}]}},"_links":{"self":[{"href":"https:\/\/www.unitus.it\/en\/wp-json\/wp\/v2\/pages\/5808","targetHints":{"allow":["GET"]}}],"collection":[{"href":"https:\/\/www.unitus.it\/en\/wp-json\/wp\/v2\/pages"}],"about":[{"href":"https:\/\/www.unitus.it\/en\/wp-json\/wp\/v2\/types\/page"}],"author":[{"embeddable":true,"href":"https:\/\/www.unitus.it\/en\/wp-json\/wp\/v2\/users\/1"}],"replies":[{"embeddable":true,"href":"https:\/\/www.unitus.it\/en\/wp-json\/wp\/v2\/comments?post=5808"}],"version-history":[{"count":0,"href":"https:\/\/www.unitus.it\/en\/wp-json\/wp\/v2\/pages\/5808\/revisions"}],"up":[{"embeddable":true,"href":"https:\/\/www.unitus.it\/en\/wp-json\/wp\/v2\/pages\/5652"}],"wp:attachment":[{"href":"https:\/\/www.unitus.it\/en\/wp-json\/wp\/v2\/media?parent=5808"}],"wp:term":[{"taxonomy":"author","embeddable":true,"href":"https:\/\/www.unitus.it\/en\/wp-json\/wp\/v2\/ppma_author?post=5808"}],"curies":[{"name":"wp","href":"https:\/\/api.w.org\/{rel}","templated":true}]}}