{"id":5802,"date":"2022-06-01T00:57:39","date_gmt":"2022-05-31T22:57:39","guid":{"rendered":"https:\/\/unitusweb.azurewebsites.net\/ricerca\/progetti-di-ricerca-2\/progetto-olivia\/"},"modified":"2023-12-28T18:31:22","modified_gmt":"2023-12-28T17:31:22","slug":"progetto-olivia","status":"publish","type":"page","link":"https:\/\/www.unitus.it\/en\/research\/progetti-di-ricerca\/progetto-olivia\/","title":{"rendered":"Progetto OLIVIA"},"content":{"rendered":"<p><img loading=\"lazy\" decoding=\"async\" class=\"alignnone wp-image-35894 size-full\" src=\"\/wp-content\/uploads\/2023\/12\/download.png\" alt=\"\" width=\"662\" height=\"150\" srcset=\"https:\/\/www.unitus.it\/wp-content\/uploads\/2023\/12\/download.png 662w, https:\/\/www.unitus.it\/wp-content\/uploads\/2023\/12\/download-300x68.png 300w\" sizes=\"auto, (max-width: 662px) 100vw, 662px\" \/><\/p>\n<p>Domanda PROT. A0375-2020-36407<br \/>\nCodice Progetto A0375E0161<\/p>\n<h2><strong>\u201cDeclino cognitivo, perdita di funzionalit\u00e0 muscolare e alterazioni del microbiota intestinale associati all\u2019invecchiamento: effetti protettivi dell\u2019idrossitirosolo, componente dell\u2019olio di oliva e di estratti da sottoprodotti oleari\u201d OLIVIA (Olio anti neuromuscoLo InVecchIAmento)&#8221;<\/strong><\/h2>\n<p>&nbsp;<\/p>\n<p><strong>ABSTRACT<\/strong><br \/>\nDeclino cognitivo, perdita di massa e forza muscolare, alterazioni della composizione del microbiota intestinale sono tratti patologici cronici legati all\u2019invecchiamento che possono essere prevenuti o ritardati con la dieta mediterranea. L\u2019idrossitirosolo (HTyr) \u00e8 un composto fenolico presente nell\u2019olio extravergine di oliva che pu\u00f2 esercitare un effetto protettivo in diverse patologie croniche associate all&#8217;et\u00e0 grazie alle sue propriet\u00e0 antiossidante, antinfiammatoria e neuroprotettiva. Recenti risultati pubblicati dal gruppo di ricerca hanno dimostrato che l\u2019HTyr svolge un&#8217;attivit\u00e0 pro-neurogenica, stimolando la proliferazione delle cellule staminali e progenitrici nelle nicchie neurogeniche del cervello in topi anziani e aumentando la sopravvivenza dei nuovi neuroni prodotti. Il presente progetto si propone di studiare in un modello animale di invecchiamento i potenziali effetti benefici del trattamento per via orale con HTyr e con estratti arricchiti in HTyr ottenuti dai sottoprodotti della produzione olearia tramite tecnologie innovative e sostenibili.<br \/>\nIn particolare, il progetto \u00e8 articolato nei seguenti WP:<br \/>\nWP1. Produzione di HTyr e di estratti arricchiti in HTyr. Responsabile: Prof.ssa Roberta Bernini &#8211; Universit\u00e0 degli Studi della Tuscia, Dipartimento di Scienze Agrarie e Forestali (DAFNE)<br \/>\nWP2. Effetti di HTyr e di estratti arricchiti sulla neurogenesi e le capacit\u00e0 cognitive di topi anziani. Responsabili: Dott.ssa Laura Micheli e Dott. Felice Tirone &#8211; Consiglio Nazionale delle Ricerche, Istituto di Biochimica e Biologia Cellulare (CNR-IBBC)<br \/>\nWP3. Effetti di HTyr e di estratti arricchiti sulla funzionalit\u00e0 del muscolo scheletrico in topi anziani. Responsabile: Dott.ssa Maurizia Caruso &#8211; Consiglio Nazionale delle Ricerche, Istituto di Biochimica e Biologia Cellulare (CNR-IBBC)<br \/>\nWP4. Effetti di HTyr e di estratti arricchiti sulla composizione del microbiota intestinale di topi anziani. Responsabili: Prof. Carla Caruso e Dott.ssa Laura Bertini &#8211; Universit\u00e0 degli Studi della Tuscia, Dipartimento di Scienze Ecologiche e Biologiche (DEB).<\/p>\n<p>CUP: B55F21003560008<br \/>\nContributo concesso: \u20ac 150.000<br \/>\nResponsabili scientifici: Prof.ssa Roberta BERNINI &#8211; Universit\u00e0 degli Studi della Tuscia, Dipartimento di Scienze Agrarie e Forestali (DAFNE); Prof.ssa Carla CARUSO &#8211; Universit\u00e0 degli Studi della Tuscia, Dipartimento di Scienze Ecologiche e Biologiche (DEB)<\/p>\n<p>&nbsp;<\/p>\n<p><strong>PARTNER<\/strong><\/p>\n<ul>\n<li>Consiglio Nazionale delle Ricerche, Istituto di Biochimica e Biologia Cellulare(CNR-IBBC), Monterotondo (Roma): Dott. Felice Tirone (Coordinatore del progetto), Dott.ssa Laura Micheli, Dott.ssa Maurizia Caruso, Dott.ssa Manuela Ceccarelli, Dott. Giorgio D\u2019Andrea, Dott.ssa Agnese Bonato.<\/li>\n<li>Universit\u00e0 degli Studi della Tuscia di Viterbo, Dipartimento di Scienze Agrarie e Forestali (DAFNE): Prof.ssa Roberta BerninI; Dipartimento di Scienze Ecologiche e Biologiche (DEB): Prof.ssa Carla Caruso, Dott.ssa Laura Bertini; Dott.ssa Gaia Salvatore FALCONIERI.<\/li>\n<\/ul>\n","protected":false},"excerpt":{"rendered":"<p>Domanda PROT. A0375-2020-36407 Codice Progetto A0375E0161 \u201cDeclino cognitivo, perdita di funzionalit\u00e0 muscolare e alterazioni del microbiota intestinale associati all\u2019invecchiamento: effetti protettivi dell\u2019idrossitirosolo, componente dell\u2019olio di oliva e di estratti da [&hellip;]<\/p>\n","protected":false},"author":1,"featured_media":0,"parent":5652,"menu_order":105,"comment_status":"closed","ping_status":"closed","template":"","meta":{"_acf_changed":false,"_price":"","_stock":"","_tribe_ticket_header":"","_tribe_default_ticket_provider":"","_tribe_ticket_capacity":"","_ticket_start_date":"","_ticket_end_date":"","_tribe_ticket_show_description":"","_tribe_ticket_show_not_going":false,"_tribe_ticket_use_global_stock":"","_tribe_ticket_global_stock_level":"","_global_stock_mode":"","_global_stock_cap":"","_tribe_rsvp_for_event":"","_tribe_ticket_going_count":"","_tribe_ticket_not_going_count":"","_tribe_tickets_list":"[]","_tribe_ticket_has_attendee_info_fields":false,"footnotes":""},"ppma_author":[86],"class_list":["post-5802","page","type-page","status-publish","hentry"],"acf":[],"yoast_head":"<!-- This site is optimized with the Yoast SEO plugin v27.2 - https:\/\/yoast.com\/product\/yoast-seo-wordpress\/ -->\n<title>Progetto OLIVIA - Unitus<\/title>\n<meta name=\"description\" content=\"Scopri di pi\u00f9 sui progetti di Ricerca UNITUS, qui puoi trovare pi\u00f9 informazioni sul progetto OLIVIA. Visita il sito per sapere di pi\u00f9!\" \/>\n<meta name=\"robots\" content=\"index, follow, max-snippet:-1, max-image-preview:large, max-video-preview:-1\" \/>\n<link rel=\"canonical\" href=\"https:\/\/www.unitus.it\/ricerca\/progetti-di-ricerca\/progetto-olivia\/\" \/>\n<meta property=\"og:locale\" content=\"en_US\" \/>\n<meta property=\"og:type\" content=\"article\" \/>\n<meta property=\"og:title\" content=\"Progetto OLIVIA - Unitus\" \/>\n<meta property=\"og:description\" content=\"Scopri di pi\u00f9 sui progetti di Ricerca UNITUS, qui puoi trovare pi\u00f9 informazioni sul progetto OLIVIA. Visita il sito per sapere di pi\u00f9!\" \/>\n<meta property=\"og:url\" content=\"https:\/\/www.unitus.it\/ricerca\/progetti-di-ricerca\/progetto-olivia\/\" \/>\n<meta property=\"og:site_name\" content=\"Unitus\" \/>\n<meta property=\"article:publisher\" content=\"https:\/\/www.facebook.com\/universitadeglistudidellatuscia\/\" \/>\n<meta property=\"article:modified_time\" content=\"2023-12-28T17:31:22+00:00\" \/>\n<meta name=\"twitter:card\" content=\"summary_large_image\" \/>\n<meta name=\"twitter:label1\" content=\"Est. reading time\" \/>\n\t<meta name=\"twitter:data1\" content=\"3 minutes\" \/>\n<!-- \/ Yoast SEO plugin. -->","yoast_head_json":{"title":"Progetto OLIVIA - Unitus","description":"Scopri di pi\u00f9 sui progetti di Ricerca UNITUS, qui puoi trovare pi\u00f9 informazioni sul progetto OLIVIA. Visita il sito per sapere di pi\u00f9!","robots":{"index":"index","follow":"follow","max-snippet":"max-snippet:-1","max-image-preview":"max-image-preview:large","max-video-preview":"max-video-preview:-1"},"canonical":"https:\/\/www.unitus.it\/ricerca\/progetti-di-ricerca\/progetto-olivia\/","og_locale":"en_US","og_type":"article","og_title":"Progetto OLIVIA - Unitus","og_description":"Scopri di pi\u00f9 sui progetti di Ricerca UNITUS, qui puoi trovare pi\u00f9 informazioni sul progetto OLIVIA. Visita il sito per sapere di pi\u00f9!","og_url":"https:\/\/www.unitus.it\/ricerca\/progetti-di-ricerca\/progetto-olivia\/","og_site_name":"Unitus","article_publisher":"https:\/\/www.facebook.com\/universitadeglistudidellatuscia\/","article_modified_time":"2023-12-28T17:31:22+00:00","twitter_card":"summary_large_image","twitter_misc":{"Est. reading time":"3 minutes"},"schema":{"@context":"https:\/\/schema.org","@graph":[{"@type":"WebPage","@id":"https:\/\/www.unitus.it\/ricerca\/progetti-di-ricerca\/progetto-olivia\/","url":"https:\/\/www.unitus.it\/ricerca\/progetti-di-ricerca\/progetto-olivia\/","name":"Progetto OLIVIA - Unitus","isPartOf":{"@id":"https:\/\/www.unitus.it\/#website"},"datePublished":"2022-05-31T22:57:39+00:00","dateModified":"2023-12-28T17:31:22+00:00","description":"Scopri di pi\u00f9 sui progetti di Ricerca UNITUS, qui puoi trovare pi\u00f9 informazioni sul progetto OLIVIA. Visita il sito per sapere di pi\u00f9!","breadcrumb":{"@id":"https:\/\/www.unitus.it\/ricerca\/progetti-di-ricerca\/progetto-olivia\/#breadcrumb"},"inLanguage":"en-US","potentialAction":[{"@type":"ReadAction","target":["https:\/\/www.unitus.it\/ricerca\/progetti-di-ricerca\/progetto-olivia\/"]}]},{"@type":"BreadcrumbList","@id":"https:\/\/www.unitus.it\/ricerca\/progetti-di-ricerca\/progetto-olivia\/#breadcrumb","itemListElement":[{"@type":"ListItem","position":1,"name":"Home","item":"https:\/\/www.unitus.it\/en\/"},{"@type":"ListItem","position":2,"name":"Research","item":"https:\/\/www.unitus.it\/en\/research\/"},{"@type":"ListItem","position":3,"name":"Progetti di Ricerca","item":"https:\/\/www.unitus.it\/en\/research\/progetti-di-ricerca\/"},{"@type":"ListItem","position":4,"name":"Progetto OLIVIA"}]},{"@type":"WebSite","@id":"https:\/\/www.unitus.it\/#website","url":"https:\/\/www.unitus.it\/","name":"Unitus","description":"","publisher":{"@id":"https:\/\/www.unitus.it\/#organization"},"potentialAction":[{"@type":"SearchAction","target":{"@type":"EntryPoint","urlTemplate":"https:\/\/www.unitus.it\/?s={search_term_string}"},"query-input":{"@type":"PropertyValueSpecification","valueRequired":true,"valueName":"search_term_string"}}],"inLanguage":"en-US"},{"@type":"Organization","@id":"https:\/\/www.unitus.it\/#organization","name":"Universit\u00e0 degli Studi della Tuscia","alternateName":"Unitus","url":"https:\/\/www.unitus.it\/","logo":{"@type":"ImageObject","inLanguage":"en-US","@id":"https:\/\/www.unitus.it\/#\/schema\/logo\/image\/","url":"https:\/\/www.unitus.it\/wp-content\/uploads\/2022\/04\/unitus_marchio_2020_tagliato.png","contentUrl":"https:\/\/www.unitus.it\/wp-content\/uploads\/2022\/04\/unitus_marchio_2020_tagliato.png","width":1708,"height":660,"caption":"Universit\u00e0 degli Studi della Tuscia"},"image":{"@id":"https:\/\/www.unitus.it\/#\/schema\/logo\/image\/"},"sameAs":["https:\/\/www.facebook.com\/universitadeglistudidellatuscia\/"]}]}},"_links":{"self":[{"href":"https:\/\/www.unitus.it\/en\/wp-json\/wp\/v2\/pages\/5802","targetHints":{"allow":["GET"]}}],"collection":[{"href":"https:\/\/www.unitus.it\/en\/wp-json\/wp\/v2\/pages"}],"about":[{"href":"https:\/\/www.unitus.it\/en\/wp-json\/wp\/v2\/types\/page"}],"author":[{"embeddable":true,"href":"https:\/\/www.unitus.it\/en\/wp-json\/wp\/v2\/users\/1"}],"replies":[{"embeddable":true,"href":"https:\/\/www.unitus.it\/en\/wp-json\/wp\/v2\/comments?post=5802"}],"version-history":[{"count":0,"href":"https:\/\/www.unitus.it\/en\/wp-json\/wp\/v2\/pages\/5802\/revisions"}],"up":[{"embeddable":true,"href":"https:\/\/www.unitus.it\/en\/wp-json\/wp\/v2\/pages\/5652"}],"wp:attachment":[{"href":"https:\/\/www.unitus.it\/en\/wp-json\/wp\/v2\/media?parent=5802"}],"wp:term":[{"taxonomy":"author","embeddable":true,"href":"https:\/\/www.unitus.it\/en\/wp-json\/wp\/v2\/ppma_author?post=5802"}],"curies":[{"name":"wp","href":"https:\/\/api.w.org\/{rel}","templated":true}]}}