{"id":5799,"date":"2022-06-01T00:57:39","date_gmt":"2022-05-31T22:57:39","guid":{"rendered":"https:\/\/unitusweb.azurewebsites.net\/ricerca\/progetti-di-ricerca-2\/progetto-bioedilcarbon\/"},"modified":"2023-11-17T17:33:32","modified_gmt":"2023-11-17T16:33:32","slug":"progetto-bioedilcarbon","status":"publish","type":"page","link":"https:\/\/www.unitus.it\/en\/research\/progetti-di-ricerca\/progetto-bioedilcarbon\/","title":{"rendered":"Progetto BIOEDILCARBON"},"content":{"rendered":"<h2><img loading=\"lazy\" decoding=\"async\" class=\"alignnone wp-image-31162\" src=\"\/wp-content\/uploads\/2023\/11\/barra-loghi-por-300x69.png\" alt=\"\" width=\"1000\" height=\"230\" srcset=\"https:\/\/www.unitus.it\/wp-content\/uploads\/2023\/11\/barra-loghi-por-300x69.png 300w, https:\/\/www.unitus.it\/wp-content\/uploads\/2023\/11\/barra-loghi-por.png 498w\" sizes=\"auto, (max-width: 1000px) 100vw, 1000px\" \/><\/h2>\n<p>Domanda PROT. A0375-2020-36712<\/p>\n<h2><strong>&#8220;Protezione della bioedilizia in legno: IOT e nanomateriali per lo stoccaggio di carbonio&#8221;<\/strong><\/h2>\n<p>&nbsp;<\/p>\n<p><strong>ABSTRACT<\/strong><br \/>\nIl progetto considera innovative modalit\u00e0 di promozione della bioedilizia in legno, al fine di prevenirne il degrado e valorizzare il ruolo di stoccaggio del carbonio. Un metro cubo di legno \u00e8 infatti in grado di contenere circa 1 tonnellata di CO2 equivalente contribuendo alla diminuzione dei Gas serra. La prevenzione del degrado da parte di funghi e insetti nei prodotti per la bioedilizia in legno, \u00e8 spesso affidata a metodi di antisepsi di tipo chimico ed alcuni dei prodotti pi\u00f9 comunemente utilizzati presentano delle criticit\u00e0 sotto il profilo della sostenibilit\u00e0 ambientale. Nuove opportunit\u00e0 in questo settore derivano dall\u2019uso dei nanomateriali su base polimerica che possono essere caricati anche con biocidi naturali per eseguire poi dei trattamenti preservanti sul legno. La realizzazione di un sistema IoT contribuisce all\u2019innovazione in BIOEDILCARBON, prevedendo un sistema di monitoraggio costante delle condizioni termoigrometriche ambientali con la possibilit\u00e0 di irrorare all\u2019occorrenza i compositi ingegnerizzati prima che inizi un degrado irreparabile. In BIOEDILCARBON nanomateriali e IoT sono congiunti per essere applicati sia su compositi in legno di nuova generazione (es. XLAM) che su strutture antiche.<\/p>\n<p>&nbsp;<\/p>\n<p>CUP: J85F21000440002<br \/>\nContributo concesso: \u20ac 148.681,15<br \/>\nResponsabile scientifico: Prof. Manuela Romagnoli &#8211; DIBAF<\/p>\n<p>&nbsp;<\/p>\n<p><strong>PARTNER<\/strong><\/p>\n<ul>\n<li>Universit\u00e0 degli Studi della Tuscia \u2013 Dipartimento per l\u2019Innovazione nei Sistemi Biologici, Agroalimentari e Forestali (DIBAF).<\/li>\n<li>Centro di Ricerca per Scienze Applicate alla Protezione Ambiente e Beni Culturali (CIABC )\u2013 Universit\u00e0 degli Studi della Sapienza (Roma).<\/li>\n<\/ul>\n<p>&nbsp;<\/p>\n<p><a id=\"m_7296648110133852784m_8799715685702868782m_8208532814120520118LPImageAnchor996662\" href=\"http:\/\/www.europa.eu\/\" target=\"_blank\" rel=\"noopener\" data-saferedirecturl=\"https:\/\/www.google.com\/url?q=http:\/\/www.europa.eu\/&amp;source=gmail&amp;ust=1700215492803000&amp;usg=AOvVaw2xhldNsED7Sk0ijJPpHQFw\"><img loading=\"lazy\" decoding=\"async\" id=\"m_7296648110133852784m_8799715685702868782m_8208532814120520118LPThumbnailImageId996662\" class=\"CToWUd alignleft\" src=\"https:\/\/ci6.googleusercontent.com\/proxy\/0W7_gZogzWFcNRL5U-YMQH0KEBYYFA6R6xrwQ6NYwSHL7kBj3yMdWLrIdm1NOZxQQbyMzFEGUXIda-_g6Mjp58llePlgl5utRDwfC3V6JTI-zU2di2fQLnEK5z5-3sqbfkuQ3ss6hyMpYfbbUA-jMxZW2iRH5s61Aml5WWF1Mb7om8AjN7igdQec0ueA5dNZSpYTIg=s0-d-e1-ft#https:\/\/european-union.europa.eu\/sites\/default\/files\/styles\/ewcms_metatag_image\/public\/2022-04\/european%20flag.png?itok=AeMZD1mC\" alt=\"\" width=\"240\" height=\"159\" data-bit=\"iit\" \/><\/a> <a href=\"https:\/\/european-union.europa.eu\/select-language?destination=\/node\/1\">Your gateway to the EU, News, Highlights<\/a> | European Union<br \/>\nDiscover how the EU functions, its principles, priorities; find out about its history and member countries; learn about its legal basis and your EU rights.<br \/>\n<a href=\"http:\/\/www.europa.eu\">www.europa.eu<\/a><\/p>\n<p>&nbsp;<\/p>\n","protected":false},"excerpt":{"rendered":"<p>Domanda PROT. A0375-2020-36712 &#8220;Protezione della bioedilizia in legno: IOT e nanomateriali per lo stoccaggio di carbonio&#8221; &nbsp; ABSTRACT Il progetto considera innovative modalit\u00e0 di promozione della bioedilizia in legno, al [&hellip;]<\/p>\n","protected":false},"author":1,"featured_media":0,"parent":5652,"menu_order":102,"comment_status":"closed","ping_status":"closed","template":"","meta":{"_acf_changed":false,"_price":"","_stock":"","_tribe_ticket_header":"","_tribe_default_ticket_provider":"","_tribe_ticket_capacity":"","_ticket_start_date":"","_ticket_end_date":"","_tribe_ticket_show_description":"","_tribe_ticket_show_not_going":false,"_tribe_ticket_use_global_stock":"","_tribe_ticket_global_stock_level":"","_global_stock_mode":"","_global_stock_cap":"","_tribe_rsvp_for_event":"","_tribe_ticket_going_count":"","_tribe_ticket_not_going_count":"","_tribe_tickets_list":"[]","_tribe_ticket_has_attendee_info_fields":false,"footnotes":""},"ppma_author":[86],"class_list":["post-5799","page","type-page","status-publish","hentry"],"acf":[],"yoast_head":"<!-- This site is optimized with the Yoast SEO plugin v27.6 - https:\/\/yoast.com\/product\/yoast-seo-wordpress\/ -->\n<title>Progetto BIOEDILCARBON - Unitus<\/title>\n<meta name=\"description\" content=\"Scopri di pi\u00f9 sui progetti di Ricerca UNITUS, qui puoi trovare pi\u00f9 informazioni sul progetto BIOEDILCARBON\" \/>\n<meta name=\"robots\" content=\"index, follow, max-snippet:-1, max-image-preview:large, max-video-preview:-1\" \/>\n<link rel=\"canonical\" href=\"https:\/\/www.unitus.it\/en\/research\/progetti-di-ricerca\/progetto-bioedilcarbon\/\" \/>\n<meta property=\"og:locale\" content=\"en_US\" \/>\n<meta property=\"og:type\" content=\"article\" \/>\n<meta property=\"og:title\" content=\"Progetto BIOEDILCARBON - Unitus\" \/>\n<meta property=\"og:description\" content=\"Scopri di pi\u00f9 sui progetti di Ricerca UNITUS, qui puoi trovare pi\u00f9 informazioni sul progetto BIOEDILCARBON\" \/>\n<meta property=\"og:url\" content=\"https:\/\/www.unitus.it\/en\/research\/progetti-di-ricerca\/progetto-bioedilcarbon\/\" \/>\n<meta property=\"og:site_name\" content=\"Unitus\" \/>\n<meta property=\"article:publisher\" content=\"https:\/\/www.facebook.com\/universitadeglistudidellatuscia\/\" \/>\n<meta property=\"article:modified_time\" content=\"2023-11-17T16:33:32+00:00\" \/>\n<meta property=\"og:image\" content=\"https:\/\/ci6.googleusercontent.com\/proxy\/0W7_gZogzWFcNRL5U-YMQH0KEBYYFA6R6xrwQ6NYwSHL7kBj3yMdWLrIdm1NOZxQQbyMzFEGUXIda-_g6Mjp58llePlgl5utRDwfC3V6JTI-zU2di2fQLnEK5z5-3sqbfkuQ3ss6hyMpYfbbUA-jMxZW2iRH5s61Aml5WWF1Mb7om8AjN7igdQec0ueA5dNZSpYTIg=s0-d-e1-ft#https:\/\/european-union.europa.eu\/sites\/default\/files\/styles\/ewcms_metatag_image\/public\/2022-04\/european%20flag.png?itok=AeMZD1mC\" \/>\n<meta name=\"twitter:card\" content=\"summary_large_image\" \/>\n<meta name=\"twitter:label1\" content=\"Est. reading time\" \/>\n\t<meta name=\"twitter:data1\" content=\"2 minutes\" \/>\n<!-- \/ Yoast SEO plugin. -->","yoast_head_json":{"title":"Progetto BIOEDILCARBON - Unitus","description":"Scopri di pi\u00f9 sui progetti di Ricerca UNITUS, qui puoi trovare pi\u00f9 informazioni sul progetto BIOEDILCARBON","robots":{"index":"index","follow":"follow","max-snippet":"max-snippet:-1","max-image-preview":"max-image-preview:large","max-video-preview":"max-video-preview:-1"},"canonical":"https:\/\/www.unitus.it\/en\/research\/progetti-di-ricerca\/progetto-bioedilcarbon\/","og_locale":"en_US","og_type":"article","og_title":"Progetto BIOEDILCARBON - Unitus","og_description":"Scopri di pi\u00f9 sui progetti di Ricerca UNITUS, qui puoi trovare pi\u00f9 informazioni sul progetto BIOEDILCARBON","og_url":"https:\/\/www.unitus.it\/en\/research\/progetti-di-ricerca\/progetto-bioedilcarbon\/","og_site_name":"Unitus","article_publisher":"https:\/\/www.facebook.com\/universitadeglistudidellatuscia\/","article_modified_time":"2023-11-17T16:33:32+00:00","og_image":[{"url":"https:\/\/ci6.googleusercontent.com\/proxy\/0W7_gZogzWFcNRL5U-YMQH0KEBYYFA6R6xrwQ6NYwSHL7kBj3yMdWLrIdm1NOZxQQbyMzFEGUXIda-_g6Mjp58llePlgl5utRDwfC3V6JTI-zU2di2fQLnEK5z5-3sqbfkuQ3ss6hyMpYfbbUA-jMxZW2iRH5s61Aml5WWF1Mb7om8AjN7igdQec0ueA5dNZSpYTIg=s0-d-e1-ft#https:\/\/european-union.europa.eu\/sites\/default\/files\/styles\/ewcms_metatag_image\/public\/2022-04\/european%20flag.png?itok=AeMZD1mC","type":"","width":"","height":""}],"twitter_card":"summary_large_image","twitter_misc":{"Est. reading time":"2 minutes"},"schema":{"@context":"https:\/\/schema.org","@graph":[{"@type":"WebPage","@id":"https:\/\/www.unitus.it\/en\/research\/progetti-di-ricerca\/progetto-bioedilcarbon\/","url":"https:\/\/www.unitus.it\/en\/research\/progetti-di-ricerca\/progetto-bioedilcarbon\/","name":"Progetto BIOEDILCARBON - Unitus","isPartOf":{"@id":"https:\/\/www.unitus.it\/#website"},"primaryImageOfPage":{"@id":"https:\/\/www.unitus.it\/en\/research\/progetti-di-ricerca\/progetto-bioedilcarbon\/#primaryimage"},"image":{"@id":"https:\/\/www.unitus.it\/en\/research\/progetti-di-ricerca\/progetto-bioedilcarbon\/#primaryimage"},"thumbnailUrl":"https:\/\/ci6.googleusercontent.com\/proxy\/0W7_gZogzWFcNRL5U-YMQH0KEBYYFA6R6xrwQ6NYwSHL7kBj3yMdWLrIdm1NOZxQQbyMzFEGUXIda-_g6Mjp58llePlgl5utRDwfC3V6JTI-zU2di2fQLnEK5z5-3sqbfkuQ3ss6hyMpYfbbUA-jMxZW2iRH5s61Aml5WWF1Mb7om8AjN7igdQec0ueA5dNZSpYTIg=s0-d-e1-ft#https:\/\/european-union.europa.eu\/sites\/default\/files\/styles\/ewcms_metatag_image\/public\/2022-04\/european%20flag.png?itok=AeMZD1mC","datePublished":"2022-05-31T22:57:39+00:00","dateModified":"2023-11-17T16:33:32+00:00","description":"Scopri di pi\u00f9 sui progetti di Ricerca UNITUS, qui puoi trovare pi\u00f9 informazioni sul progetto BIOEDILCARBON","breadcrumb":{"@id":"https:\/\/www.unitus.it\/en\/research\/progetti-di-ricerca\/progetto-bioedilcarbon\/#breadcrumb"},"inLanguage":"en-US","potentialAction":[{"@type":"ReadAction","target":["https:\/\/www.unitus.it\/en\/research\/progetti-di-ricerca\/progetto-bioedilcarbon\/"]}]},{"@type":"ImageObject","inLanguage":"en-US","@id":"https:\/\/www.unitus.it\/en\/research\/progetti-di-ricerca\/progetto-bioedilcarbon\/#primaryimage","url":"https:\/\/ci6.googleusercontent.com\/proxy\/0W7_gZogzWFcNRL5U-YMQH0KEBYYFA6R6xrwQ6NYwSHL7kBj3yMdWLrIdm1NOZxQQbyMzFEGUXIda-_g6Mjp58llePlgl5utRDwfC3V6JTI-zU2di2fQLnEK5z5-3sqbfkuQ3ss6hyMpYfbbUA-jMxZW2iRH5s61Aml5WWF1Mb7om8AjN7igdQec0ueA5dNZSpYTIg=s0-d-e1-ft#https:\/\/european-union.europa.eu\/sites\/default\/files\/styles\/ewcms_metatag_image\/public\/2022-04\/european%20flag.png?itok=AeMZD1mC","contentUrl":"https:\/\/ci6.googleusercontent.com\/proxy\/0W7_gZogzWFcNRL5U-YMQH0KEBYYFA6R6xrwQ6NYwSHL7kBj3yMdWLrIdm1NOZxQQbyMzFEGUXIda-_g6Mjp58llePlgl5utRDwfC3V6JTI-zU2di2fQLnEK5z5-3sqbfkuQ3ss6hyMpYfbbUA-jMxZW2iRH5s61Aml5WWF1Mb7om8AjN7igdQec0ueA5dNZSpYTIg=s0-d-e1-ft#https:\/\/european-union.europa.eu\/sites\/default\/files\/styles\/ewcms_metatag_image\/public\/2022-04\/european%20flag.png?itok=AeMZD1mC"},{"@type":"BreadcrumbList","@id":"https:\/\/www.unitus.it\/en\/research\/progetti-di-ricerca\/progetto-bioedilcarbon\/#breadcrumb","itemListElement":[{"@type":"ListItem","position":1,"name":"Home","item":"https:\/\/www.unitus.it\/en\/"},{"@type":"ListItem","position":2,"name":"Research","item":"https:\/\/www.unitus.it\/en\/research\/"},{"@type":"ListItem","position":3,"name":"Progetti di Ricerca","item":"https:\/\/www.unitus.it\/en\/research\/progetti-di-ricerca\/"},{"@type":"ListItem","position":4,"name":"Progetto BIOEDILCARBON"}]},{"@type":"WebSite","@id":"https:\/\/www.unitus.it\/#website","url":"https:\/\/www.unitus.it\/","name":"Unitus","description":"","publisher":{"@id":"https:\/\/www.unitus.it\/#organization"},"potentialAction":[{"@type":"SearchAction","target":{"@type":"EntryPoint","urlTemplate":"https:\/\/www.unitus.it\/?s={search_term_string}"},"query-input":{"@type":"PropertyValueSpecification","valueRequired":true,"valueName":"search_term_string"}}],"inLanguage":"en-US"},{"@type":"Organization","@id":"https:\/\/www.unitus.it\/#organization","name":"Universit\u00e0 degli Studi della Tuscia","alternateName":"Unitus","url":"https:\/\/www.unitus.it\/","logo":{"@type":"ImageObject","inLanguage":"en-US","@id":"https:\/\/www.unitus.it\/#\/schema\/logo\/image\/","url":"https:\/\/www.unitus.it\/wp-content\/uploads\/2022\/04\/unitus_marchio_2020_tagliato.png","contentUrl":"https:\/\/www.unitus.it\/wp-content\/uploads\/2022\/04\/unitus_marchio_2020_tagliato.png","width":1708,"height":660,"caption":"Universit\u00e0 degli Studi della Tuscia"},"image":{"@id":"https:\/\/www.unitus.it\/#\/schema\/logo\/image\/"},"sameAs":["https:\/\/www.facebook.com\/universitadeglistudidellatuscia\/"]}]}},"_links":{"self":[{"href":"https:\/\/www.unitus.it\/en\/wp-json\/wp\/v2\/pages\/5799","targetHints":{"allow":["GET"]}}],"collection":[{"href":"https:\/\/www.unitus.it\/en\/wp-json\/wp\/v2\/pages"}],"about":[{"href":"https:\/\/www.unitus.it\/en\/wp-json\/wp\/v2\/types\/page"}],"author":[{"embeddable":true,"href":"https:\/\/www.unitus.it\/en\/wp-json\/wp\/v2\/users\/1"}],"replies":[{"embeddable":true,"href":"https:\/\/www.unitus.it\/en\/wp-json\/wp\/v2\/comments?post=5799"}],"version-history":[{"count":0,"href":"https:\/\/www.unitus.it\/en\/wp-json\/wp\/v2\/pages\/5799\/revisions"}],"up":[{"embeddable":true,"href":"https:\/\/www.unitus.it\/en\/wp-json\/wp\/v2\/pages\/5652"}],"wp:attachment":[{"href":"https:\/\/www.unitus.it\/en\/wp-json\/wp\/v2\/media?parent=5799"}],"wp:term":[{"taxonomy":"author","embeddable":true,"href":"https:\/\/www.unitus.it\/en\/wp-json\/wp\/v2\/ppma_author?post=5799"}],"curies":[{"name":"wp","href":"https:\/\/api.w.org\/{rel}","templated":true}]}}