{"id":5795,"date":"2022-06-01T00:57:39","date_gmt":"2022-05-31T22:57:39","guid":{"rendered":"https:\/\/unitusweb.azurewebsites.net\/ricerca\/progetti-di-ricerca-2\/progetto-picus\/"},"modified":"2023-11-17T17:34:19","modified_gmt":"2023-11-17T16:34:19","slug":"progetto-picus","status":"publish","type":"page","link":"https:\/\/www.unitus.it\/en\/research\/progetti-di-ricerca\/progetto-picus\/","title":{"rendered":"Progetto PICUS"},"content":{"rendered":"<h2><img loading=\"lazy\" decoding=\"async\" class=\"alignnone wp-image-31162\" src=\"\/wp-content\/uploads\/2023\/11\/barra-loghi-por-300x69.png\" alt=\"\" width=\"1000\" height=\"230\" srcset=\"https:\/\/www.unitus.it\/wp-content\/uploads\/2023\/11\/barra-loghi-por-300x69.png 300w, https:\/\/www.unitus.it\/wp-content\/uploads\/2023\/11\/barra-loghi-por.png 498w\" sizes=\"auto, (max-width: 1000px) 100vw, 1000px\" \/><\/h2>\n<p>Codice Progetto POR A0375E0023<\/p>\n<h2><strong>&#8220;Sistema portatile a basso costo per la diagnosi e il monitoraggio dei difetti e dei distacchi nelle opere d&#8217;arte, di ausilio ai restauratori ed ai conservatori&#8221;<\/strong><\/h2>\n<p>&nbsp;<\/p>\n<p><strong>ABSTRACT<\/strong><br \/>\nIl progetto PICUS \u00e8 volto alla realizzazione di un sistema per la diagnosi dei difetti di adesione tra strati di rivestimento nelle opere d\u2019arte che si ispira al metodo di auscultazione eseguito dagli esperti nel campo della conservazione e del restauro. Lo strumento e la metodologia di analisi verranno messi a punto e realizzati dall\u2019Universit\u00e0 degli Studi Roma Tre (Dipartimento di Ingegneria), dal Consiglio Nazionale delle Ricerche (Istituto di Ingegneria del Mare) e dall\u2019Universit\u00e0 degli Studi della Tuscia (Dipartimento per l&#8217;innovazione nei sistemi biologici, agroalimentari e forestali &#8211; DIBAF) nell\u2019ambito dei &#8220;Progetti di Gruppi di Ricerca 2020\u201d approvati dalla Gruppi di Ricerca 2020 POR FESR LAZIO 2014-2020.<br \/>\nNel PICUS, si prevede l\u2019uso di una sonda, collegata a una scheda elettronica di basso costo e ad una telecamera IR.<br \/>\nUn piccolo percussore colpisce la superficie sotto esame; il sistema poi misura la forza d\u2019impatto, registra il suono generato dall\u2019impatto e confronta quelli generati da superficie aderente con quelli generati da una superficie distaccata.<br \/>\nGrazie ad un sistema di localizzazione, anch\u2019esso integrato nel PICUS, viene restituita automaticamente la mappatura grafica dei distacchi. Il sistema \u00e8 da intendersi alla stregua di un apparecchio portatile, autonomo (tipo multimetro elettronico) e a basso costo.<br \/>\nDopo la fase di sperimentazione su provini che replicheranno varie forme di distacco su differenti materiali, si prevede l\u2019utilizzo dello strumento su opere d\u2019arte combinandolo con altre tecniche diagnostiche non invasive. I risultati consentiranno di offrire ai restauratori di beni culturali di eseguire velocemente la mappatura dei difetti consentendone non solo la diagnosi e la mappatura, ma anche il monitoraggio nel tempo.<\/p>\n<p>&nbsp;<\/p>\n<p>CUP: F85F21001500009<br \/>\nContributo concesso: 150.000 Euro<br \/>\nCapofila Universit\u00e0 degli Studi Roma Tre (Dipartimento di Ingegneria) Giosu\u00e8 Caliano<\/p>\n<p>&nbsp;<\/p>\n<p><strong>PARTNER<\/strong><\/p>\n<ul>\n<li>Consiglio Nazionale delle Ricerche (Istituto di Ingegneria del Mare) Antonio Camassa<\/li>\n<li>Universit\u00e0 degli Studi della Tuscia (Dipartimento per l&#8217;innovazione nei sistemi biologici, agroalimentari e forestali &#8211; DIBAF) Stefano De Angeli<\/li>\n<\/ul>\n<p>&nbsp;<\/p>\n<p><strong>LINK<\/strong><\/p>\n<ul>\n<li><a href=\"https:\/\/www.unitus.it\/it\/dipartimento\/dibaf\/por-fesr-lazio-gruppi-di-ricerca-2020\/articolo\/picus\">https:\/\/www.unitus.it\/it\/dipartimento\/dibaf\/por-fesr-lazio-gruppi-di-ricerca-2020\/articolo\/picus<\/a><\/li>\n<li><a href=\"https:\/\/www.picusproject.eu\">https:\/\/www.picusproject.eu<\/a><\/li>\n<\/ul>\n<p>&nbsp;<\/p>\n<p><a id=\"m_7296648110133852784m_8799715685702868782m_8208532814120520118LPImageAnchor996662\" href=\"http:\/\/www.europa.eu\/\" target=\"_blank\" rel=\"noopener\" data-saferedirecturl=\"https:\/\/www.google.com\/url?q=http:\/\/www.europa.eu\/&amp;source=gmail&amp;ust=1700215492803000&amp;usg=AOvVaw2xhldNsED7Sk0ijJPpHQFw\"><img loading=\"lazy\" decoding=\"async\" id=\"m_7296648110133852784m_8799715685702868782m_8208532814120520118LPThumbnailImageId996662\" class=\"CToWUd alignleft\" src=\"https:\/\/ci6.googleusercontent.com\/proxy\/0W7_gZogzWFcNRL5U-YMQH0KEBYYFA6R6xrwQ6NYwSHL7kBj3yMdWLrIdm1NOZxQQbyMzFEGUXIda-_g6Mjp58llePlgl5utRDwfC3V6JTI-zU2di2fQLnEK5z5-3sqbfkuQ3ss6hyMpYfbbUA-jMxZW2iRH5s61Aml5WWF1Mb7om8AjN7igdQec0ueA5dNZSpYTIg=s0-d-e1-ft#https:\/\/european-union.europa.eu\/sites\/default\/files\/styles\/ewcms_metatag_image\/public\/2022-04\/european%20flag.png?itok=AeMZD1mC\" alt=\"\" width=\"240\" height=\"159\" data-bit=\"iit\" \/><\/a> <a href=\"https:\/\/european-union.europa.eu\/select-language?destination=\/node\/1\">Your gateway to the EU, News, Highlights<\/a> | European Union<br \/>\nDiscover how the EU functions, its principles, priorities; find out about its history and member countries; learn about its legal basis and your EU rights.<br \/>\n<a href=\"http:\/\/www.europa.eu\">www.europa.eu<\/a><\/p>\n<p>&nbsp;<\/p>\n","protected":false},"excerpt":{"rendered":"<p>Codice Progetto POR A0375E0023 &#8220;Sistema portatile a basso costo per la diagnosi e il monitoraggio dei difetti e dei distacchi nelle opere d&#8217;arte, di ausilio ai restauratori ed ai conservatori&#8221; [&hellip;]<\/p>\n","protected":false},"author":1,"featured_media":0,"parent":5652,"menu_order":107,"comment_status":"closed","ping_status":"closed","template":"","meta":{"_acf_changed":false,"_price":"","_stock":"","_tribe_ticket_header":"","_tribe_default_ticket_provider":"","_tribe_ticket_capacity":"","_ticket_start_date":"","_ticket_end_date":"","_tribe_ticket_show_description":"","_tribe_ticket_show_not_going":false,"_tribe_ticket_use_global_stock":"","_tribe_ticket_global_stock_level":"","_global_stock_mode":"","_global_stock_cap":"","_tribe_rsvp_for_event":"","_tribe_ticket_going_count":"","_tribe_ticket_not_going_count":"","_tribe_tickets_list":"[]","_tribe_ticket_has_attendee_info_fields":false,"footnotes":""},"ppma_author":[],"class_list":["post-5795","page","type-page","status-publish","hentry"],"acf":[],"yoast_head":"<!-- This site is optimized with the Yoast SEO plugin v27.2 - https:\/\/yoast.com\/product\/yoast-seo-wordpress\/ -->\n<title>Progetto PICUS - Unitus<\/title>\n<meta name=\"description\" content=\"Scopri di pi\u00f9 sui progetti di Ricerca UNITUS, qui puoi trovare pi\u00f9 informazioni sul progetto PICUS. Visita il sito per sapere di pi\u00f9!\" \/>\n<meta name=\"robots\" content=\"index, follow, max-snippet:-1, max-image-preview:large, max-video-preview:-1\" \/>\n<link rel=\"canonical\" href=\"https:\/\/www.unitus.it\/ricerca\/progetti-di-ricerca\/progetto-picus\/\" \/>\n<meta property=\"og:locale\" content=\"en_US\" \/>\n<meta property=\"og:type\" content=\"article\" \/>\n<meta property=\"og:title\" content=\"Progetto PICUS - Unitus\" \/>\n<meta property=\"og:description\" content=\"Scopri di pi\u00f9 sui progetti di Ricerca UNITUS, qui puoi trovare pi\u00f9 informazioni sul progetto PICUS. Visita il sito per sapere di pi\u00f9!\" \/>\n<meta property=\"og:url\" content=\"https:\/\/www.unitus.it\/ricerca\/progetti-di-ricerca\/progetto-picus\/\" \/>\n<meta property=\"og:site_name\" content=\"Unitus\" \/>\n<meta property=\"article:publisher\" content=\"https:\/\/www.facebook.com\/universitadeglistudidellatuscia\/\" \/>\n<meta property=\"article:modified_time\" content=\"2023-11-17T16:34:19+00:00\" \/>\n<meta property=\"og:image\" content=\"https:\/\/ci6.googleusercontent.com\/proxy\/0W7_gZogzWFcNRL5U-YMQH0KEBYYFA6R6xrwQ6NYwSHL7kBj3yMdWLrIdm1NOZxQQbyMzFEGUXIda-_g6Mjp58llePlgl5utRDwfC3V6JTI-zU2di2fQLnEK5z5-3sqbfkuQ3ss6hyMpYfbbUA-jMxZW2iRH5s61Aml5WWF1Mb7om8AjN7igdQec0ueA5dNZSpYTIg=s0-d-e1-ft#https:\/\/european-union.europa.eu\/sites\/default\/files\/styles\/ewcms_metatag_image\/public\/2022-04\/european%20flag.png?itok=AeMZD1mC\" \/>\n<meta name=\"twitter:card\" content=\"summary_large_image\" \/>\n<meta name=\"twitter:label1\" content=\"Est. reading time\" \/>\n\t<meta name=\"twitter:data1\" content=\"2 minutes\" \/>\n<!-- \/ Yoast SEO plugin. -->","yoast_head_json":{"title":"Progetto PICUS - Unitus","description":"Scopri di pi\u00f9 sui progetti di Ricerca UNITUS, qui puoi trovare pi\u00f9 informazioni sul progetto PICUS. Visita il sito per sapere di pi\u00f9!","robots":{"index":"index","follow":"follow","max-snippet":"max-snippet:-1","max-image-preview":"max-image-preview:large","max-video-preview":"max-video-preview:-1"},"canonical":"https:\/\/www.unitus.it\/ricerca\/progetti-di-ricerca\/progetto-picus\/","og_locale":"en_US","og_type":"article","og_title":"Progetto PICUS - Unitus","og_description":"Scopri di pi\u00f9 sui progetti di Ricerca UNITUS, qui puoi trovare pi\u00f9 informazioni sul progetto PICUS. Visita il sito per sapere di pi\u00f9!","og_url":"https:\/\/www.unitus.it\/ricerca\/progetti-di-ricerca\/progetto-picus\/","og_site_name":"Unitus","article_publisher":"https:\/\/www.facebook.com\/universitadeglistudidellatuscia\/","article_modified_time":"2023-11-17T16:34:19+00:00","og_image":[{"url":"https:\/\/ci6.googleusercontent.com\/proxy\/0W7_gZogzWFcNRL5U-YMQH0KEBYYFA6R6xrwQ6NYwSHL7kBj3yMdWLrIdm1NOZxQQbyMzFEGUXIda-_g6Mjp58llePlgl5utRDwfC3V6JTI-zU2di2fQLnEK5z5-3sqbfkuQ3ss6hyMpYfbbUA-jMxZW2iRH5s61Aml5WWF1Mb7om8AjN7igdQec0ueA5dNZSpYTIg=s0-d-e1-ft#https:\/\/european-union.europa.eu\/sites\/default\/files\/styles\/ewcms_metatag_image\/public\/2022-04\/european%20flag.png?itok=AeMZD1mC","type":"","width":"","height":""}],"twitter_card":"summary_large_image","twitter_misc":{"Est. reading time":"2 minutes"},"schema":{"@context":"https:\/\/schema.org","@graph":[{"@type":"WebPage","@id":"https:\/\/www.unitus.it\/ricerca\/progetti-di-ricerca\/progetto-picus\/","url":"https:\/\/www.unitus.it\/ricerca\/progetti-di-ricerca\/progetto-picus\/","name":"Progetto PICUS - Unitus","isPartOf":{"@id":"https:\/\/www.unitus.it\/#website"},"primaryImageOfPage":{"@id":"https:\/\/www.unitus.it\/ricerca\/progetti-di-ricerca\/progetto-picus\/#primaryimage"},"image":{"@id":"https:\/\/www.unitus.it\/ricerca\/progetti-di-ricerca\/progetto-picus\/#primaryimage"},"thumbnailUrl":"https:\/\/ci6.googleusercontent.com\/proxy\/0W7_gZogzWFcNRL5U-YMQH0KEBYYFA6R6xrwQ6NYwSHL7kBj3yMdWLrIdm1NOZxQQbyMzFEGUXIda-_g6Mjp58llePlgl5utRDwfC3V6JTI-zU2di2fQLnEK5z5-3sqbfkuQ3ss6hyMpYfbbUA-jMxZW2iRH5s61Aml5WWF1Mb7om8AjN7igdQec0ueA5dNZSpYTIg=s0-d-e1-ft#https:\/\/european-union.europa.eu\/sites\/default\/files\/styles\/ewcms_metatag_image\/public\/2022-04\/european%20flag.png?itok=AeMZD1mC","datePublished":"2022-05-31T22:57:39+00:00","dateModified":"2023-11-17T16:34:19+00:00","description":"Scopri di pi\u00f9 sui progetti di Ricerca UNITUS, qui puoi trovare pi\u00f9 informazioni sul progetto PICUS. Visita il sito per sapere di pi\u00f9!","breadcrumb":{"@id":"https:\/\/www.unitus.it\/ricerca\/progetti-di-ricerca\/progetto-picus\/#breadcrumb"},"inLanguage":"en-US","potentialAction":[{"@type":"ReadAction","target":["https:\/\/www.unitus.it\/ricerca\/progetti-di-ricerca\/progetto-picus\/"]}]},{"@type":"ImageObject","inLanguage":"en-US","@id":"https:\/\/www.unitus.it\/ricerca\/progetti-di-ricerca\/progetto-picus\/#primaryimage","url":"https:\/\/ci6.googleusercontent.com\/proxy\/0W7_gZogzWFcNRL5U-YMQH0KEBYYFA6R6xrwQ6NYwSHL7kBj3yMdWLrIdm1NOZxQQbyMzFEGUXIda-_g6Mjp58llePlgl5utRDwfC3V6JTI-zU2di2fQLnEK5z5-3sqbfkuQ3ss6hyMpYfbbUA-jMxZW2iRH5s61Aml5WWF1Mb7om8AjN7igdQec0ueA5dNZSpYTIg=s0-d-e1-ft#https:\/\/european-union.europa.eu\/sites\/default\/files\/styles\/ewcms_metatag_image\/public\/2022-04\/european%20flag.png?itok=AeMZD1mC","contentUrl":"https:\/\/ci6.googleusercontent.com\/proxy\/0W7_gZogzWFcNRL5U-YMQH0KEBYYFA6R6xrwQ6NYwSHL7kBj3yMdWLrIdm1NOZxQQbyMzFEGUXIda-_g6Mjp58llePlgl5utRDwfC3V6JTI-zU2di2fQLnEK5z5-3sqbfkuQ3ss6hyMpYfbbUA-jMxZW2iRH5s61Aml5WWF1Mb7om8AjN7igdQec0ueA5dNZSpYTIg=s0-d-e1-ft#https:\/\/european-union.europa.eu\/sites\/default\/files\/styles\/ewcms_metatag_image\/public\/2022-04\/european%20flag.png?itok=AeMZD1mC"},{"@type":"BreadcrumbList","@id":"https:\/\/www.unitus.it\/ricerca\/progetti-di-ricerca\/progetto-picus\/#breadcrumb","itemListElement":[{"@type":"ListItem","position":1,"name":"Home","item":"https:\/\/www.unitus.it\/en\/"},{"@type":"ListItem","position":2,"name":"Research","item":"https:\/\/www.unitus.it\/en\/research\/"},{"@type":"ListItem","position":3,"name":"Progetti di Ricerca","item":"https:\/\/www.unitus.it\/en\/research\/progetti-di-ricerca\/"},{"@type":"ListItem","position":4,"name":"Progetto PICUS"}]},{"@type":"WebSite","@id":"https:\/\/www.unitus.it\/#website","url":"https:\/\/www.unitus.it\/","name":"Unitus","description":"","publisher":{"@id":"https:\/\/www.unitus.it\/#organization"},"potentialAction":[{"@type":"SearchAction","target":{"@type":"EntryPoint","urlTemplate":"https:\/\/www.unitus.it\/?s={search_term_string}"},"query-input":{"@type":"PropertyValueSpecification","valueRequired":true,"valueName":"search_term_string"}}],"inLanguage":"en-US"},{"@type":"Organization","@id":"https:\/\/www.unitus.it\/#organization","name":"Universit\u00e0 degli Studi della Tuscia","alternateName":"Unitus","url":"https:\/\/www.unitus.it\/","logo":{"@type":"ImageObject","inLanguage":"en-US","@id":"https:\/\/www.unitus.it\/#\/schema\/logo\/image\/","url":"https:\/\/www.unitus.it\/wp-content\/uploads\/2022\/04\/unitus_marchio_2020_tagliato.png","contentUrl":"https:\/\/www.unitus.it\/wp-content\/uploads\/2022\/04\/unitus_marchio_2020_tagliato.png","width":1708,"height":660,"caption":"Universit\u00e0 degli Studi della Tuscia"},"image":{"@id":"https:\/\/www.unitus.it\/#\/schema\/logo\/image\/"},"sameAs":["https:\/\/www.facebook.com\/universitadeglistudidellatuscia\/"]}]}},"_links":{"self":[{"href":"https:\/\/www.unitus.it\/en\/wp-json\/wp\/v2\/pages\/5795","targetHints":{"allow":["GET"]}}],"collection":[{"href":"https:\/\/www.unitus.it\/en\/wp-json\/wp\/v2\/pages"}],"about":[{"href":"https:\/\/www.unitus.it\/en\/wp-json\/wp\/v2\/types\/page"}],"author":[{"embeddable":true,"href":"https:\/\/www.unitus.it\/en\/wp-json\/wp\/v2\/users\/1"}],"replies":[{"embeddable":true,"href":"https:\/\/www.unitus.it\/en\/wp-json\/wp\/v2\/comments?post=5795"}],"version-history":[{"count":0,"href":"https:\/\/www.unitus.it\/en\/wp-json\/wp\/v2\/pages\/5795\/revisions"}],"up":[{"embeddable":true,"href":"https:\/\/www.unitus.it\/en\/wp-json\/wp\/v2\/pages\/5652"}],"wp:attachment":[{"href":"https:\/\/www.unitus.it\/en\/wp-json\/wp\/v2\/media?parent=5795"}],"wp:term":[{"taxonomy":"author","embeddable":true,"href":"https:\/\/www.unitus.it\/en\/wp-json\/wp\/v2\/ppma_author?post=5795"}],"curies":[{"name":"wp","href":"https:\/\/api.w.org\/{rel}","templated":true}]}}