{"id":5792,"date":"2022-06-01T00:57:39","date_gmt":"2022-05-31T22:57:39","guid":{"rendered":"https:\/\/unitusweb.azurewebsites.net\/ricerca\/progetti-di-ricerca-2\/progetto-leg-ger\/"},"modified":"2023-11-17T17:35:35","modified_gmt":"2023-11-17T16:35:35","slug":"progetto-leg-ger","status":"publish","type":"page","link":"https:\/\/www.unitus.it\/en\/research\/progetti-di-ricerca\/progetto-leg-ger\/","title":{"rendered":"Progetto LEG-GER"},"content":{"rendered":"<h2><img loading=\"lazy\" decoding=\"async\" class=\"alignnone wp-image-31162\" src=\"\/wp-content\/uploads\/2023\/11\/barra-loghi-por-300x69.png\" alt=\"\" width=\"1000\" height=\"230\" srcset=\"https:\/\/www.unitus.it\/wp-content\/uploads\/2023\/11\/barra-loghi-por-300x69.png 300w, https:\/\/www.unitus.it\/wp-content\/uploads\/2023\/11\/barra-loghi-por.png 498w\" sizes=\"auto, (max-width: 1000px) 100vw, 1000px\" \/><\/h2>\n<p>&nbsp;<\/p>\n<p>Domanda PROT. A0375-2020-36511<\/p>\n<h2><strong>\u201cNuovi alimenti sostenibili ad alto valore nutrizionale a base legumi maltati del Lazio&#8221;<\/strong><\/h2>\n<p>&nbsp;<\/p>\n<p><strong>ABSTRACT<\/strong><br \/>\nI legumi, eccellente fonte di proteine, fibre alimentari e micronutrienti, vengono spesso identificati come un alimento utile per la sostituzione di cibi di origine animale nella dieta, sia per il loro profilo nutrizionale che per il basso costo di produzione ed impatto ambientale.<br \/>\nUn limite al loro utilizzo \u00e8 rappresentato dalla presenza di numerosi composti anti-nutrizionali (acido fitico, oligosaccaridi) ed al dispendio di tempo nella preparazione casalinga. Nel seme, a seguito dell&#8217;idratazione, durante la germinazione, si attivano numerose attivit\u00e0 biochimiche che ne migliorano nettamente le caratteristiche nutrizionali.<br \/>\nQuesto progetto si propone di mettere a punto un processo di germinazione innovativo (maltazione) di selezionate variet\u00e0 di leguminose locali, onde accrescerne le propriet\u00e0 nutrizionali e per realizzare prodotti alimentari innovativi.<br \/>\nIl processo produttivo sar\u00e0 valutato sotto il profilo ambientale attraverso un approccio Life Cycle Assessment.<\/p>\n<p>Gli obiettivi Intermedi del progetto sono:<\/p>\n<ul>\n<li>Ottimizzazione le condizioni di maltazione (bagnatura, germinazione e essiccamento) su impianto da banco da 1 kg) di variet\u00e0 locali di ceci, lenticchie e fagioli, finalizzata alla riduzione di composti anti-nutrizionali ed al miglioramento delle caratteristiche organolettiche e di facilit\u00e0 di preparazione.<\/li>\n<li>Trasferimento delle condizioni operative ottimali su impianto pilota da 20 kg, per la produzione di piccoli quantitativi di legumi maltati e farine di legumi maltati da utilizzare per la messa a punto di innovativi prodotti arricchiti in legumi maltati, facilmente trasferibili ad aziende di trasformazione secondaria per elaborazione di ricette e prodotti di loro interesse.<\/li>\n<li>Screening di modellistica, parametri ed algoritmi per ottimizzare la selezione ottica delle materie prime o prodotti finiti.<\/li>\n<li>Valutazione e selezione dei prototipi dei prodotti innovativi realizzati.<\/li>\n<li>Messa a punto di una innovativa e rapida procedura di analisi degli anti-nutrizionali tramite Risonanza Magnetica Nucleare (RMN) su legumi tal quali maltati e prodotti finali tradizionali ed innovativi.<\/li>\n<\/ul>\n<p>Gli obiettivi finali del progetto riguarderanno il trasferimento su impianto pilota da 100 kg dei protocolli di maltazione elaborati, per la produzione di legumi maltati e loro farine. Tale produzione verr\u00e0 utilizzata per:<\/p>\n<ul>\n<li>Realizzare prodotti innovativi selezionati nella prima fase, i quali saranno utilizzati per analisi nutrizionali.<\/li>\n<li>Validazione di un processo di selezione ottica per il miglioramento della qualit\u00e0, la sicurezza alimentare dei legumi maltati e la produzione di premium products ad alto valore aggiunto.<\/li>\n<li>Valutare i vantaggi della maltazione dei legumi sulle fasi di cottura (riduzione tempi, caratteristiche organolettiche)<\/li>\n<li>Valutazione dell\u2019impatto ambientale dalla culla alla tomba dei prodotti innovativi selezionati.<\/li>\n<li>Analisi fattibilit\u00e0 economica e del mercato.<\/li>\n<\/ul>\n<p>&nbsp;<\/p>\n<p>CUP: J85F21000590002<br \/>\nContributo concesso: 149.160,00 \u20ac<br \/>\nResponsabile scientifico: Mauro MORESI-DIBAF<br \/>\nResponsabile gestione economica: Alessio CIMINI-DIBAF<\/p>\n<p>&nbsp;<\/p>\n<p><strong>PARTNER DEL PROGETTO<\/strong><br \/>\nDIBAF- Universit\u00e0 degli Studi della Tuscia \u2013 Viterbo<br \/>\nDEIM &#8211; Universit\u00e0 degli Studi della Tuscia \u2013 Viterbo<br \/>\nDipartimento di Medicina Sperimentale &#8211; Universit\u00e0 degli Studi di Roma La Sapienza \u2013 Roma<br \/>\nCREA &#8211; Consiglio per la ricerca in agricoltura e l\u2019analisi dell\u2019economia agraria \u2013 Monterotondo &#8211; Roma<\/p>\n<p>&nbsp;<\/p>\n<p><a id=\"m_7296648110133852784m_8799715685702868782m_8208532814120520118LPImageAnchor996662\" href=\"http:\/\/www.europa.eu\/\" target=\"_blank\" rel=\"noopener\" data-saferedirecturl=\"https:\/\/www.google.com\/url?q=http:\/\/www.europa.eu\/&amp;source=gmail&amp;ust=1700215492803000&amp;usg=AOvVaw2xhldNsED7Sk0ijJPpHQFw\"><img loading=\"lazy\" decoding=\"async\" id=\"m_7296648110133852784m_8799715685702868782m_8208532814120520118LPThumbnailImageId996662\" class=\"CToWUd alignleft\" src=\"https:\/\/ci6.googleusercontent.com\/proxy\/0W7_gZogzWFcNRL5U-YMQH0KEBYYFA6R6xrwQ6NYwSHL7kBj3yMdWLrIdm1NOZxQQbyMzFEGUXIda-_g6Mjp58llePlgl5utRDwfC3V6JTI-zU2di2fQLnEK5z5-3sqbfkuQ3ss6hyMpYfbbUA-jMxZW2iRH5s61Aml5WWF1Mb7om8AjN7igdQec0ueA5dNZSpYTIg=s0-d-e1-ft#https:\/\/european-union.europa.eu\/sites\/default\/files\/styles\/ewcms_metatag_image\/public\/2022-04\/european%20flag.png?itok=AeMZD1mC\" alt=\"\" width=\"240\" height=\"159\" data-bit=\"iit\" \/><\/a> <a href=\"https:\/\/european-union.europa.eu\/select-language?destination=\/node\/1\">Your gateway to the EU, News, Highlights<\/a> | European Union<br \/>\nDiscover how the EU functions, its principles, priorities; find out about its history and member countries; learn about its legal basis and your EU rights.<br \/>\n<a href=\"http:\/\/www.europa.eu\">www.europa.eu<\/a><\/p>\n<p>&nbsp;<\/p>\n","protected":false},"excerpt":{"rendered":"<p>&nbsp; Domanda PROT. A0375-2020-36511 \u201cNuovi alimenti sostenibili ad alto valore nutrizionale a base legumi maltati del Lazio&#8221; &nbsp; ABSTRACT I legumi, eccellente fonte di proteine, fibre alimentari e micronutrienti, vengono [&hellip;]<\/p>\n","protected":false},"author":1,"featured_media":0,"parent":5652,"menu_order":96,"comment_status":"closed","ping_status":"closed","template":"","meta":{"_acf_changed":false,"_price":"","_stock":"","_tribe_ticket_header":"","_tribe_default_ticket_provider":"","_tribe_ticket_capacity":"","_ticket_start_date":"","_ticket_end_date":"","_tribe_ticket_show_description":"","_tribe_ticket_show_not_going":false,"_tribe_ticket_use_global_stock":"","_tribe_ticket_global_stock_level":"","_global_stock_mode":"","_global_stock_cap":"","_tribe_rsvp_for_event":"","_tribe_ticket_going_count":"","_tribe_ticket_not_going_count":"","_tribe_tickets_list":"[]","_tribe_ticket_has_attendee_info_fields":false,"footnotes":""},"ppma_author":[86],"class_list":["post-5792","page","type-page","status-publish","hentry"],"acf":[],"yoast_head":"<!-- This site is optimized with the Yoast SEO plugin v27.2 - https:\/\/yoast.com\/product\/yoast-seo-wordpress\/ -->\n<title>Progetto LEG-GER - Unitus<\/title>\n<meta name=\"description\" content=\"Scopri di pi\u00f9 sui progetti di Ricerca UNITUS, qui troverai pi\u00f9 informazioni sul progetto LEG-GER. Visita il sito per sapere di pi\u00f9!\" \/>\n<meta name=\"robots\" content=\"index, follow, max-snippet:-1, max-image-preview:large, max-video-preview:-1\" \/>\n<link rel=\"canonical\" href=\"https:\/\/www.unitus.it\/ricerca\/progetti-di-ricerca\/progetto-leg-ger\/\" \/>\n<meta property=\"og:locale\" content=\"en_US\" \/>\n<meta property=\"og:type\" content=\"article\" \/>\n<meta property=\"og:title\" content=\"Progetto LEG-GER - Unitus\" \/>\n<meta property=\"og:description\" content=\"Scopri di pi\u00f9 sui progetti di Ricerca UNITUS, qui troverai pi\u00f9 informazioni sul progetto LEG-GER. Visita il sito per sapere di pi\u00f9!\" \/>\n<meta property=\"og:url\" content=\"https:\/\/www.unitus.it\/ricerca\/progetti-di-ricerca\/progetto-leg-ger\/\" \/>\n<meta property=\"og:site_name\" content=\"Unitus\" \/>\n<meta property=\"article:publisher\" content=\"https:\/\/www.facebook.com\/universitadeglistudidellatuscia\/\" \/>\n<meta property=\"article:modified_time\" content=\"2023-11-17T16:35:35+00:00\" \/>\n<meta property=\"og:image\" content=\"https:\/\/ci6.googleusercontent.com\/proxy\/0W7_gZogzWFcNRL5U-YMQH0KEBYYFA6R6xrwQ6NYwSHL7kBj3yMdWLrIdm1NOZxQQbyMzFEGUXIda-_g6Mjp58llePlgl5utRDwfC3V6JTI-zU2di2fQLnEK5z5-3sqbfkuQ3ss6hyMpYfbbUA-jMxZW2iRH5s61Aml5WWF1Mb7om8AjN7igdQec0ueA5dNZSpYTIg=s0-d-e1-ft#https:\/\/european-union.europa.eu\/sites\/default\/files\/styles\/ewcms_metatag_image\/public\/2022-04\/european%20flag.png?itok=AeMZD1mC\" \/>\n<meta name=\"twitter:card\" content=\"summary_large_image\" \/>\n<meta name=\"twitter:label1\" content=\"Est. reading time\" \/>\n\t<meta name=\"twitter:data1\" content=\"3 minutes\" \/>\n<!-- \/ Yoast SEO plugin. -->","yoast_head_json":{"title":"Progetto LEG-GER - Unitus","description":"Scopri di pi\u00f9 sui progetti di Ricerca UNITUS, qui troverai pi\u00f9 informazioni sul progetto LEG-GER. Visita il sito per sapere di pi\u00f9!","robots":{"index":"index","follow":"follow","max-snippet":"max-snippet:-1","max-image-preview":"max-image-preview:large","max-video-preview":"max-video-preview:-1"},"canonical":"https:\/\/www.unitus.it\/ricerca\/progetti-di-ricerca\/progetto-leg-ger\/","og_locale":"en_US","og_type":"article","og_title":"Progetto LEG-GER - Unitus","og_description":"Scopri di pi\u00f9 sui progetti di Ricerca UNITUS, qui troverai pi\u00f9 informazioni sul progetto LEG-GER. Visita il sito per sapere di pi\u00f9!","og_url":"https:\/\/www.unitus.it\/ricerca\/progetti-di-ricerca\/progetto-leg-ger\/","og_site_name":"Unitus","article_publisher":"https:\/\/www.facebook.com\/universitadeglistudidellatuscia\/","article_modified_time":"2023-11-17T16:35:35+00:00","og_image":[{"url":"https:\/\/ci6.googleusercontent.com\/proxy\/0W7_gZogzWFcNRL5U-YMQH0KEBYYFA6R6xrwQ6NYwSHL7kBj3yMdWLrIdm1NOZxQQbyMzFEGUXIda-_g6Mjp58llePlgl5utRDwfC3V6JTI-zU2di2fQLnEK5z5-3sqbfkuQ3ss6hyMpYfbbUA-jMxZW2iRH5s61Aml5WWF1Mb7om8AjN7igdQec0ueA5dNZSpYTIg=s0-d-e1-ft#https:\/\/european-union.europa.eu\/sites\/default\/files\/styles\/ewcms_metatag_image\/public\/2022-04\/european%20flag.png?itok=AeMZD1mC","type":"","width":"","height":""}],"twitter_card":"summary_large_image","twitter_misc":{"Est. reading time":"3 minutes"},"schema":{"@context":"https:\/\/schema.org","@graph":[{"@type":"WebPage","@id":"https:\/\/www.unitus.it\/ricerca\/progetti-di-ricerca\/progetto-leg-ger\/","url":"https:\/\/www.unitus.it\/ricerca\/progetti-di-ricerca\/progetto-leg-ger\/","name":"Progetto LEG-GER - Unitus","isPartOf":{"@id":"https:\/\/www.unitus.it\/#website"},"primaryImageOfPage":{"@id":"https:\/\/www.unitus.it\/ricerca\/progetti-di-ricerca\/progetto-leg-ger\/#primaryimage"},"image":{"@id":"https:\/\/www.unitus.it\/ricerca\/progetti-di-ricerca\/progetto-leg-ger\/#primaryimage"},"thumbnailUrl":"https:\/\/ci6.googleusercontent.com\/proxy\/0W7_gZogzWFcNRL5U-YMQH0KEBYYFA6R6xrwQ6NYwSHL7kBj3yMdWLrIdm1NOZxQQbyMzFEGUXIda-_g6Mjp58llePlgl5utRDwfC3V6JTI-zU2di2fQLnEK5z5-3sqbfkuQ3ss6hyMpYfbbUA-jMxZW2iRH5s61Aml5WWF1Mb7om8AjN7igdQec0ueA5dNZSpYTIg=s0-d-e1-ft#https:\/\/european-union.europa.eu\/sites\/default\/files\/styles\/ewcms_metatag_image\/public\/2022-04\/european%20flag.png?itok=AeMZD1mC","datePublished":"2022-05-31T22:57:39+00:00","dateModified":"2023-11-17T16:35:35+00:00","description":"Scopri di pi\u00f9 sui progetti di Ricerca UNITUS, qui troverai pi\u00f9 informazioni sul progetto LEG-GER. Visita il sito per sapere di pi\u00f9!","breadcrumb":{"@id":"https:\/\/www.unitus.it\/ricerca\/progetti-di-ricerca\/progetto-leg-ger\/#breadcrumb"},"inLanguage":"en-US","potentialAction":[{"@type":"ReadAction","target":["https:\/\/www.unitus.it\/ricerca\/progetti-di-ricerca\/progetto-leg-ger\/"]}]},{"@type":"ImageObject","inLanguage":"en-US","@id":"https:\/\/www.unitus.it\/ricerca\/progetti-di-ricerca\/progetto-leg-ger\/#primaryimage","url":"https:\/\/ci6.googleusercontent.com\/proxy\/0W7_gZogzWFcNRL5U-YMQH0KEBYYFA6R6xrwQ6NYwSHL7kBj3yMdWLrIdm1NOZxQQbyMzFEGUXIda-_g6Mjp58llePlgl5utRDwfC3V6JTI-zU2di2fQLnEK5z5-3sqbfkuQ3ss6hyMpYfbbUA-jMxZW2iRH5s61Aml5WWF1Mb7om8AjN7igdQec0ueA5dNZSpYTIg=s0-d-e1-ft#https:\/\/european-union.europa.eu\/sites\/default\/files\/styles\/ewcms_metatag_image\/public\/2022-04\/european%20flag.png?itok=AeMZD1mC","contentUrl":"https:\/\/ci6.googleusercontent.com\/proxy\/0W7_gZogzWFcNRL5U-YMQH0KEBYYFA6R6xrwQ6NYwSHL7kBj3yMdWLrIdm1NOZxQQbyMzFEGUXIda-_g6Mjp58llePlgl5utRDwfC3V6JTI-zU2di2fQLnEK5z5-3sqbfkuQ3ss6hyMpYfbbUA-jMxZW2iRH5s61Aml5WWF1Mb7om8AjN7igdQec0ueA5dNZSpYTIg=s0-d-e1-ft#https:\/\/european-union.europa.eu\/sites\/default\/files\/styles\/ewcms_metatag_image\/public\/2022-04\/european%20flag.png?itok=AeMZD1mC"},{"@type":"BreadcrumbList","@id":"https:\/\/www.unitus.it\/ricerca\/progetti-di-ricerca\/progetto-leg-ger\/#breadcrumb","itemListElement":[{"@type":"ListItem","position":1,"name":"Home","item":"https:\/\/www.unitus.it\/en\/"},{"@type":"ListItem","position":2,"name":"Research","item":"https:\/\/www.unitus.it\/en\/research\/"},{"@type":"ListItem","position":3,"name":"Progetti di Ricerca","item":"https:\/\/www.unitus.it\/en\/research\/progetti-di-ricerca\/"},{"@type":"ListItem","position":4,"name":"Progetto LEG-GER"}]},{"@type":"WebSite","@id":"https:\/\/www.unitus.it\/#website","url":"https:\/\/www.unitus.it\/","name":"Unitus","description":"","publisher":{"@id":"https:\/\/www.unitus.it\/#organization"},"potentialAction":[{"@type":"SearchAction","target":{"@type":"EntryPoint","urlTemplate":"https:\/\/www.unitus.it\/?s={search_term_string}"},"query-input":{"@type":"PropertyValueSpecification","valueRequired":true,"valueName":"search_term_string"}}],"inLanguage":"en-US"},{"@type":"Organization","@id":"https:\/\/www.unitus.it\/#organization","name":"Universit\u00e0 degli Studi della Tuscia","alternateName":"Unitus","url":"https:\/\/www.unitus.it\/","logo":{"@type":"ImageObject","inLanguage":"en-US","@id":"https:\/\/www.unitus.it\/#\/schema\/logo\/image\/","url":"https:\/\/www.unitus.it\/wp-content\/uploads\/2022\/04\/unitus_marchio_2020_tagliato.png","contentUrl":"https:\/\/www.unitus.it\/wp-content\/uploads\/2022\/04\/unitus_marchio_2020_tagliato.png","width":1708,"height":660,"caption":"Universit\u00e0 degli Studi della Tuscia"},"image":{"@id":"https:\/\/www.unitus.it\/#\/schema\/logo\/image\/"},"sameAs":["https:\/\/www.facebook.com\/universitadeglistudidellatuscia\/"]}]}},"_links":{"self":[{"href":"https:\/\/www.unitus.it\/en\/wp-json\/wp\/v2\/pages\/5792","targetHints":{"allow":["GET"]}}],"collection":[{"href":"https:\/\/www.unitus.it\/en\/wp-json\/wp\/v2\/pages"}],"about":[{"href":"https:\/\/www.unitus.it\/en\/wp-json\/wp\/v2\/types\/page"}],"author":[{"embeddable":true,"href":"https:\/\/www.unitus.it\/en\/wp-json\/wp\/v2\/users\/1"}],"replies":[{"embeddable":true,"href":"https:\/\/www.unitus.it\/en\/wp-json\/wp\/v2\/comments?post=5792"}],"version-history":[{"count":0,"href":"https:\/\/www.unitus.it\/en\/wp-json\/wp\/v2\/pages\/5792\/revisions"}],"up":[{"embeddable":true,"href":"https:\/\/www.unitus.it\/en\/wp-json\/wp\/v2\/pages\/5652"}],"wp:attachment":[{"href":"https:\/\/www.unitus.it\/en\/wp-json\/wp\/v2\/media?parent=5792"}],"wp:term":[{"taxonomy":"author","embeddable":true,"href":"https:\/\/www.unitus.it\/en\/wp-json\/wp\/v2\/ppma_author?post=5792"}],"curies":[{"name":"wp","href":"https:\/\/api.w.org\/{rel}","templated":true}]}}