{"id":5791,"date":"2022-06-01T00:57:39","date_gmt":"2022-05-31T22:57:39","guid":{"rendered":"https:\/\/unitusweb.azurewebsites.net\/ricerca\/progetti-di-ricerca-2\/progetto-celo\/"},"modified":"2023-12-28T18:13:54","modified_gmt":"2023-12-28T17:13:54","slug":"progetto-celo","status":"publish","type":"page","link":"https:\/\/www.unitus.it\/en\/research\/progetti-di-ricerca\/progetto-celo\/","title":{"rendered":"Progetto CELO"},"content":{"rendered":"<p><img loading=\"lazy\" decoding=\"async\" class=\"alignnone wp-image-35894 size-full\" src=\"\/wp-content\/uploads\/2023\/12\/download.png\" alt=\"\" width=\"662\" height=\"150\" srcset=\"https:\/\/www.unitus.it\/wp-content\/uploads\/2023\/12\/download.png 662w, https:\/\/www.unitus.it\/wp-content\/uploads\/2023\/12\/download-300x68.png 300w\" sizes=\"auto, (max-width: 662px) 100vw, 662px\" \/><\/p>\n<p>Domanda PROT. A0375-2020-36743<\/p>\n<h2><strong>\u201cConoscenza e Educazione per il contrasto al Linguaggio dell\u2019Odio\u201d <\/strong><\/h2>\n<p>&nbsp;<\/p>\n<p><strong>ABSTRACT<\/strong><br \/>\nIl Progetto offre nuove conoscenze per rinnovare l\u2019educazione al civismo e alla tolleranza nella scuola dell\u2019obbligo.<br \/>\nAllo scopo, svilupper\u00e0 la piattaforma digitale \u201cHOL, Hate speech OnLine &#8211; Osservatorio per conoscere, riconoscere e contrastare l\u2019hate speech\u201d, permanente anche dopo il completamento del progetto, destinata gli attori chiave dell&#8217;educazione\/formazione (insegnanti, educatori, formatori, studenti). La piattaforma offrir\u00e0:<\/p>\n<ul>\n<li>una base di dati open source &amp; open data (ampiezza prevista: oltre 10 mln. token) per la documentazione aggiornata e aggiornabile sul linguaggio di incitamento all\u2019odio (hate speech);<\/li>\n<li>gli strumenti didattico-applicativi innovativi (contenuti aggiornati, materiali didattici digitali, Guida per l\u2019aggiornamento degli insegnanti, percorsi didattici multimediali) per la didattica dell\u2019inclusione e del contrasto alle forme di intolleranza (religiosa, etnica, di genere, bullismo-cyberbullismo etc.).<\/li>\n<\/ul>\n<p>HOL interesser\u00e0 imprese editoriali, digitali e creative.<\/p>\n<p>&nbsp;<\/p>\n<p><strong>LINK <\/strong><br \/>\nSito in fase di creazione<\/p>\n<p>&nbsp;<\/p>\n<p>CUP: J85F21000480002<br \/>\nContributo concesso: \u20ac 149.241,75<br \/>\nResponsabile scientifico: prof. Raffaella Petrilli-DISTU<\/p>\n","protected":false},"excerpt":{"rendered":"<p>Domanda PROT. A0375-2020-36743 \u201cConoscenza e Educazione per il contrasto al Linguaggio dell\u2019Odio\u201d &nbsp; ABSTRACT Il Progetto offre nuove conoscenze per rinnovare l\u2019educazione al civismo e alla tolleranza nella scuola dell\u2019obbligo. [&hellip;]<\/p>\n","protected":false},"author":1,"featured_media":0,"parent":5652,"menu_order":95,"comment_status":"closed","ping_status":"closed","template":"","meta":{"_acf_changed":false,"_price":"","_stock":"","_tribe_ticket_header":"","_tribe_default_ticket_provider":"","_tribe_ticket_capacity":"","_ticket_start_date":"","_ticket_end_date":"","_tribe_ticket_show_description":"","_tribe_ticket_show_not_going":false,"_tribe_ticket_use_global_stock":"","_tribe_ticket_global_stock_level":"","_global_stock_mode":"","_global_stock_cap":"","_tribe_rsvp_for_event":"","_tribe_ticket_going_count":"","_tribe_ticket_not_going_count":"","_tribe_tickets_list":"[]","_tribe_ticket_has_attendee_info_fields":false,"footnotes":""},"ppma_author":[86],"class_list":["post-5791","page","type-page","status-publish","hentry"],"acf":[],"yoast_head":"<!-- This site is optimized with the Yoast SEO plugin v27.3 - https:\/\/yoast.com\/product\/yoast-seo-wordpress\/ -->\n<title>Progetto CELO - Unitus<\/title>\n<meta name=\"description\" content=\"Scopri di pi\u00f9 sui progetti di ricerca UNITUS, qui troverai pi\u00f9 informazioni sul progetto CELO. Visita il sito per sapere di pi\u00f9!\" \/>\n<meta name=\"robots\" content=\"index, follow, max-snippet:-1, max-image-preview:large, max-video-preview:-1\" \/>\n<link rel=\"canonical\" href=\"https:\/\/www.unitus.it\/en\/research\/progetti-di-ricerca\/progetto-celo\/\" \/>\n<meta property=\"og:locale\" content=\"en_US\" \/>\n<meta property=\"og:type\" content=\"article\" \/>\n<meta property=\"og:title\" content=\"Progetto CELO - Unitus\" \/>\n<meta property=\"og:description\" content=\"Scopri di pi\u00f9 sui progetti di ricerca UNITUS, qui troverai pi\u00f9 informazioni sul progetto CELO. Visita il sito per sapere di pi\u00f9!\" \/>\n<meta property=\"og:url\" content=\"https:\/\/www.unitus.it\/en\/research\/progetti-di-ricerca\/progetto-celo\/\" \/>\n<meta property=\"og:site_name\" content=\"Unitus\" \/>\n<meta property=\"article:publisher\" content=\"https:\/\/www.facebook.com\/universitadeglistudidellatuscia\/\" \/>\n<meta property=\"article:modified_time\" content=\"2023-12-28T17:13:54+00:00\" \/>\n<meta name=\"twitter:card\" content=\"summary_large_image\" \/>\n<meta name=\"twitter:label1\" content=\"Est. reading time\" \/>\n\t<meta name=\"twitter:data1\" content=\"1 minute\" \/>\n<!-- \/ Yoast SEO plugin. -->","yoast_head_json":{"title":"Progetto CELO - Unitus","description":"Scopri di pi\u00f9 sui progetti di ricerca UNITUS, qui troverai pi\u00f9 informazioni sul progetto CELO. Visita il sito per sapere di pi\u00f9!","robots":{"index":"index","follow":"follow","max-snippet":"max-snippet:-1","max-image-preview":"max-image-preview:large","max-video-preview":"max-video-preview:-1"},"canonical":"https:\/\/www.unitus.it\/en\/research\/progetti-di-ricerca\/progetto-celo\/","og_locale":"en_US","og_type":"article","og_title":"Progetto CELO - Unitus","og_description":"Scopri di pi\u00f9 sui progetti di ricerca UNITUS, qui troverai pi\u00f9 informazioni sul progetto CELO. Visita il sito per sapere di pi\u00f9!","og_url":"https:\/\/www.unitus.it\/en\/research\/progetti-di-ricerca\/progetto-celo\/","og_site_name":"Unitus","article_publisher":"https:\/\/www.facebook.com\/universitadeglistudidellatuscia\/","article_modified_time":"2023-12-28T17:13:54+00:00","twitter_card":"summary_large_image","twitter_misc":{"Est. reading time":"1 minute"},"schema":{"@context":"https:\/\/schema.org","@graph":[{"@type":"WebPage","@id":"https:\/\/www.unitus.it\/en\/research\/progetti-di-ricerca\/progetto-celo\/","url":"https:\/\/www.unitus.it\/en\/research\/progetti-di-ricerca\/progetto-celo\/","name":"Progetto CELO - Unitus","isPartOf":{"@id":"https:\/\/www.unitus.it\/#website"},"datePublished":"2022-05-31T22:57:39+00:00","dateModified":"2023-12-28T17:13:54+00:00","description":"Scopri di pi\u00f9 sui progetti di ricerca UNITUS, qui troverai pi\u00f9 informazioni sul progetto CELO. Visita il sito per sapere di pi\u00f9!","breadcrumb":{"@id":"https:\/\/www.unitus.it\/en\/research\/progetti-di-ricerca\/progetto-celo\/#breadcrumb"},"inLanguage":"en-US","potentialAction":[{"@type":"ReadAction","target":["https:\/\/www.unitus.it\/en\/research\/progetti-di-ricerca\/progetto-celo\/"]}]},{"@type":"BreadcrumbList","@id":"https:\/\/www.unitus.it\/en\/research\/progetti-di-ricerca\/progetto-celo\/#breadcrumb","itemListElement":[{"@type":"ListItem","position":1,"name":"Home","item":"https:\/\/www.unitus.it\/en\/"},{"@type":"ListItem","position":2,"name":"Research","item":"https:\/\/www.unitus.it\/en\/research\/"},{"@type":"ListItem","position":3,"name":"Progetti di Ricerca","item":"https:\/\/www.unitus.it\/en\/research\/progetti-di-ricerca\/"},{"@type":"ListItem","position":4,"name":"Progetto CELO"}]},{"@type":"WebSite","@id":"https:\/\/www.unitus.it\/#website","url":"https:\/\/www.unitus.it\/","name":"Unitus","description":"","publisher":{"@id":"https:\/\/www.unitus.it\/#organization"},"potentialAction":[{"@type":"SearchAction","target":{"@type":"EntryPoint","urlTemplate":"https:\/\/www.unitus.it\/?s={search_term_string}"},"query-input":{"@type":"PropertyValueSpecification","valueRequired":true,"valueName":"search_term_string"}}],"inLanguage":"en-US"},{"@type":"Organization","@id":"https:\/\/www.unitus.it\/#organization","name":"Universit\u00e0 degli Studi della Tuscia","alternateName":"Unitus","url":"https:\/\/www.unitus.it\/","logo":{"@type":"ImageObject","inLanguage":"en-US","@id":"https:\/\/www.unitus.it\/#\/schema\/logo\/image\/","url":"https:\/\/www.unitus.it\/wp-content\/uploads\/2022\/04\/unitus_marchio_2020_tagliato.png","contentUrl":"https:\/\/www.unitus.it\/wp-content\/uploads\/2022\/04\/unitus_marchio_2020_tagliato.png","width":1708,"height":660,"caption":"Universit\u00e0 degli Studi della Tuscia"},"image":{"@id":"https:\/\/www.unitus.it\/#\/schema\/logo\/image\/"},"sameAs":["https:\/\/www.facebook.com\/universitadeglistudidellatuscia\/"]}]}},"_links":{"self":[{"href":"https:\/\/www.unitus.it\/en\/wp-json\/wp\/v2\/pages\/5791","targetHints":{"allow":["GET"]}}],"collection":[{"href":"https:\/\/www.unitus.it\/en\/wp-json\/wp\/v2\/pages"}],"about":[{"href":"https:\/\/www.unitus.it\/en\/wp-json\/wp\/v2\/types\/page"}],"author":[{"embeddable":true,"href":"https:\/\/www.unitus.it\/en\/wp-json\/wp\/v2\/users\/1"}],"replies":[{"embeddable":true,"href":"https:\/\/www.unitus.it\/en\/wp-json\/wp\/v2\/comments?post=5791"}],"version-history":[{"count":0,"href":"https:\/\/www.unitus.it\/en\/wp-json\/wp\/v2\/pages\/5791\/revisions"}],"up":[{"embeddable":true,"href":"https:\/\/www.unitus.it\/en\/wp-json\/wp\/v2\/pages\/5652"}],"wp:attachment":[{"href":"https:\/\/www.unitus.it\/en\/wp-json\/wp\/v2\/media?parent=5791"}],"wp:term":[{"taxonomy":"author","embeddable":true,"href":"https:\/\/www.unitus.it\/en\/wp-json\/wp\/v2\/ppma_author?post=5791"}],"curies":[{"name":"wp","href":"https:\/\/api.w.org\/{rel}","templated":true}]}}