{"id":5786,"date":"2022-06-01T00:57:39","date_gmt":"2022-05-31T22:57:39","guid":{"rendered":"https:\/\/unitusweb.azurewebsites.net\/ricerca\/progetti-di-ricerca-2\/progetto-ever\/"},"modified":"2024-12-30T11:52:43","modified_gmt":"2024-12-30T10:52:43","slug":"progetto-ever","status":"publish","type":"page","link":"https:\/\/www.unitus.it\/en\/research\/progetti-di-ricerca\/progetto-ever\/","title":{"rendered":"Progetto EVER"},"content":{"rendered":"<p><img loading=\"lazy\" decoding=\"async\" class=\"\" src=\"https:\/\/www.unitus.it\/wp-content\/uploads\/2023\/11\/barra-loghi-por-300x69.png\" width=\"683\" height=\"157\" \/><\/p>\n<p>Domanda n.A0375-2020-36776<\/p>\n<h2><strong>&#8220;Estratti da legni antichi di foreste VEtuste per un uso innovativo nel Restauro dei beni culturali&#8221;<\/strong><\/h2>\n<p>&nbsp;<\/p>\n<p><strong>ABSTRACT<\/strong><br \/>\nIl progetto EVER intende studiare alberi vetusti sopravvissuti agli effetti naturali di degrado per individuare le sostanze del legno responsabili della loro longevit\u00e0 cos\u00ec da proporle come formulati naturali per la conservazione dei manufatti lignei nei beni culturali. La caratterizzazione di tali sostanze \u00e8 fondamentale per la conoscenza dei meccanismi biologici che presiedono alla longevit\u00e0 degli alberi e per formulare nuovi materiali nel rispetto dell\u2019ambiente, degli operatori e in un\u2019ottica di sviluppo sostenibile. Si prevede uno studio dendrochimico degli alberi annosi nelle foreste vetuste per una caratterizzazione dei componenti del legno e per comprendere la loro resistenza agli agenti biotici di degrado. Dopo uno specifico campionamento per prelevare campioni legnosi su vecchi alberi di pino, querce, faggio si applicheranno metodi innovativi di imaging multispettrale, spettroscopie tradizionali, datazione e tecniche cromatografiche ad alte prestazioni per caratterizzare le molecole potenziali responsabili della stabilit\u00e0.<br \/>\nIl progetto di ricerca EVER intende produrre formulazioni naturali per la protezione del legno che possano soddisfare gli standard di prestazione offerti da prodotti pi\u00f9 tradizionali, cos\u00ec da essere immessi sul mercato di riferimento in seguito a registrazione del relativo brevetto. Risultati performanti nella ricerca e sperimentazione di prodotti innovativi per la tutela del legno possono apportare vantaggi non solo nel settore della conservazione dei beni culturali, ma anche a pi\u00f9 settori della filiera dell\u2019industria e dell\u2019artigianato.<\/p>\n<p>&nbsp;<\/p>\n<p>CUP: J85F21000520002<br \/>\nContributo concesso: 149.536,26<br \/>\nResponsabile scientifico: Claudia Pelosi &#8211; DEIM<\/p>\n<p>&nbsp;<\/p>\n<p><strong>COLLABORATORI<\/strong><br \/>\n<em>Coordinatrice<\/em>: Dott.ssa Claudia Pelosi, DEIM<br \/>\n<em>Partecipanti<\/em>:<\/p>\n<ul>\n<li>Prof. Gianluca Piovesan, DAFNE<\/li>\n<li>Dott. Bruno Mattia Bizzarri, DEB<\/li>\n<li>Dott.ssa Giorgia Agresti tecnico del Laboratorio di Diagnostica e Scienza dei Materiali \u201cMichele Cordaro\u201d<\/li>\n<li>Dipartimento di Storia, Disegno e Restauro dell&#8217;Architettura dell\u2019Universit\u00e0 di Roma La Sapienza.<\/li>\n<\/ul>\n<p>&nbsp;<\/p>\n<p><a id=\"m_7296648110133852784m_8799715685702868782m_8208532814120520118LPImageAnchor996662\" href=\"http:\/\/www.europa.eu\/\" target=\"_blank\" rel=\"noopener\" data-saferedirecturl=\"https:\/\/www.google.com\/url?q=http:\/\/www.europa.eu\/&amp;source=gmail&amp;ust=1700215492803000&amp;usg=AOvVaw2xhldNsED7Sk0ijJPpHQFw\"><img loading=\"lazy\" decoding=\"async\" id=\"m_7296648110133852784m_8799715685702868782m_8208532814120520118LPThumbnailImageId996662\" class=\"CToWUd alignleft\" src=\"https:\/\/ci6.googleusercontent.com\/proxy\/0W7_gZogzWFcNRL5U-YMQH0KEBYYFA6R6xrwQ6NYwSHL7kBj3yMdWLrIdm1NOZxQQbyMzFEGUXIda-_g6Mjp58llePlgl5utRDwfC3V6JTI-zU2di2fQLnEK5z5-3sqbfkuQ3ss6hyMpYfbbUA-jMxZW2iRH5s61Aml5WWF1Mb7om8AjN7igdQec0ueA5dNZSpYTIg=s0-d-e1-ft#https:\/\/european-union.europa.eu\/sites\/default\/files\/styles\/ewcms_metatag_image\/public\/2022-04\/european%20flag.png?itok=AeMZD1mC\" alt=\"\" width=\"240\" height=\"159\" data-bit=\"iit\" \/><\/a> <a href=\"https:\/\/european-union.europa.eu\/select-language?destination=\/node\/1\">Your gateway to the EU, News, Highlights<\/a> | European Union<br \/>\nDiscover how the EU functions, its principles, priorities; find out about its history and member countries; learn about its legal basis and your EU rights.<br \/>\n<a href=\"http:\/\/www.europa.eu\">www.europa.eu<\/a><\/p>\n","protected":false},"excerpt":{"rendered":"<p>Domanda n.A0375-2020-36776 &#8220;Estratti da legni antichi di foreste VEtuste per un uso innovativo nel Restauro dei beni culturali&#8221; &nbsp; ABSTRACT Il progetto EVER intende studiare alberi vetusti sopravvissuti agli effetti [&hellip;]<\/p>\n","protected":false},"author":34,"featured_media":0,"parent":5652,"menu_order":90,"comment_status":"closed","ping_status":"closed","template":"","meta":{"_acf_changed":false,"_price":"","_stock":"","_tribe_ticket_header":"","_tribe_default_ticket_provider":"","_tribe_ticket_capacity":"","_ticket_start_date":"","_ticket_end_date":"","_tribe_ticket_show_description":"","_tribe_ticket_show_not_going":false,"_tribe_ticket_use_global_stock":"","_tribe_ticket_global_stock_level":"","_global_stock_mode":"","_global_stock_cap":"","_tribe_rsvp_for_event":"","_tribe_ticket_going_count":"","_tribe_ticket_not_going_count":"","_tribe_tickets_list":"[]","_tribe_ticket_has_attendee_info_fields":false,"footnotes":""},"ppma_author":[78,106,111,185,223],"class_list":["post-5786","page","type-page","status-publish","hentry"],"acf":[],"yoast_head":"<!-- This site is optimized with the Yoast SEO plugin v27.3 - https:\/\/yoast.com\/product\/yoast-seo-wordpress\/ -->\n<title>Progetto EVER - Unitus<\/title>\n<meta name=\"description\" content=\"Scopri di pi\u00f9 sui progetti di ricerca UNITUS, qui troverai pi\u00f9 informazioni sul progetto EVER. Visita il sito per sapere di pi\u00f9!\" \/>\n<meta name=\"robots\" content=\"index, follow, max-snippet:-1, max-image-preview:large, max-video-preview:-1\" \/>\n<link rel=\"canonical\" href=\"https:\/\/www.unitus.it\/en\/research\/progetti-di-ricerca\/progetto-ever\/\" \/>\n<meta property=\"og:locale\" content=\"en_US\" \/>\n<meta property=\"og:type\" content=\"article\" \/>\n<meta property=\"og:title\" content=\"Progetto EVER - Unitus\" \/>\n<meta property=\"og:description\" content=\"Scopri di pi\u00f9 sui progetti di ricerca UNITUS, qui troverai pi\u00f9 informazioni sul progetto EVER. Visita il sito per sapere di pi\u00f9!\" \/>\n<meta property=\"og:url\" content=\"https:\/\/www.unitus.it\/en\/research\/progetti-di-ricerca\/progetto-ever\/\" \/>\n<meta property=\"og:site_name\" content=\"Unitus\" \/>\n<meta property=\"article:publisher\" content=\"https:\/\/www.facebook.com\/universitadeglistudidellatuscia\/\" \/>\n<meta property=\"article:modified_time\" content=\"2024-12-30T10:52:43+00:00\" \/>\n<meta property=\"og:image\" content=\"https:\/\/www.unitus.it\/wp-content\/uploads\/2023\/11\/barra-loghi-por-300x69.png\" \/>\n<meta name=\"twitter:card\" content=\"summary_large_image\" \/>\n<meta name=\"twitter:label1\" content=\"Est. reading time\" \/>\n\t<meta name=\"twitter:data1\" content=\"2 minutes\" \/>\n<!-- \/ Yoast SEO plugin. -->","yoast_head_json":{"title":"Progetto EVER - Unitus","description":"Scopri di pi\u00f9 sui progetti di ricerca UNITUS, qui troverai pi\u00f9 informazioni sul progetto EVER. Visita il sito per sapere di pi\u00f9!","robots":{"index":"index","follow":"follow","max-snippet":"max-snippet:-1","max-image-preview":"max-image-preview:large","max-video-preview":"max-video-preview:-1"},"canonical":"https:\/\/www.unitus.it\/en\/research\/progetti-di-ricerca\/progetto-ever\/","og_locale":"en_US","og_type":"article","og_title":"Progetto EVER - Unitus","og_description":"Scopri di pi\u00f9 sui progetti di ricerca UNITUS, qui troverai pi\u00f9 informazioni sul progetto EVER. Visita il sito per sapere di pi\u00f9!","og_url":"https:\/\/www.unitus.it\/en\/research\/progetti-di-ricerca\/progetto-ever\/","og_site_name":"Unitus","article_publisher":"https:\/\/www.facebook.com\/universitadeglistudidellatuscia\/","article_modified_time":"2024-12-30T10:52:43+00:00","og_image":[{"url":"https:\/\/www.unitus.it\/wp-content\/uploads\/2023\/11\/barra-loghi-por-300x69.png","type":"","width":"","height":""}],"twitter_card":"summary_large_image","twitter_misc":{"Est. reading time":"2 minutes"},"schema":{"@context":"https:\/\/schema.org","@graph":[{"@type":"WebPage","@id":"https:\/\/www.unitus.it\/en\/research\/progetti-di-ricerca\/progetto-ever\/","url":"https:\/\/www.unitus.it\/en\/research\/progetti-di-ricerca\/progetto-ever\/","name":"Progetto EVER - Unitus","isPartOf":{"@id":"https:\/\/www.unitus.it\/#website"},"primaryImageOfPage":{"@id":"https:\/\/www.unitus.it\/en\/research\/progetti-di-ricerca\/progetto-ever\/#primaryimage"},"image":{"@id":"https:\/\/www.unitus.it\/en\/research\/progetti-di-ricerca\/progetto-ever\/#primaryimage"},"thumbnailUrl":"https:\/\/www.unitus.it\/wp-content\/uploads\/2023\/11\/barra-loghi-por-300x69.png","datePublished":"2022-05-31T22:57:39+00:00","dateModified":"2024-12-30T10:52:43+00:00","description":"Scopri di pi\u00f9 sui progetti di ricerca UNITUS, qui troverai pi\u00f9 informazioni sul progetto EVER. Visita il sito per sapere di pi\u00f9!","breadcrumb":{"@id":"https:\/\/www.unitus.it\/en\/research\/progetti-di-ricerca\/progetto-ever\/#breadcrumb"},"inLanguage":"en-US","potentialAction":[{"@type":"ReadAction","target":["https:\/\/www.unitus.it\/en\/research\/progetti-di-ricerca\/progetto-ever\/"]}]},{"@type":"ImageObject","inLanguage":"en-US","@id":"https:\/\/www.unitus.it\/en\/research\/progetti-di-ricerca\/progetto-ever\/#primaryimage","url":"https:\/\/www.unitus.it\/wp-content\/uploads\/2023\/11\/barra-loghi-por-300x69.png","contentUrl":"https:\/\/www.unitus.it\/wp-content\/uploads\/2023\/11\/barra-loghi-por-300x69.png"},{"@type":"BreadcrumbList","@id":"https:\/\/www.unitus.it\/en\/research\/progetti-di-ricerca\/progetto-ever\/#breadcrumb","itemListElement":[{"@type":"ListItem","position":1,"name":"Home","item":"https:\/\/www.unitus.it\/en\/"},{"@type":"ListItem","position":2,"name":"Research","item":"https:\/\/www.unitus.it\/en\/research\/"},{"@type":"ListItem","position":3,"name":"Progetti di Ricerca","item":"https:\/\/www.unitus.it\/en\/research\/progetti-di-ricerca\/"},{"@type":"ListItem","position":4,"name":"Progetto EVER"}]},{"@type":"WebSite","@id":"https:\/\/www.unitus.it\/#website","url":"https:\/\/www.unitus.it\/","name":"Unitus","description":"","publisher":{"@id":"https:\/\/www.unitus.it\/#organization"},"potentialAction":[{"@type":"SearchAction","target":{"@type":"EntryPoint","urlTemplate":"https:\/\/www.unitus.it\/?s={search_term_string}"},"query-input":{"@type":"PropertyValueSpecification","valueRequired":true,"valueName":"search_term_string"}}],"inLanguage":"en-US"},{"@type":"Organization","@id":"https:\/\/www.unitus.it\/#organization","name":"Universit\u00e0 degli Studi della Tuscia","alternateName":"Unitus","url":"https:\/\/www.unitus.it\/","logo":{"@type":"ImageObject","inLanguage":"en-US","@id":"https:\/\/www.unitus.it\/#\/schema\/logo\/image\/","url":"https:\/\/www.unitus.it\/wp-content\/uploads\/2022\/04\/unitus_marchio_2020_tagliato.png","contentUrl":"https:\/\/www.unitus.it\/wp-content\/uploads\/2022\/04\/unitus_marchio_2020_tagliato.png","width":1708,"height":660,"caption":"Universit\u00e0 degli Studi della Tuscia"},"image":{"@id":"https:\/\/www.unitus.it\/#\/schema\/logo\/image\/"},"sameAs":["https:\/\/www.facebook.com\/universitadeglistudidellatuscia\/"]}]}},"_links":{"self":[{"href":"https:\/\/www.unitus.it\/en\/wp-json\/wp\/v2\/pages\/5786","targetHints":{"allow":["GET"]}}],"collection":[{"href":"https:\/\/www.unitus.it\/en\/wp-json\/wp\/v2\/pages"}],"about":[{"href":"https:\/\/www.unitus.it\/en\/wp-json\/wp\/v2\/types\/page"}],"author":[{"embeddable":true,"href":"https:\/\/www.unitus.it\/en\/wp-json\/wp\/v2\/users\/34"}],"replies":[{"embeddable":true,"href":"https:\/\/www.unitus.it\/en\/wp-json\/wp\/v2\/comments?post=5786"}],"version-history":[{"count":1,"href":"https:\/\/www.unitus.it\/en\/wp-json\/wp\/v2\/pages\/5786\/revisions"}],"predecessor-version":[{"id":144317,"href":"https:\/\/www.unitus.it\/en\/wp-json\/wp\/v2\/pages\/5786\/revisions\/144317"}],"up":[{"embeddable":true,"href":"https:\/\/www.unitus.it\/en\/wp-json\/wp\/v2\/pages\/5652"}],"wp:attachment":[{"href":"https:\/\/www.unitus.it\/en\/wp-json\/wp\/v2\/media?parent=5786"}],"wp:term":[{"taxonomy":"author","embeddable":true,"href":"https:\/\/www.unitus.it\/en\/wp-json\/wp\/v2\/ppma_author?post=5786"}],"curies":[{"name":"wp","href":"https:\/\/api.w.org\/{rel}","templated":true}]}}