{"id":5785,"date":"2022-06-01T00:57:39","date_gmt":"2022-05-31T22:57:39","guid":{"rendered":"https:\/\/unitusweb.azurewebsites.net\/ricerca\/progetti-di-ricerca-2\/progetto-ecosun\/"},"modified":"2024-12-30T11:51:10","modified_gmt":"2024-12-30T10:51:10","slug":"progetto-ecosun","status":"publish","type":"page","link":"https:\/\/www.unitus.it\/en\/research\/progetti-di-ricerca\/progetto-ecosun\/","title":{"rendered":"Progetto ECOSUN"},"content":{"rendered":"<p><img loading=\"lazy\" decoding=\"async\" class=\"alignnone wp-image-35899 size-full\" src=\"\/wp-content\/uploads\/2023\/12\/gruppi-di-ricerca-2020_1.jpeg\" alt=\"\" width=\"769\" height=\"284\" srcset=\"https:\/\/www.unitus.it\/wp-content\/uploads\/2023\/12\/gruppi-di-ricerca-2020_1.jpeg 769w, https:\/\/www.unitus.it\/wp-content\/uploads\/2023\/12\/gruppi-di-ricerca-2020_1-300x111.jpeg 300w\" sizes=\"auto, (max-width: 769px) 100vw, 769px\" \/><\/p>\n<p>Domanda PROT. A0375-2020-36543<\/p>\n<h2><b>\u201cSviluppo di una procedura ecosostenibile e scalabile per la produzione di capsule di lignina con propriet\u00e0 fotoprotettive della pelle.\u201d<\/b><\/h2>\n<p><iframe loading=\"lazy\" title=\"Progetto ECOSUN\" width=\"500\" height=\"281\" src=\"https:\/\/www.youtube.com\/embed\/8_7ArichoJ8?feature=oembed\" frameborder=\"0\" allow=\"accelerometer; autoplay; clipboard-write; encrypted-media; gyroscope; picture-in-picture; web-share\" referrerpolicy=\"strict-origin-when-cross-origin\" allowfullscreen><\/iframe><\/p>\n<p><a href=\"\/wp-content\/uploads\/2023\/11\/Scheda-publicazione-progetto-su-sito-web-UNITUS-2_new-1.pdf\">SCHEDA PROGETTO<\/a><\/p>\n<p><b>ABSTRACT<\/b><\/p>\n<p>ECOSUN ha come obiettivo la ricerca e lo sviluppo di una procedura scalabile industrialmente per la preparazione di filtri solari ecosostenibili e biocompatibili a base di microcapsule di lignina da impiegare come ingrediente cosmetico innovativo per la protezione dell&#8217;epidermide dai danni della radiazione ultravioletta.<\/p>\n<p>La ricerca di carattere inter Ateneo, interdipartimentale e multidisciplinare, coinvolge OdR con competenze di economia, chimica, biotecnologie e biologia molecolare che opereranno in modo sinergico per creare un principio attivo del tutto naturale in grado di schermare l\u2019epidermide dai raggi UV e di aumentare le difese endogene della cellula epiteliale in seguito al rilascio controllato di sostanze naturali.<\/p>\n<p>Il processo sar\u00e0 validato in termini di impatto sul mercato e di sostenibilit\u00e0 economica.<\/p>\n<p>ECOSUN rappresenta un nuovo concetto di cosmesi funzionale dove l\u2019innovazione tecnologica incontra la valorizzazione dei reflui agroindustriali e il rispetto dell&#8217;ambiente<\/p>\n<p>&nbsp;<\/p>\n<p>CUP: J85F21000550002<br \/>\nContributo concesso: 148.300,00<br \/>\nCapofila: Universit\u00e0 degli Studi della Tuscia<br \/>\nResponsabile scientifico: Prof. Alessandro Ruggieri<\/p>\n<p><a href=\"\/wp-content\/uploads\/2023\/11\/ECOSUN-Progetto-e-risultati.pdf\">PROGETTO E RISULTATI<\/a><\/p>\n<p><b>PARTNER\u00a0<\/b><\/p>\n<ul>\n<li>Universit\u00e0 degli Studi della Tuscia \u2013 Dipartimento DEIM (capofila), Resp. Progetto: Prof. Alessandro Ruggieri<\/li>\n<li>Universit\u00e0 degli Studi di Roma \u201cLa Sapienza\u201d \u2013 Dipartimento di Chimica, Resp. Progetto: Prof. Luciano Galantini<\/li>\n<li>Fondazione Luigi Maria Monti \u2013 IDI-IRCCS, Resp. Progetto:\u00a0 Giuseppe Pusceddu<\/li>\n<\/ul>\n","protected":false},"excerpt":{"rendered":"<p>Domanda PROT. A0375-2020-36543 \u201cSviluppo di una procedura ecosostenibile e scalabile per la produzione di capsule di lignina con propriet\u00e0 fotoprotettive della pelle.\u201d SCHEDA PROGETTO ABSTRACT ECOSUN ha come obiettivo la [&hellip;]<\/p>\n","protected":false},"author":34,"featured_media":0,"parent":5652,"menu_order":89,"comment_status":"closed","ping_status":"closed","template":"","meta":{"_acf_changed":false,"_price":"","_stock":"","_tribe_ticket_header":"","_tribe_default_ticket_provider":"","_tribe_ticket_capacity":"","_ticket_start_date":"","_ticket_end_date":"","_tribe_ticket_show_description":"","_tribe_ticket_show_not_going":false,"_tribe_ticket_use_global_stock":"","_tribe_ticket_global_stock_level":"","_global_stock_mode":"","_global_stock_cap":"","_tribe_rsvp_for_event":"","_tribe_ticket_going_count":"","_tribe_ticket_not_going_count":"","_tribe_tickets_list":"[]","_tribe_ticket_has_attendee_info_fields":false,"footnotes":""},"ppma_author":[78,106,111,185],"class_list":["post-5785","page","type-page","status-publish","hentry"],"acf":[],"yoast_head":"<!-- This site is optimized with the Yoast SEO plugin v27.2 - https:\/\/yoast.com\/product\/yoast-seo-wordpress\/ -->\n<title>Progetto ECOSUN - Unitus<\/title>\n<meta name=\"description\" content=\"Scopri di pi\u00f9 sui progetti di ricerca UNITUS, qui troverai pi\u00f9 informazioni sul progetto ECOSUN. Visita il sito per sapere di pi\u00f9!\" \/>\n<meta name=\"robots\" content=\"index, follow, max-snippet:-1, max-image-preview:large, max-video-preview:-1\" \/>\n<link rel=\"canonical\" href=\"https:\/\/www.unitus.it\/en\/research\/progetti-di-ricerca\/progetto-ecosun\/\" \/>\n<meta property=\"og:locale\" content=\"en_US\" \/>\n<meta property=\"og:type\" content=\"article\" \/>\n<meta property=\"og:title\" content=\"Progetto ECOSUN - Unitus\" \/>\n<meta property=\"og:description\" content=\"Scopri di pi\u00f9 sui progetti di ricerca UNITUS, qui troverai pi\u00f9 informazioni sul progetto ECOSUN. Visita il sito per sapere di pi\u00f9!\" \/>\n<meta property=\"og:url\" content=\"https:\/\/www.unitus.it\/en\/research\/progetti-di-ricerca\/progetto-ecosun\/\" \/>\n<meta property=\"og:site_name\" content=\"Unitus\" \/>\n<meta property=\"article:publisher\" content=\"https:\/\/www.facebook.com\/universitadeglistudidellatuscia\/\" \/>\n<meta property=\"article:modified_time\" content=\"2024-12-30T10:51:10+00:00\" \/>\n<meta name=\"twitter:card\" content=\"summary_large_image\" \/>\n<meta name=\"twitter:label1\" content=\"Est. reading time\" \/>\n\t<meta name=\"twitter:data1\" content=\"2 minutes\" \/>\n<!-- \/ Yoast SEO plugin. -->","yoast_head_json":{"title":"Progetto ECOSUN - Unitus","description":"Scopri di pi\u00f9 sui progetti di ricerca UNITUS, qui troverai pi\u00f9 informazioni sul progetto ECOSUN. Visita il sito per sapere di pi\u00f9!","robots":{"index":"index","follow":"follow","max-snippet":"max-snippet:-1","max-image-preview":"max-image-preview:large","max-video-preview":"max-video-preview:-1"},"canonical":"https:\/\/www.unitus.it\/en\/research\/progetti-di-ricerca\/progetto-ecosun\/","og_locale":"en_US","og_type":"article","og_title":"Progetto ECOSUN - Unitus","og_description":"Scopri di pi\u00f9 sui progetti di ricerca UNITUS, qui troverai pi\u00f9 informazioni sul progetto ECOSUN. Visita il sito per sapere di pi\u00f9!","og_url":"https:\/\/www.unitus.it\/en\/research\/progetti-di-ricerca\/progetto-ecosun\/","og_site_name":"Unitus","article_publisher":"https:\/\/www.facebook.com\/universitadeglistudidellatuscia\/","article_modified_time":"2024-12-30T10:51:10+00:00","twitter_card":"summary_large_image","twitter_misc":{"Est. reading time":"2 minutes"},"schema":{"@context":"https:\/\/schema.org","@graph":[{"@type":"WebPage","@id":"https:\/\/www.unitus.it\/en\/research\/progetti-di-ricerca\/progetto-ecosun\/","url":"https:\/\/www.unitus.it\/en\/research\/progetti-di-ricerca\/progetto-ecosun\/","name":"Progetto ECOSUN - Unitus","isPartOf":{"@id":"https:\/\/www.unitus.it\/#website"},"datePublished":"2022-05-31T22:57:39+00:00","dateModified":"2024-12-30T10:51:10+00:00","description":"Scopri di pi\u00f9 sui progetti di ricerca UNITUS, qui troverai pi\u00f9 informazioni sul progetto ECOSUN. Visita il sito per sapere di pi\u00f9!","breadcrumb":{"@id":"https:\/\/www.unitus.it\/en\/research\/progetti-di-ricerca\/progetto-ecosun\/#breadcrumb"},"inLanguage":"en-US","potentialAction":[{"@type":"ReadAction","target":["https:\/\/www.unitus.it\/en\/research\/progetti-di-ricerca\/progetto-ecosun\/"]}]},{"@type":"BreadcrumbList","@id":"https:\/\/www.unitus.it\/en\/research\/progetti-di-ricerca\/progetto-ecosun\/#breadcrumb","itemListElement":[{"@type":"ListItem","position":1,"name":"Home","item":"https:\/\/www.unitus.it\/en\/"},{"@type":"ListItem","position":2,"name":"Research","item":"https:\/\/www.unitus.it\/en\/research\/"},{"@type":"ListItem","position":3,"name":"Progetti di Ricerca","item":"https:\/\/www.unitus.it\/en\/research\/progetti-di-ricerca\/"},{"@type":"ListItem","position":4,"name":"Progetto ECOSUN"}]},{"@type":"WebSite","@id":"https:\/\/www.unitus.it\/#website","url":"https:\/\/www.unitus.it\/","name":"Unitus","description":"","publisher":{"@id":"https:\/\/www.unitus.it\/#organization"},"potentialAction":[{"@type":"SearchAction","target":{"@type":"EntryPoint","urlTemplate":"https:\/\/www.unitus.it\/?s={search_term_string}"},"query-input":{"@type":"PropertyValueSpecification","valueRequired":true,"valueName":"search_term_string"}}],"inLanguage":"en-US"},{"@type":"Organization","@id":"https:\/\/www.unitus.it\/#organization","name":"Universit\u00e0 degli Studi della Tuscia","alternateName":"Unitus","url":"https:\/\/www.unitus.it\/","logo":{"@type":"ImageObject","inLanguage":"en-US","@id":"https:\/\/www.unitus.it\/#\/schema\/logo\/image\/","url":"https:\/\/www.unitus.it\/wp-content\/uploads\/2022\/04\/unitus_marchio_2020_tagliato.png","contentUrl":"https:\/\/www.unitus.it\/wp-content\/uploads\/2022\/04\/unitus_marchio_2020_tagliato.png","width":1708,"height":660,"caption":"Universit\u00e0 degli Studi della Tuscia"},"image":{"@id":"https:\/\/www.unitus.it\/#\/schema\/logo\/image\/"},"sameAs":["https:\/\/www.facebook.com\/universitadeglistudidellatuscia\/"]}]}},"_links":{"self":[{"href":"https:\/\/www.unitus.it\/en\/wp-json\/wp\/v2\/pages\/5785","targetHints":{"allow":["GET"]}}],"collection":[{"href":"https:\/\/www.unitus.it\/en\/wp-json\/wp\/v2\/pages"}],"about":[{"href":"https:\/\/www.unitus.it\/en\/wp-json\/wp\/v2\/types\/page"}],"author":[{"embeddable":true,"href":"https:\/\/www.unitus.it\/en\/wp-json\/wp\/v2\/users\/34"}],"replies":[{"embeddable":true,"href":"https:\/\/www.unitus.it\/en\/wp-json\/wp\/v2\/comments?post=5785"}],"version-history":[{"count":1,"href":"https:\/\/www.unitus.it\/en\/wp-json\/wp\/v2\/pages\/5785\/revisions"}],"predecessor-version":[{"id":144315,"href":"https:\/\/www.unitus.it\/en\/wp-json\/wp\/v2\/pages\/5785\/revisions\/144315"}],"up":[{"embeddable":true,"href":"https:\/\/www.unitus.it\/en\/wp-json\/wp\/v2\/pages\/5652"}],"wp:attachment":[{"href":"https:\/\/www.unitus.it\/en\/wp-json\/wp\/v2\/media?parent=5785"}],"wp:term":[{"taxonomy":"author","embeddable":true,"href":"https:\/\/www.unitus.it\/en\/wp-json\/wp\/v2\/ppma_author?post=5785"}],"curies":[{"name":"wp","href":"https:\/\/api.w.org\/{rel}","templated":true}]}}