{"id":5782,"date":"2022-06-01T00:57:39","date_gmt":"2022-05-31T22:57:39","guid":{"rendered":"https:\/\/unitusweb.azurewebsites.net\/ricerca\/progetti-di-ricerca-2\/progetto-limone\/"},"modified":"2023-11-17T17:26:10","modified_gmt":"2023-11-17T16:26:10","slug":"progetto-limone","status":"publish","type":"page","link":"https:\/\/www.unitus.it\/en\/research\/progetti-di-ricerca\/progetto-limone\/","title":{"rendered":"Progetto LIMONE"},"content":{"rendered":"<p><img loading=\"lazy\" decoding=\"async\" class=\"alignnone  wp-image-31162\" src=\"\/wp-content\/uploads\/2023\/11\/barra-loghi-por-300x69.png\" alt=\"\" width=\"1000\" height=\"230\" srcset=\"https:\/\/www.unitus.it\/wp-content\/uploads\/2023\/11\/barra-loghi-por-300x69.png 300w, https:\/\/www.unitus.it\/wp-content\/uploads\/2023\/11\/barra-loghi-por.png 498w\" sizes=\"auto, (max-width: 1000px) 100vw, 1000px\" \/><\/p>\n<p>Domanda n. PROT A0375-2020-36730<\/p>\n<h2><strong>\u201cNanoparticelle lipidiche per raggiungere il motoneurone&#8221;<\/strong><\/h2>\n<p>&nbsp;<\/p>\n<p><b>ABSTRACT<\/b><\/p>\n<p>L\u2019atrofia muscolare spinale (SMA) \u00e8 una malattia genetica caratterizzata da degenerazione dei motoneuroni del midollo spinale, con conseguente atrofia progressiva dei muscoli di arti, tronco e apparato respiratorio.<\/p>\n<p>Principale causa genetica di mortalit\u00e0 infantile, colpisce 1 individuo su 10.000.<\/p>\n<p>Uno dei farmaci attualmente in uso per trattare la SMA \u00e8 il <b>Nusinersen<\/b> (primo farmaco approvato per il trattamento della SMA, nel 2016).<\/p>\n<p>Il farmaco \u00e8 somministrato per via intratecale perch\u00e9 non in grado di attraversare la barriera ematoencefalica (BEE); in aggiunta agli effetti collaterali dovuti alla modalit\u00e0 di somministrazione, pu\u00f2 comportare trombocitopenia, tossicit\u00e0 renale e idrocefalo.<\/p>\n<p><b>Limone<\/b> si propone di sviluppare nanoparticelle lipidiche (liposomi) in grado di incapsulare il Nusinersen e veicolarlo ai motoneuroni (MN) attraversando la BEE. La realizzazione di questi sistemi consentirebbe una modalit\u00e0 di somministrazione meno invasiva per il paziente e meno onerosa per il sistema sanitario.<\/p>\n<p>In seguito ai risultati del progetto <b>LIPOBARR<\/b> (Gruppi di Ricerca 2018) che riguardano lo sviluppo di liposomi in grado di attraversare un modello di BEE, il progetto mira ad attribuire agli stessi specificit\u00e0 per il MN, elemento che costituir\u00e0 una notevole implementazione della formulazione e delle possibilit\u00e0 d&#8217;uso del Nusinersen.<\/p>\n<p>&nbsp;<\/p>\n<p>CUP: B55F20001990002<\/p>\n<p>Contributo concesso: \u20ac 149.689,00<\/p>\n<p>Responsabile scientifico: Stefano Borocci, DIBAF<\/p>\n<p>&nbsp;<\/p>\n<p><b>PARTNER<\/b><\/p>\n<ul>\n<li aria-level=\"1\"><i>CNR-ISB<\/i> (Capofila): <a href=\"http:\/\/www.isb.cnr.it\/test2\/index.php\/personal-page\/?id=12\">Francesca Ceccacci<\/a><b>, <\/b><a href=\"http:\/\/www.isb.cnr.it\/test2\/index.php\/personal-page\/?id=32\">Giovanna Mancini<\/a><b>,\u00a0<\/b><\/li>\n<li aria-level=\"1\"><i>CNR-IBBC:<\/i> <a href=\"http:\/\/www.ibbc.cnr.it\/researchers\/maria-laura-falchetti\/\">Maria Laura Falchetti<\/a><b>,\u00a0\u00a0<\/b><\/li>\n<li aria-level=\"1\"><i>CNR-NANOTEC:<\/i> Valentina Arima<\/li>\n<li aria-level=\"1\"><i>Universit\u00e0 di Roma \u201cLa Sapienza\u201d-Dipartimento di Chimica:<\/i> <a href=\"https:\/\/www.chem.uniroma1.it\/dipartimento\/persone\/anita-scipioni\">Anita Scipioni<\/a><\/li>\n<\/ul>\n<p>&nbsp;<\/p>\n<p><a id=\"m_7296648110133852784m_8799715685702868782m_8208532814120520118LPImageAnchor996662\" href=\"http:\/\/www.europa.eu\/\" target=\"_blank\" rel=\"noopener\" data-saferedirecturl=\"https:\/\/www.google.com\/url?q=http:\/\/www.europa.eu\/&amp;source=gmail&amp;ust=1700215492803000&amp;usg=AOvVaw2xhldNsED7Sk0ijJPpHQFw\"><img loading=\"lazy\" decoding=\"async\" id=\"m_7296648110133852784m_8799715685702868782m_8208532814120520118LPThumbnailImageId996662\" class=\"CToWUd alignleft\" src=\"https:\/\/ci6.googleusercontent.com\/proxy\/0W7_gZogzWFcNRL5U-YMQH0KEBYYFA6R6xrwQ6NYwSHL7kBj3yMdWLrIdm1NOZxQQbyMzFEGUXIda-_g6Mjp58llePlgl5utRDwfC3V6JTI-zU2di2fQLnEK5z5-3sqbfkuQ3ss6hyMpYfbbUA-jMxZW2iRH5s61Aml5WWF1Mb7om8AjN7igdQec0ueA5dNZSpYTIg=s0-d-e1-ft#https:\/\/european-union.europa.eu\/sites\/default\/files\/styles\/ewcms_metatag_image\/public\/2022-04\/european%20flag.png?itok=AeMZD1mC\" alt=\"\" width=\"240\" height=\"159\" data-bit=\"iit\" \/><\/a> <a href=\"https:\/\/european-union.europa.eu\/select-language?destination=\/node\/1\">Your gateway to the EU, News, Highlights<\/a> | European Union<br \/>\nDiscover how the EU functions, its principles, priorities; find out about its history and member countries; learn about its legal basis and your EU rights.<br \/>\n<a href=\"http:\/\/www.europa.eu\">www.europa.eu<\/a><\/p>\n","protected":false},"excerpt":{"rendered":"<p>Domanda n. PROT A0375-2020-36730 \u201cNanoparticelle lipidiche per raggiungere il motoneurone&#8221; &nbsp; ABSTRACT L\u2019atrofia muscolare spinale (SMA) \u00e8 una malattia genetica caratterizzata da degenerazione dei motoneuroni del midollo spinale, con conseguente [&hellip;]<\/p>\n","protected":false},"author":1,"featured_media":0,"parent":5652,"menu_order":0,"comment_status":"closed","ping_status":"closed","template":"","meta":{"_acf_changed":false,"_price":"","_stock":"","_tribe_ticket_header":"","_tribe_default_ticket_provider":"","_tribe_ticket_capacity":"","_ticket_start_date":"","_ticket_end_date":"","_tribe_ticket_show_description":"","_tribe_ticket_show_not_going":false,"_tribe_ticket_use_global_stock":"","_tribe_ticket_global_stock_level":"","_global_stock_mode":"","_global_stock_cap":"","_tribe_rsvp_for_event":"","_tribe_ticket_going_count":"","_tribe_ticket_not_going_count":"","_tribe_tickets_list":"[]","_tribe_ticket_has_attendee_info_fields":false,"footnotes":""},"ppma_author":[86],"class_list":["post-5782","page","type-page","status-publish","hentry"],"acf":[],"yoast_head":"<!-- This site is optimized with the Yoast SEO plugin v27.3 - https:\/\/yoast.com\/product\/yoast-seo-wordpress\/ -->\n<title>Progetto LIMONE - Unitus<\/title>\n<meta name=\"description\" content=\"Scopri i progetti di ricerca in UNITUS, qui trovi tutte le info sul progetto LIMONE. Visita il sito per sapere di pi\u00f9!\" \/>\n<meta name=\"robots\" content=\"index, follow, max-snippet:-1, max-image-preview:large, max-video-preview:-1\" \/>\n<link rel=\"canonical\" href=\"https:\/\/www.unitus.it\/ricerca\/progetti-di-ricerca\/progetto-limone\/\" \/>\n<meta property=\"og:locale\" content=\"en_US\" \/>\n<meta property=\"og:type\" content=\"article\" \/>\n<meta property=\"og:title\" content=\"Progetto LIMONE - Unitus\" \/>\n<meta property=\"og:description\" content=\"Scopri i progetti di ricerca in UNITUS, qui trovi tutte le info sul progetto LIMONE. Visita il sito per sapere di pi\u00f9!\" \/>\n<meta property=\"og:url\" content=\"https:\/\/www.unitus.it\/ricerca\/progetti-di-ricerca\/progetto-limone\/\" \/>\n<meta property=\"og:site_name\" content=\"Unitus\" \/>\n<meta property=\"article:publisher\" content=\"https:\/\/www.facebook.com\/universitadeglistudidellatuscia\/\" \/>\n<meta property=\"article:modified_time\" content=\"2023-11-17T16:26:10+00:00\" \/>\n<meta property=\"og:image\" content=\"https:\/\/ci6.googleusercontent.com\/proxy\/0W7_gZogzWFcNRL5U-YMQH0KEBYYFA6R6xrwQ6NYwSHL7kBj3yMdWLrIdm1NOZxQQbyMzFEGUXIda-_g6Mjp58llePlgl5utRDwfC3V6JTI-zU2di2fQLnEK5z5-3sqbfkuQ3ss6hyMpYfbbUA-jMxZW2iRH5s61Aml5WWF1Mb7om8AjN7igdQec0ueA5dNZSpYTIg=s0-d-e1-ft#https:\/\/european-union.europa.eu\/sites\/default\/files\/styles\/ewcms_metatag_image\/public\/2022-04\/european%20flag.png?itok=AeMZD1mC\" \/>\n<meta name=\"twitter:card\" content=\"summary_large_image\" \/>\n<meta name=\"twitter:label1\" content=\"Est. reading time\" \/>\n\t<meta name=\"twitter:data1\" content=\"2 minutes\" \/>\n<!-- \/ Yoast SEO plugin. -->","yoast_head_json":{"title":"Progetto LIMONE - Unitus","description":"Scopri i progetti di ricerca in UNITUS, qui trovi tutte le info sul progetto LIMONE. Visita il sito per sapere di pi\u00f9!","robots":{"index":"index","follow":"follow","max-snippet":"max-snippet:-1","max-image-preview":"max-image-preview:large","max-video-preview":"max-video-preview:-1"},"canonical":"https:\/\/www.unitus.it\/ricerca\/progetti-di-ricerca\/progetto-limone\/","og_locale":"en_US","og_type":"article","og_title":"Progetto LIMONE - Unitus","og_description":"Scopri i progetti di ricerca in UNITUS, qui trovi tutte le info sul progetto LIMONE. Visita il sito per sapere di pi\u00f9!","og_url":"https:\/\/www.unitus.it\/ricerca\/progetti-di-ricerca\/progetto-limone\/","og_site_name":"Unitus","article_publisher":"https:\/\/www.facebook.com\/universitadeglistudidellatuscia\/","article_modified_time":"2023-11-17T16:26:10+00:00","og_image":[{"url":"https:\/\/ci6.googleusercontent.com\/proxy\/0W7_gZogzWFcNRL5U-YMQH0KEBYYFA6R6xrwQ6NYwSHL7kBj3yMdWLrIdm1NOZxQQbyMzFEGUXIda-_g6Mjp58llePlgl5utRDwfC3V6JTI-zU2di2fQLnEK5z5-3sqbfkuQ3ss6hyMpYfbbUA-jMxZW2iRH5s61Aml5WWF1Mb7om8AjN7igdQec0ueA5dNZSpYTIg=s0-d-e1-ft#https:\/\/european-union.europa.eu\/sites\/default\/files\/styles\/ewcms_metatag_image\/public\/2022-04\/european%20flag.png?itok=AeMZD1mC","type":"","width":"","height":""}],"twitter_card":"summary_large_image","twitter_misc":{"Est. reading time":"2 minutes"},"schema":{"@context":"https:\/\/schema.org","@graph":[{"@type":"WebPage","@id":"https:\/\/www.unitus.it\/ricerca\/progetti-di-ricerca\/progetto-limone\/","url":"https:\/\/www.unitus.it\/ricerca\/progetti-di-ricerca\/progetto-limone\/","name":"Progetto LIMONE - Unitus","isPartOf":{"@id":"https:\/\/www.unitus.it\/#website"},"primaryImageOfPage":{"@id":"https:\/\/www.unitus.it\/ricerca\/progetti-di-ricerca\/progetto-limone\/#primaryimage"},"image":{"@id":"https:\/\/www.unitus.it\/ricerca\/progetti-di-ricerca\/progetto-limone\/#primaryimage"},"thumbnailUrl":"https:\/\/ci6.googleusercontent.com\/proxy\/0W7_gZogzWFcNRL5U-YMQH0KEBYYFA6R6xrwQ6NYwSHL7kBj3yMdWLrIdm1NOZxQQbyMzFEGUXIda-_g6Mjp58llePlgl5utRDwfC3V6JTI-zU2di2fQLnEK5z5-3sqbfkuQ3ss6hyMpYfbbUA-jMxZW2iRH5s61Aml5WWF1Mb7om8AjN7igdQec0ueA5dNZSpYTIg=s0-d-e1-ft#https:\/\/european-union.europa.eu\/sites\/default\/files\/styles\/ewcms_metatag_image\/public\/2022-04\/european%20flag.png?itok=AeMZD1mC","datePublished":"2022-05-31T22:57:39+00:00","dateModified":"2023-11-17T16:26:10+00:00","description":"Scopri i progetti di ricerca in UNITUS, qui trovi tutte le info sul progetto LIMONE. Visita il sito per sapere di pi\u00f9!","breadcrumb":{"@id":"https:\/\/www.unitus.it\/ricerca\/progetti-di-ricerca\/progetto-limone\/#breadcrumb"},"inLanguage":"en-US","potentialAction":[{"@type":"ReadAction","target":["https:\/\/www.unitus.it\/ricerca\/progetti-di-ricerca\/progetto-limone\/"]}]},{"@type":"ImageObject","inLanguage":"en-US","@id":"https:\/\/www.unitus.it\/ricerca\/progetti-di-ricerca\/progetto-limone\/#primaryimage","url":"https:\/\/ci6.googleusercontent.com\/proxy\/0W7_gZogzWFcNRL5U-YMQH0KEBYYFA6R6xrwQ6NYwSHL7kBj3yMdWLrIdm1NOZxQQbyMzFEGUXIda-_g6Mjp58llePlgl5utRDwfC3V6JTI-zU2di2fQLnEK5z5-3sqbfkuQ3ss6hyMpYfbbUA-jMxZW2iRH5s61Aml5WWF1Mb7om8AjN7igdQec0ueA5dNZSpYTIg=s0-d-e1-ft#https:\/\/european-union.europa.eu\/sites\/default\/files\/styles\/ewcms_metatag_image\/public\/2022-04\/european%20flag.png?itok=AeMZD1mC","contentUrl":"https:\/\/ci6.googleusercontent.com\/proxy\/0W7_gZogzWFcNRL5U-YMQH0KEBYYFA6R6xrwQ6NYwSHL7kBj3yMdWLrIdm1NOZxQQbyMzFEGUXIda-_g6Mjp58llePlgl5utRDwfC3V6JTI-zU2di2fQLnEK5z5-3sqbfkuQ3ss6hyMpYfbbUA-jMxZW2iRH5s61Aml5WWF1Mb7om8AjN7igdQec0ueA5dNZSpYTIg=s0-d-e1-ft#https:\/\/european-union.europa.eu\/sites\/default\/files\/styles\/ewcms_metatag_image\/public\/2022-04\/european%20flag.png?itok=AeMZD1mC"},{"@type":"BreadcrumbList","@id":"https:\/\/www.unitus.it\/ricerca\/progetti-di-ricerca\/progetto-limone\/#breadcrumb","itemListElement":[{"@type":"ListItem","position":1,"name":"Home","item":"https:\/\/www.unitus.it\/en\/"},{"@type":"ListItem","position":2,"name":"Research","item":"https:\/\/www.unitus.it\/en\/research\/"},{"@type":"ListItem","position":3,"name":"Progetti di Ricerca","item":"https:\/\/www.unitus.it\/en\/research\/progetti-di-ricerca\/"},{"@type":"ListItem","position":4,"name":"Progetto LIMONE"}]},{"@type":"WebSite","@id":"https:\/\/www.unitus.it\/#website","url":"https:\/\/www.unitus.it\/","name":"Unitus","description":"","publisher":{"@id":"https:\/\/www.unitus.it\/#organization"},"potentialAction":[{"@type":"SearchAction","target":{"@type":"EntryPoint","urlTemplate":"https:\/\/www.unitus.it\/?s={search_term_string}"},"query-input":{"@type":"PropertyValueSpecification","valueRequired":true,"valueName":"search_term_string"}}],"inLanguage":"en-US"},{"@type":"Organization","@id":"https:\/\/www.unitus.it\/#organization","name":"Universit\u00e0 degli Studi della Tuscia","alternateName":"Unitus","url":"https:\/\/www.unitus.it\/","logo":{"@type":"ImageObject","inLanguage":"en-US","@id":"https:\/\/www.unitus.it\/#\/schema\/logo\/image\/","url":"https:\/\/www.unitus.it\/wp-content\/uploads\/2022\/04\/unitus_marchio_2020_tagliato.png","contentUrl":"https:\/\/www.unitus.it\/wp-content\/uploads\/2022\/04\/unitus_marchio_2020_tagliato.png","width":1708,"height":660,"caption":"Universit\u00e0 degli Studi della Tuscia"},"image":{"@id":"https:\/\/www.unitus.it\/#\/schema\/logo\/image\/"},"sameAs":["https:\/\/www.facebook.com\/universitadeglistudidellatuscia\/"]}]}},"_links":{"self":[{"href":"https:\/\/www.unitus.it\/en\/wp-json\/wp\/v2\/pages\/5782","targetHints":{"allow":["GET"]}}],"collection":[{"href":"https:\/\/www.unitus.it\/en\/wp-json\/wp\/v2\/pages"}],"about":[{"href":"https:\/\/www.unitus.it\/en\/wp-json\/wp\/v2\/types\/page"}],"author":[{"embeddable":true,"href":"https:\/\/www.unitus.it\/en\/wp-json\/wp\/v2\/users\/1"}],"replies":[{"embeddable":true,"href":"https:\/\/www.unitus.it\/en\/wp-json\/wp\/v2\/comments?post=5782"}],"version-history":[{"count":0,"href":"https:\/\/www.unitus.it\/en\/wp-json\/wp\/v2\/pages\/5782\/revisions"}],"up":[{"embeddable":true,"href":"https:\/\/www.unitus.it\/en\/wp-json\/wp\/v2\/pages\/5652"}],"wp:attachment":[{"href":"https:\/\/www.unitus.it\/en\/wp-json\/wp\/v2\/media?parent=5782"}],"wp:term":[{"taxonomy":"author","embeddable":true,"href":"https:\/\/www.unitus.it\/en\/wp-json\/wp\/v2\/ppma_author?post=5782"}],"curies":[{"name":"wp","href":"https:\/\/api.w.org\/{rel}","templated":true}]}}