{"id":5684,"date":"2022-06-01T00:57:39","date_gmt":"2022-05-31T22:57:39","guid":{"rendered":"https:\/\/unitusweb.azurewebsites.net\/ateneo\/organi-di-ateneo\/comitato-per-lo-sport-universitario\/"},"modified":"2026-03-27T13:01:26","modified_gmt":"2026-03-27T12:01:26","slug":"comitato-per-lo-sport-universitario","status":"publish","type":"page","link":"https:\/\/www.unitus.it\/en\/ateneo\/university-organs\/comitato-per-lo-sport-universitario\/","title":{"rendered":"University Sports Committee"},"content":{"rendered":"<div class=\"flex flex-col text-sm pb-25\">\n<section class=\"text-token-text-primary w-full focus:outline-none [--shadow-height:45px] has-data-writing-block:pointer-events-none has-data-writing-block:-mt-(--shadow-height) has-data-writing-block:pt-(--shadow-height) [&amp;:has([data-writing-block])&gt;*]:pointer-events-auto scroll-mt-[calc(var(--header-height)+min(200px,max(70px,20svh)))]\" dir=\"auto\" data-turn-id=\"request-69bd42f3-1b50-8334-89d3-d2a4e804d1b6-6\" data-testid=\"conversation-turn-26\" data-scroll-anchor=\"true\" data-turn=\"assistant\">\n<div class=\"text-base my-auto mx-auto pb-10 [--thread-content-margin:var(--thread-content-margin-xs,calc(var(--spacing)*4))] @w-sm\/main:[--thread-content-margin:var(--thread-content-margin-sm,calc(var(--spacing)*6))] @w-lg\/main:[--thread-content-margin:var(--thread-content-margin-lg,calc(var(--spacing)*16))] px-(--thread-content-margin)\">\n<div class=\"[--thread-content-max-width:40rem] @w-lg\/main:[--thread-content-max-width:48rem] mx-auto max-w-(--thread-content-max-width) flex-1 group\/turn-messages focus-visible:outline-hidden relative flex w-full min-w-0 flex-col agent-turn\">\n<div class=\"flex max-w-full flex-col gap-4 grow\">\n<div class=\"min-h-8 text-message relative flex w-full flex-col items-end gap-2 text-start break-words whitespace-normal outline-none keyboard-focused:focus-ring [.text-message+&amp;]:mt-1\" dir=\"auto\" tabindex=\"0\" data-message-author-role=\"assistant\" data-message-id=\"84a50eb4-935d-4e20-9636-13279b564798\" data-message-model-slug=\"gpt-5-3\" data-turn-start-message=\"true\">\n<div class=\"flex w-full flex-col gap-1 empty:hidden\">\n<div class=\"markdown prose dark:prose-invert w-full wrap-break-word light markdown-new-styling\">\n<h3 data-section-id=\"1d5vuqw\" data-start=\"37\" data-end=\"81\">What is the University Sports Committee?<\/h3>\n<p data-start=\"83\" data-end=\"411\">The University Sports Committee coordinates sports activities for the benefit of the university community and oversees the management guidelines of sports facilities, as well as the development and promotion programmes for recreational and competitive sports activities, in collaboration with the University Sports Centre (CUS).<\/p>\n<h3 data-section-id=\"1rnd82q\" data-start=\"413\" data-end=\"436\">How is it composed?<\/h3>\n<p data-start=\"438\" data-end=\"605\">For the academic two-year period 2024\/2025\u20132025\/2026, the Committee is composed as follows (Rector\u2019s Decree no. 630 of 13 December 2024 and no. 23 of 14 January 2026).<\/p>\n<p data-start=\"607\" data-end=\"689\">Student representatives were appointed by Rector\u2019s Decree no. 2 of 7 January 2026.<\/p>\n<h3 data-section-id=\"1n6m4x1\" data-start=\"691\" data-end=\"702\">Members<\/h3>\n<p data-start=\"704\" data-end=\"790\">Chair: <strong data-start=\"711\" data-end=\"736\">Prof. Tiziana LAURETI<\/strong> | Rector (Ministerial Decree no. 482 of 24 July 2025)<\/p>\n<ul data-start=\"792\" data-end=\"1104\">\n<li data-section-id=\"2qngnk\" data-start=\"792\" data-end=\"852\"><strong data-start=\"794\" data-end=\"823\">Prof. Riccardo Massantini<\/strong> | Member appointed by CUSI<\/li>\n<li data-section-id=\"ii39tc\" data-start=\"853\" data-end=\"908\"><strong data-start=\"855\" data-end=\"879\">Mr. Maurizio Merlani<\/strong> | Member appointed by CUSI<\/li>\n<li data-section-id=\"41pvqz\" data-start=\"909\" data-end=\"964\"><strong data-start=\"911\" data-end=\"937\">Mr. Lorenzo Pellegrini<\/strong> | Student representative<\/li>\n<li data-section-id=\"yqoweg\" data-start=\"965\" data-end=\"1020\"><strong data-start=\"967\" data-end=\"993\">Ms. Emanuela Calabrese<\/strong> | Student representative<\/li>\n<li data-section-id=\"176pchl\" data-start=\"1021\" data-end=\"1104\"><strong data-start=\"1023\" data-end=\"1055\">Lawyer Alessandra Moscatelli<\/strong> | Director General, member acting as Secretary<\/li>\n<\/ul>\n<h3 data-section-id=\"1ylc5tr\" data-start=\"1106\" data-end=\"1155\">Website of the University Sports Centre (CUS)<\/h3>\n<hr data-start=\"1157\" data-end=\"1162\" \/>\n<\/div>\n<\/div>\n<\/div>\n<\/div>\n<div class=\"z-0 flex min-h-[46px] justify-start\"><\/div>\n<div class=\"mt-3 w-full empty:hidden\">\n<div class=\"text-center\"><\/div>\n<\/div>\n<\/div>\n<\/div>\n<\/section>\n<\/div>\n<div class=\"pointer-events-none h-px w-px absolute bottom-0\" aria-hidden=\"true\" data-edge=\"true\"><\/div>\n<p>&nbsp;<\/p>\n","protected":false},"excerpt":{"rendered":"<p>What is the University Sports Committee? The University Sports Committee coordinates sports activities for the benefit of the university community and oversees the management guidelines of sports facilities, as well [&hellip;]<\/p>\n","protected":false},"author":11,"featured_media":0,"parent":5222,"menu_order":12,"comment_status":"closed","ping_status":"closed","template":"","meta":{"_acf_changed":false,"_price":"","_stock":"","_tribe_ticket_header":"","_tribe_default_ticket_provider":"","_tribe_ticket_capacity":"","_ticket_start_date":"","_ticket_end_date":"","_tribe_ticket_show_description":"","_tribe_ticket_show_not_going":false,"_tribe_ticket_use_global_stock":"","_tribe_ticket_global_stock_level":"","_global_stock_mode":"","_global_stock_cap":"","_tribe_rsvp_for_event":"","_tribe_ticket_going_count":"","_tribe_ticket_not_going_count":"","_tribe_tickets_list":"[]","_tribe_ticket_has_attendee_info_fields":false,"footnotes":""},"ppma_author":[86,305],"class_list":["post-5684","page","type-page","status-publish","hentry"],"acf":[],"yoast_head":"<!-- This site is optimized with the Yoast SEO plugin v27.3 - https:\/\/yoast.com\/product\/yoast-seo-wordpress\/ -->\n<title>University Sports Committee - Unitus<\/title>\n<meta name=\"description\" content=\"Il CUS coordina le attivit\u00e0 sportive a vantaggio della comunit\u00e0 universitaria. Gestisce gli impianti sportivi e i programmi di sviluppo e promozione delle attivit\u00e0 sportive.\" \/>\n<meta name=\"robots\" content=\"index, follow, max-snippet:-1, max-image-preview:large, max-video-preview:-1\" \/>\n<link rel=\"canonical\" href=\"https:\/\/www.unitus.it\/en\/ateneo\/university-organs\/comitato-per-lo-sport-universitario\/\" \/>\n<meta property=\"og:locale\" content=\"en_US\" \/>\n<meta property=\"og:type\" content=\"article\" \/>\n<meta property=\"og:title\" content=\"University Sports Committee - Unitus\" \/>\n<meta property=\"og:description\" content=\"Il CUS coordina le attivit\u00e0 sportive a vantaggio della comunit\u00e0 universitaria. Gestisce gli impianti sportivi e i programmi di sviluppo e promozione delle attivit\u00e0 sportive.\" \/>\n<meta property=\"og:url\" content=\"https:\/\/www.unitus.it\/en\/ateneo\/university-organs\/comitato-per-lo-sport-universitario\/\" \/>\n<meta property=\"og:site_name\" content=\"Unitus\" \/>\n<meta property=\"article:publisher\" content=\"https:\/\/www.facebook.com\/universitadeglistudidellatuscia\/\" \/>\n<meta property=\"article:modified_time\" content=\"2026-03-27T12:01:26+00:00\" \/>\n<meta name=\"twitter:card\" content=\"summary_large_image\" \/>\n<meta name=\"twitter:label1\" content=\"Est. reading time\" \/>\n\t<meta name=\"twitter:data1\" content=\"1 minute\" \/>\n<!-- \/ Yoast SEO plugin. -->","yoast_head_json":{"title":"University Sports Committee - Unitus","description":"Il CUS coordina le attivit\u00e0 sportive a vantaggio della comunit\u00e0 universitaria. Gestisce gli impianti sportivi e i programmi di sviluppo e promozione delle attivit\u00e0 sportive.","robots":{"index":"index","follow":"follow","max-snippet":"max-snippet:-1","max-image-preview":"max-image-preview:large","max-video-preview":"max-video-preview:-1"},"canonical":"https:\/\/www.unitus.it\/en\/ateneo\/university-organs\/comitato-per-lo-sport-universitario\/","og_locale":"en_US","og_type":"article","og_title":"University Sports Committee - Unitus","og_description":"Il CUS coordina le attivit\u00e0 sportive a vantaggio della comunit\u00e0 universitaria. Gestisce gli impianti sportivi e i programmi di sviluppo e promozione delle attivit\u00e0 sportive.","og_url":"https:\/\/www.unitus.it\/en\/ateneo\/university-organs\/comitato-per-lo-sport-universitario\/","og_site_name":"Unitus","article_publisher":"https:\/\/www.facebook.com\/universitadeglistudidellatuscia\/","article_modified_time":"2026-03-27T12:01:26+00:00","twitter_card":"summary_large_image","twitter_misc":{"Est. reading time":"1 minute"},"schema":{"@context":"https:\/\/schema.org","@graph":[{"@type":"WebPage","@id":"https:\/\/www.unitus.it\/en\/ateneo\/university-organs\/comitato-per-lo-sport-universitario\/","url":"https:\/\/www.unitus.it\/en\/ateneo\/university-organs\/comitato-per-lo-sport-universitario\/","name":"University Sports Committee - Unitus","isPartOf":{"@id":"https:\/\/www.unitus.it\/#website"},"datePublished":"2022-05-31T22:57:39+00:00","dateModified":"2026-03-27T12:01:26+00:00","description":"Il CUS coordina le attivit\u00e0 sportive a vantaggio della comunit\u00e0 universitaria. Gestisce gli impianti sportivi e i programmi di sviluppo e promozione delle attivit\u00e0 sportive.","breadcrumb":{"@id":"https:\/\/www.unitus.it\/en\/ateneo\/university-organs\/comitato-per-lo-sport-universitario\/#breadcrumb"},"inLanguage":"en-US","potentialAction":[{"@type":"ReadAction","target":["https:\/\/www.unitus.it\/en\/ateneo\/university-organs\/comitato-per-lo-sport-universitario\/"]}]},{"@type":"BreadcrumbList","@id":"https:\/\/www.unitus.it\/en\/ateneo\/university-organs\/comitato-per-lo-sport-universitario\/#breadcrumb","itemListElement":[{"@type":"ListItem","position":1,"name":"Home","item":"https:\/\/www.unitus.it\/en\/"},{"@type":"ListItem","position":2,"name":"University","item":"https:\/\/www.unitus.it\/en\/ateneo\/"},{"@type":"ListItem","position":3,"name":"University Organs","item":"https:\/\/www.unitus.it\/ateneo\/organi-di-ateneo\/"},{"@type":"ListItem","position":4,"name":"University Sports Committee"}]},{"@type":"WebSite","@id":"https:\/\/www.unitus.it\/#website","url":"https:\/\/www.unitus.it\/","name":"Unitus","description":"","publisher":{"@id":"https:\/\/www.unitus.it\/#organization"},"potentialAction":[{"@type":"SearchAction","target":{"@type":"EntryPoint","urlTemplate":"https:\/\/www.unitus.it\/?s={search_term_string}"},"query-input":{"@type":"PropertyValueSpecification","valueRequired":true,"valueName":"search_term_string"}}],"inLanguage":"en-US"},{"@type":"Organization","@id":"https:\/\/www.unitus.it\/#organization","name":"Universit\u00e0 degli Studi della Tuscia","alternateName":"Unitus","url":"https:\/\/www.unitus.it\/","logo":{"@type":"ImageObject","inLanguage":"en-US","@id":"https:\/\/www.unitus.it\/#\/schema\/logo\/image\/","url":"https:\/\/www.unitus.it\/wp-content\/uploads\/2022\/04\/unitus_marchio_2020_tagliato.png","contentUrl":"https:\/\/www.unitus.it\/wp-content\/uploads\/2022\/04\/unitus_marchio_2020_tagliato.png","width":1708,"height":660,"caption":"Universit\u00e0 degli Studi della Tuscia"},"image":{"@id":"https:\/\/www.unitus.it\/#\/schema\/logo\/image\/"},"sameAs":["https:\/\/www.facebook.com\/universitadeglistudidellatuscia\/"]}]}},"_links":{"self":[{"href":"https:\/\/www.unitus.it\/en\/wp-json\/wp\/v2\/pages\/5684","targetHints":{"allow":["GET"]}}],"collection":[{"href":"https:\/\/www.unitus.it\/en\/wp-json\/wp\/v2\/pages"}],"about":[{"href":"https:\/\/www.unitus.it\/en\/wp-json\/wp\/v2\/types\/page"}],"author":[{"embeddable":true,"href":"https:\/\/www.unitus.it\/en\/wp-json\/wp\/v2\/users\/11"}],"replies":[{"embeddable":true,"href":"https:\/\/www.unitus.it\/en\/wp-json\/wp\/v2\/comments?post=5684"}],"version-history":[{"count":2,"href":"https:\/\/www.unitus.it\/en\/wp-json\/wp\/v2\/pages\/5684\/revisions"}],"predecessor-version":[{"id":195428,"href":"https:\/\/www.unitus.it\/en\/wp-json\/wp\/v2\/pages\/5684\/revisions\/195428"}],"up":[{"embeddable":true,"href":"https:\/\/www.unitus.it\/en\/wp-json\/wp\/v2\/pages\/5222"}],"wp:attachment":[{"href":"https:\/\/www.unitus.it\/en\/wp-json\/wp\/v2\/media?parent=5684"}],"wp:term":[{"taxonomy":"author","embeddable":true,"href":"https:\/\/www.unitus.it\/en\/wp-json\/wp\/v2\/ppma_author?post=5684"}],"curies":[{"name":"wp","href":"https:\/\/api.w.org\/{rel}","templated":true}]}}