{"id":5245,"date":"2022-11-04T10:57:22","date_gmt":"2022-11-04T09:57:22","guid":{"rendered":"https:\/\/unitusweb.azurewebsites.net\/laboratorio-di-lingua-greca-l1-l10\/"},"modified":"2024-12-18T14:52:23","modified_gmt":"2024-12-18T13:52:23","slug":"laboratorio-di-lingua-greca-l1-l10","status":"publish","type":"page","link":"https:\/\/www.unitus.it\/en\/departments\/disucom\/didactics\/laboratori-didattici-disucom\/laboratorio-di-lingua-greca-l1-l10\/","title":{"rendered":"Laboratorio di Lingua Greca L1, L10, LM14"},"content":{"rendered":"<p>Responsabile: Dino De Sanctis (dinodesanctis@unitus.it)<\/p>\n<p>A chi \u00e8 rivolto: studenti dei corsi di laurea L1, L10, LM14<br \/>\nCarico didattico: 36 ore lezioni frontali (con esercitazioni in classe e individuali)<br \/>\nDurata: primo semestre<br \/>\nCFU:6 CFU riconosciuti per i corsi LM14. Gli studenti del corso\u00a0 L10 possono partecipare senza riconoscimento crediti.<\/p>\n<p><strong>Inizio lezioni:<\/strong><\/p>\n<p>Il laboratorio di Lingua e Cultura greca \u00e8 pensato per gli studenti che desiderano, nell\u2019ambito del percorso di studi universitario, entrare in contatto in modo diretto e consapevole con la civilt\u00e0 greca e con i testi della letteratura greca. \u00c8 dunque rivolto non solo a chi abbia gi\u00e0 studiato la lingua greca nella scuola secondaria, e intenda approfondirne la<br \/>\nconoscenza, ma anche a coloro che per la prima voltano si confrontino con l\u2019alfabeto greco. Nelle lezioni del laboratorio saranno esaminati, con la partecipazione attiva degli studenti, i principali aspetti del greco classico, sul piano lessicale, morfologico e sintattico, con l\u2019obiettivo di consentire un apprendimento sintetico della lingua a partire dai testi con particolare attenzione ad aspetti della cultura greca che dai testi emergono. Nello studio del lessico, sar\u00e0 privilegiato il metodo etimologico, con un\u2019attenzione particolare alle radici di uso pi\u00f9 comune, selezionate mediante un repertorio di tavole frequenziali e combinate con prefissi e suffissi specifici, per la formazione delle parole.<br \/>\nSaranno cos\u00ec messi in evidenza gli elementi linguistici chiave per una comprensione piena e consapevole dei passi analizzati durante il corso di Letteratura greca, rispetto al quale il Laboratorio si propone come propedeutico. I testi saranno lo strumento privilegiato a partire dal quale si esamineranno, in una prospettiva induttiva, gli elementi fondamentali della grammatica e della civilt\u00e0 greca, con l\u2019ausilio del volume di Maurice George Balme, Gilbert Lawall e Luigi Miraglia, Ath\u00e8naze. Introduzione al greco antico (Edizioni Accademia Vivarium Novum, Avellino 2009) e di strumenti informatici, quali il Thesaurus Linguae Graecae o il vocabolario Liddell-Scott-Jones online.<br \/>\nLe nozioni acquisite potranno essere consolidate anche tramite l\u2019ausilio di una grammatica suggerita dalla docente, sul modello di Rachele Pierini, Renzo Tosi, Capire il greco (P\u00e0tron, Eikasmos Sussidi, Bologna 2014).<\/p>\n<p>L\u2019obiettivo primario che il corso si propone \u00e8 consentire a tutti gli studenti, attraverso l\u2019attivit\u00e0 di laboratorio, l\u2019accesso ai testi analizzati durante le lezioni di Letteratura greca. La presenza \u00e8 per questo caldamente consigliata, seppur non obbligatoria. Al termine, gli studenti potranno offrire un esempio di traduzione di un breve testo di poesia o prosa a loro scelta,<br \/>\naccompagnata da un sintetico commento su aspetti linguistici e di contenuto.<\/p>\n","protected":false},"excerpt":{"rendered":"<p>Responsabile: Dino De Sanctis (dinodesanctis@unitus.it) A chi \u00e8 rivolto: studenti dei corsi di laurea L1, L10, LM14 Carico didattico: 36 ore lezioni frontali (con esercitazioni in classe e individuali) Durata: [&hellip;]<\/p>\n","protected":false},"author":1,"featured_media":0,"parent":9232,"menu_order":15,"comment_status":"closed","ping_status":"closed","template":"","meta":{"_acf_changed":false,"_price":"","_stock":"","_tribe_ticket_header":"","_tribe_default_ticket_provider":"","_tribe_ticket_capacity":"","_ticket_start_date":"","_ticket_end_date":"","_tribe_ticket_show_description":"","_tribe_ticket_show_not_going":false,"_tribe_ticket_use_global_stock":"","_tribe_ticket_global_stock_level":"","_global_stock_mode":"","_global_stock_cap":"","_tribe_rsvp_for_event":"","_tribe_ticket_going_count":"","_tribe_ticket_not_going_count":"","_tribe_tickets_list":"[]","_tribe_ticket_has_attendee_info_fields":false,"footnotes":""},"ppma_author":[73,96],"class_list":["post-5245","page","type-page","status-publish","hentry"],"acf":[],"yoast_head":"<!-- This site is optimized with the Yoast SEO plugin v27.3 - https:\/\/yoast.com\/product\/yoast-seo-wordpress\/ -->\n<title>Laboratorio di Lingua Greca L1, L10, LM14 - Unitus<\/title>\n<meta name=\"description\" content=\"Scopri il laboratorio di Lingua Greca, rivolto a tutti coloro che desiderano entrare in contatto con la letteratura e la civilt\u00e0 greca.\" \/>\n<meta name=\"robots\" content=\"index, follow, max-snippet:-1, max-image-preview:large, max-video-preview:-1\" \/>\n<link rel=\"canonical\" href=\"https:\/\/www.unitus.it\/en\/departments\/disucom\/didactics\/laboratori-didattici-disucom\/laboratorio-di-lingua-greca-l1-l10\/\" \/>\n<meta property=\"og:locale\" content=\"en_US\" \/>\n<meta property=\"og:type\" content=\"article\" \/>\n<meta property=\"og:title\" content=\"Laboratorio di Lingua Greca L1, L10, LM14 - Unitus\" \/>\n<meta property=\"og:description\" content=\"Scopri il laboratorio di Lingua Greca, rivolto a tutti coloro che desiderano entrare in contatto con la letteratura e la civilt\u00e0 greca.\" \/>\n<meta property=\"og:url\" content=\"https:\/\/www.unitus.it\/en\/departments\/disucom\/didactics\/laboratori-didattici-disucom\/laboratorio-di-lingua-greca-l1-l10\/\" \/>\n<meta property=\"og:site_name\" content=\"Unitus\" \/>\n<meta property=\"article:publisher\" content=\"https:\/\/www.facebook.com\/universitadeglistudidellatuscia\/\" \/>\n<meta property=\"article:modified_time\" content=\"2024-12-18T13:52:23+00:00\" \/>\n<meta name=\"twitter:card\" content=\"summary_large_image\" \/>\n<meta name=\"twitter:label1\" content=\"Est. reading time\" \/>\n\t<meta name=\"twitter:data1\" content=\"3 minutes\" \/>\n<!-- \/ Yoast SEO plugin. -->","yoast_head_json":{"title":"Laboratorio di Lingua Greca L1, L10, LM14 - Unitus","description":"Scopri il laboratorio di Lingua Greca, rivolto a tutti coloro che desiderano entrare in contatto con la letteratura e la civilt\u00e0 greca.","robots":{"index":"index","follow":"follow","max-snippet":"max-snippet:-1","max-image-preview":"max-image-preview:large","max-video-preview":"max-video-preview:-1"},"canonical":"https:\/\/www.unitus.it\/en\/departments\/disucom\/didactics\/laboratori-didattici-disucom\/laboratorio-di-lingua-greca-l1-l10\/","og_locale":"en_US","og_type":"article","og_title":"Laboratorio di Lingua Greca L1, L10, LM14 - Unitus","og_description":"Scopri il laboratorio di Lingua Greca, rivolto a tutti coloro che desiderano entrare in contatto con la letteratura e la civilt\u00e0 greca.","og_url":"https:\/\/www.unitus.it\/en\/departments\/disucom\/didactics\/laboratori-didattici-disucom\/laboratorio-di-lingua-greca-l1-l10\/","og_site_name":"Unitus","article_publisher":"https:\/\/www.facebook.com\/universitadeglistudidellatuscia\/","article_modified_time":"2024-12-18T13:52:23+00:00","twitter_card":"summary_large_image","twitter_misc":{"Est. reading time":"3 minutes"},"schema":{"@context":"https:\/\/schema.org","@graph":[{"@type":"WebPage","@id":"https:\/\/www.unitus.it\/en\/departments\/disucom\/didactics\/laboratori-didattici-disucom\/laboratorio-di-lingua-greca-l1-l10\/","url":"https:\/\/www.unitus.it\/en\/departments\/disucom\/didactics\/laboratori-didattici-disucom\/laboratorio-di-lingua-greca-l1-l10\/","name":"Laboratorio di Lingua Greca L1, L10, LM14 - Unitus","isPartOf":{"@id":"https:\/\/www.unitus.it\/#website"},"datePublished":"2022-11-04T09:57:22+00:00","dateModified":"2024-12-18T13:52:23+00:00","description":"Scopri il laboratorio di Lingua Greca, rivolto a tutti coloro che desiderano entrare in contatto con la letteratura e la civilt\u00e0 greca.","breadcrumb":{"@id":"https:\/\/www.unitus.it\/en\/departments\/disucom\/didactics\/laboratori-didattici-disucom\/laboratorio-di-lingua-greca-l1-l10\/#breadcrumb"},"inLanguage":"en-US","potentialAction":[{"@type":"ReadAction","target":["https:\/\/www.unitus.it\/en\/departments\/disucom\/didactics\/laboratori-didattici-disucom\/laboratorio-di-lingua-greca-l1-l10\/"]}]},{"@type":"BreadcrumbList","@id":"https:\/\/www.unitus.it\/en\/departments\/disucom\/didactics\/laboratori-didattici-disucom\/laboratorio-di-lingua-greca-l1-l10\/#breadcrumb","itemListElement":[{"@type":"ListItem","position":1,"name":"Home","item":"https:\/\/www.unitus.it\/en\/"},{"@type":"ListItem","position":2,"name":"Departments","item":"https:\/\/www.unitus.it\/en\/departments\/"},{"@type":"ListItem","position":3,"name":"DISUCOM","item":"https:\/\/www.unitus.it\/en\/departments\/disucom\/"},{"@type":"ListItem","position":4,"name":"Didactics","item":"https:\/\/www.unitus.it\/en\/departments\/disucom\/didactics\/"},{"@type":"ListItem","position":5,"name":"Laboratori Didattici","item":"https:\/\/www.unitus.it\/en\/departments\/disucom\/didactics\/laboratori-didattici-disucom\/"},{"@type":"ListItem","position":6,"name":"Laboratorio di Lingua Greca L1, L10, LM14"}]},{"@type":"WebSite","@id":"https:\/\/www.unitus.it\/#website","url":"https:\/\/www.unitus.it\/","name":"Unitus","description":"","publisher":{"@id":"https:\/\/www.unitus.it\/#organization"},"potentialAction":[{"@type":"SearchAction","target":{"@type":"EntryPoint","urlTemplate":"https:\/\/www.unitus.it\/?s={search_term_string}"},"query-input":{"@type":"PropertyValueSpecification","valueRequired":true,"valueName":"search_term_string"}}],"inLanguage":"en-US"},{"@type":"Organization","@id":"https:\/\/www.unitus.it\/#organization","name":"Universit\u00e0 degli Studi della Tuscia","alternateName":"Unitus","url":"https:\/\/www.unitus.it\/","logo":{"@type":"ImageObject","inLanguage":"en-US","@id":"https:\/\/www.unitus.it\/#\/schema\/logo\/image\/","url":"https:\/\/www.unitus.it\/wp-content\/uploads\/2022\/04\/unitus_marchio_2020_tagliato.png","contentUrl":"https:\/\/www.unitus.it\/wp-content\/uploads\/2022\/04\/unitus_marchio_2020_tagliato.png","width":1708,"height":660,"caption":"Universit\u00e0 degli Studi della Tuscia"},"image":{"@id":"https:\/\/www.unitus.it\/#\/schema\/logo\/image\/"},"sameAs":["https:\/\/www.facebook.com\/universitadeglistudidellatuscia\/"]}]}},"_links":{"self":[{"href":"https:\/\/www.unitus.it\/en\/wp-json\/wp\/v2\/pages\/5245","targetHints":{"allow":["GET"]}}],"collection":[{"href":"https:\/\/www.unitus.it\/en\/wp-json\/wp\/v2\/pages"}],"about":[{"href":"https:\/\/www.unitus.it\/en\/wp-json\/wp\/v2\/types\/page"}],"author":[{"embeddable":true,"href":"https:\/\/www.unitus.it\/en\/wp-json\/wp\/v2\/users\/1"}],"replies":[{"embeddable":true,"href":"https:\/\/www.unitus.it\/en\/wp-json\/wp\/v2\/comments?post=5245"}],"version-history":[{"count":1,"href":"https:\/\/www.unitus.it\/en\/wp-json\/wp\/v2\/pages\/5245\/revisions"}],"predecessor-version":[{"id":143584,"href":"https:\/\/www.unitus.it\/en\/wp-json\/wp\/v2\/pages\/5245\/revisions\/143584"}],"up":[{"embeddable":true,"href":"https:\/\/www.unitus.it\/en\/wp-json\/wp\/v2\/pages\/9232"}],"wp:attachment":[{"href":"https:\/\/www.unitus.it\/en\/wp-json\/wp\/v2\/media?parent=5245"}],"wp:term":[{"taxonomy":"author","embeddable":true,"href":"https:\/\/www.unitus.it\/en\/wp-json\/wp\/v2\/ppma_author?post=5245"}],"curies":[{"name":"wp","href":"https:\/\/api.w.org\/{rel}","templated":true}]}}