{"id":12218,"date":"2023-08-05T10:57:05","date_gmt":"2023-08-05T08:57:05","guid":{"rendered":"https:\/\/unitusweb.azurewebsites.net\/dipartimenti\/deim\/ricerca\/gruppi-centri-ricerca-deim\/tecnologia-innovazione-e-management-della-qualita\/"},"modified":"2023-08-05T10:57:05","modified_gmt":"2023-08-05T08:57:05","slug":"tecnologia-innovazione-e-management-della-qualita","status":"publish","type":"page","link":"https:\/\/www.unitus.it\/en\/departments\/deim\/research\/groups-and-research-centres\/tecnologia-innovazione-e-management-della-qualita\/","title":{"rendered":"Tecnologia, Innovazione e Management della Qualit\u00e0"},"content":{"rendered":"<p>Coordinatore: Prof. Alessandro Ruggieri<\/p>\n<p>&nbsp;<\/p>\n<p><em>in costruzione<\/em><\/p>\n","protected":false},"excerpt":{"rendered":"<p>Coordinatore: Prof. Alessandro Ruggieri &nbsp; in costruzione<\/p>\n","protected":false},"author":10,"featured_media":0,"parent":5882,"menu_order":23,"comment_status":"closed","ping_status":"closed","template":"","meta":{"_acf_changed":false,"_price":"","_stock":"","_tribe_ticket_header":"","_tribe_default_ticket_provider":"","_tribe_ticket_capacity":"","_ticket_start_date":"","_ticket_end_date":"","_tribe_ticket_show_description":"","_tribe_ticket_show_not_going":false,"_tribe_ticket_use_global_stock":"","_tribe_ticket_global_stock_level":"","_global_stock_mode":"","_global_stock_cap":"","_tribe_rsvp_for_event":"","_tribe_ticket_going_count":"","_tribe_ticket_not_going_count":"","_tribe_tickets_list":"[]","_tribe_ticket_has_attendee_info_fields":false,"footnotes":""},"ppma_author":[],"class_list":["post-12218","page","type-page","status-publish","hentry"],"acf":[],"yoast_head":"<!-- This site is optimized with the Yoast SEO plugin v27.2 - https:\/\/yoast.com\/product\/yoast-seo-wordpress\/ -->\n<title>Tecnologia, Innovazione e Management della Qualit\u00e0 - Unitus<\/title>\n<meta name=\"description\" content=\"Scopri il Gruppo di Ricerca Tecnologia, Innovazione e Management della Qualit\u00e0 del Dipartimento di Economia, Ingegneria, Societ\u00e0 ed Impresa.\" \/>\n<meta name=\"robots\" content=\"index, follow, max-snippet:-1, max-image-preview:large, max-video-preview:-1\" \/>\n<link rel=\"canonical\" href=\"https:\/\/www.unitus.it\/en\/departments\/deim\/research\/groups-and-research-centres\/tecnologia-innovazione-e-management-della-qualita\/\" \/>\n<meta property=\"og:locale\" content=\"en_US\" \/>\n<meta property=\"og:type\" content=\"article\" \/>\n<meta property=\"og:title\" content=\"Tecnologia, Innovazione e Management della Qualit\u00e0 - Unitus\" \/>\n<meta property=\"og:description\" content=\"Scopri il Gruppo di Ricerca Tecnologia, Innovazione e Management della Qualit\u00e0 del Dipartimento di Economia, Ingegneria, Societ\u00e0 ed Impresa.\" \/>\n<meta property=\"og:url\" content=\"https:\/\/www.unitus.it\/en\/departments\/deim\/research\/groups-and-research-centres\/tecnologia-innovazione-e-management-della-qualita\/\" \/>\n<meta property=\"og:site_name\" content=\"Unitus\" \/>\n<meta property=\"article:publisher\" content=\"https:\/\/www.facebook.com\/universitadeglistudidellatuscia\/\" \/>\n<meta name=\"twitter:card\" content=\"summary_large_image\" \/>\n<meta name=\"twitter:label1\" content=\"Est. reading time\" \/>\n\t<meta name=\"twitter:data1\" content=\"1 minute\" \/>\n<!-- \/ Yoast SEO plugin. -->","yoast_head_json":{"title":"Tecnologia, Innovazione e Management della Qualit\u00e0 - Unitus","description":"Scopri il Gruppo di Ricerca Tecnologia, Innovazione e Management della Qualit\u00e0 del Dipartimento di Economia, Ingegneria, Societ\u00e0 ed Impresa.","robots":{"index":"index","follow":"follow","max-snippet":"max-snippet:-1","max-image-preview":"max-image-preview:large","max-video-preview":"max-video-preview:-1"},"canonical":"https:\/\/www.unitus.it\/en\/departments\/deim\/research\/groups-and-research-centres\/tecnologia-innovazione-e-management-della-qualita\/","og_locale":"en_US","og_type":"article","og_title":"Tecnologia, Innovazione e Management della Qualit\u00e0 - Unitus","og_description":"Scopri il Gruppo di Ricerca Tecnologia, Innovazione e Management della Qualit\u00e0 del Dipartimento di Economia, Ingegneria, Societ\u00e0 ed Impresa.","og_url":"https:\/\/www.unitus.it\/en\/departments\/deim\/research\/groups-and-research-centres\/tecnologia-innovazione-e-management-della-qualita\/","og_site_name":"Unitus","article_publisher":"https:\/\/www.facebook.com\/universitadeglistudidellatuscia\/","twitter_card":"summary_large_image","twitter_misc":{"Est. reading time":"1 minute"},"schema":{"@context":"https:\/\/schema.org","@graph":[{"@type":"WebPage","@id":"https:\/\/www.unitus.it\/en\/departments\/deim\/research\/groups-and-research-centres\/tecnologia-innovazione-e-management-della-qualita\/","url":"https:\/\/www.unitus.it\/en\/departments\/deim\/research\/groups-and-research-centres\/tecnologia-innovazione-e-management-della-qualita\/","name":"Tecnologia, Innovazione e Management della Qualit\u00e0 - Unitus","isPartOf":{"@id":"https:\/\/www.unitus.it\/#website"},"datePublished":"2023-08-05T08:57:05+00:00","description":"Scopri il Gruppo di Ricerca Tecnologia, Innovazione e Management della Qualit\u00e0 del Dipartimento di Economia, Ingegneria, Societ\u00e0 ed Impresa.","breadcrumb":{"@id":"https:\/\/www.unitus.it\/en\/departments\/deim\/research\/groups-and-research-centres\/tecnologia-innovazione-e-management-della-qualita\/#breadcrumb"},"inLanguage":"en-US","potentialAction":[{"@type":"ReadAction","target":["https:\/\/www.unitus.it\/en\/departments\/deim\/research\/groups-and-research-centres\/tecnologia-innovazione-e-management-della-qualita\/"]}]},{"@type":"BreadcrumbList","@id":"https:\/\/www.unitus.it\/en\/departments\/deim\/research\/groups-and-research-centres\/tecnologia-innovazione-e-management-della-qualita\/#breadcrumb","itemListElement":[{"@type":"ListItem","position":1,"name":"Home","item":"https:\/\/www.unitus.it\/en\/"},{"@type":"ListItem","position":2,"name":"Departments","item":"https:\/\/www.unitus.it\/en\/departments\/"},{"@type":"ListItem","position":3,"name":"DEIM","item":"https:\/\/www.unitus.it\/en\/departments\/deim\/"},{"@type":"ListItem","position":4,"name":"Research","item":"https:\/\/www.unitus.it\/en\/departments\/deim\/research\/"},{"@type":"ListItem","position":5,"name":"Groups and Research Centres","item":"https:\/\/www.unitus.it\/en\/departments\/deim\/research\/groups-and-research-centres\/"},{"@type":"ListItem","position":6,"name":"Tecnologia, Innovazione e Management della Qualit\u00e0"}]},{"@type":"WebSite","@id":"https:\/\/www.unitus.it\/#website","url":"https:\/\/www.unitus.it\/","name":"Unitus","description":"","publisher":{"@id":"https:\/\/www.unitus.it\/#organization"},"potentialAction":[{"@type":"SearchAction","target":{"@type":"EntryPoint","urlTemplate":"https:\/\/www.unitus.it\/?s={search_term_string}"},"query-input":{"@type":"PropertyValueSpecification","valueRequired":true,"valueName":"search_term_string"}}],"inLanguage":"en-US"},{"@type":"Organization","@id":"https:\/\/www.unitus.it\/#organization","name":"Universit\u00e0 degli Studi della Tuscia","alternateName":"Unitus","url":"https:\/\/www.unitus.it\/","logo":{"@type":"ImageObject","inLanguage":"en-US","@id":"https:\/\/www.unitus.it\/#\/schema\/logo\/image\/","url":"https:\/\/www.unitus.it\/wp-content\/uploads\/2022\/04\/unitus_marchio_2020_tagliato.png","contentUrl":"https:\/\/www.unitus.it\/wp-content\/uploads\/2022\/04\/unitus_marchio_2020_tagliato.png","width":1708,"height":660,"caption":"Universit\u00e0 degli Studi della Tuscia"},"image":{"@id":"https:\/\/www.unitus.it\/#\/schema\/logo\/image\/"},"sameAs":["https:\/\/www.facebook.com\/universitadeglistudidellatuscia\/"]}]}},"_links":{"self":[{"href":"https:\/\/www.unitus.it\/en\/wp-json\/wp\/v2\/pages\/12218","targetHints":{"allow":["GET"]}}],"collection":[{"href":"https:\/\/www.unitus.it\/en\/wp-json\/wp\/v2\/pages"}],"about":[{"href":"https:\/\/www.unitus.it\/en\/wp-json\/wp\/v2\/types\/page"}],"author":[{"embeddable":true,"href":"https:\/\/www.unitus.it\/en\/wp-json\/wp\/v2\/users\/10"}],"replies":[{"embeddable":true,"href":"https:\/\/www.unitus.it\/en\/wp-json\/wp\/v2\/comments?post=12218"}],"version-history":[{"count":0,"href":"https:\/\/www.unitus.it\/en\/wp-json\/wp\/v2\/pages\/12218\/revisions"}],"up":[{"embeddable":true,"href":"https:\/\/www.unitus.it\/en\/wp-json\/wp\/v2\/pages\/5882"}],"wp:attachment":[{"href":"https:\/\/www.unitus.it\/en\/wp-json\/wp\/v2\/media?parent=12218"}],"wp:term":[{"taxonomy":"author","embeddable":true,"href":"https:\/\/www.unitus.it\/en\/wp-json\/wp\/v2\/ppma_author?post=12218"}],"curies":[{"name":"wp","href":"https:\/\/api.w.org\/{rel}","templated":true}]}}